{"id":7745,"date":"2021-03-12T18:23:53","date_gmt":"2021-03-12T18:23:53","guid":{"rendered":"https:\/\/demo.webmediaplus.com\/icras\/?page_id=7745"},"modified":"2021-03-12T18:23:53","modified_gmt":"2021-03-12T18:23:53","slug":"suscripciones-anuales","status":"publish","type":"page","link":"https:\/\/demo.webmediaplus.com\/icras\/suscripciones-anuales\/","title":{"rendered":"Suscripciones Anuales"},"content":{"rendered":"<section class=\"l-section wpb_row height_custom\"><div class=\"l-section-h i-cf\"><div class=\"g-cols vc_row type_default valign_top\"><div class=\"vc_col-sm-3 wpb_column vc_column_container\"><div class=\"vc_column-inner\"><div class=\"wpb_wrapper\"><\/div><\/div><\/div><div class=\"vc_col-sm-6 wpb_column vc_column_container\"><div class=\"vc_column-inner\"><div class=\"wpb_wrapper\"><div class=\"wpb_text_column\" ><div class=\"wpb_wrapper\">\n\n<div class=\"mp_wrapper\">\n  <form class=\"mepr-signup-form mepr-form\" method=\"post\" action=\"\/icras\/wp-json\/wp\/v2\/pages\/7745#mepr_jump\" enctype=\"multipart\/form-data\" novalidate>\n    <input type=\"hidden\" name=\"mepr_process_signup_form\" value=\"Y\" \/>\n    <input type=\"hidden\" name=\"mepr_product_id\" value=\"7743\" \/>\n\n    \n          <div class=\"mp-form-row mepr_bold mepr_price\">\n                <div class=\"mepr_price_cell_label\">Precio:<\/div>\n        <div class=\"mepr_price_cell\">\n          $99 por 1 A\u00f1o<input type='hidden' name='mepr_stripe_txn_amount' value='9900' \/>        <\/div>\n      <\/div>\n    \n    \n          <div class=\"mp-form-row mepr_first_name\">\n        <div class=\"mp-form-label\">\n          <label for=\"user_first_name1\">Su(s) Nombre(s):<\/label>\n          <span class=\"cc-error\">El primer nombre es obligatorio<\/span>\n        <\/div>\n        <input type=\"text\" name=\"user_first_name\" id=\"user_first_name1\" class=\"mepr-form-input\" value=\"\"  \/>\n      <\/div>\n      <div class=\"mp-form-row mepr_last_name\">\n        <div class=\"mp-form-label\">\n          <label for=\"user_last_name1\">Apellido(s):<\/label>\n          <span class=\"cc-error\">Apellido(s) Requerido(s)<\/span>\n        <\/div>\n        <input type=\"text\" name=\"user_last_name\" id=\"user_last_name1\" class=\"mepr-form-input\" value=\"\"  \/>\n      <\/div>\n    \n    \n    \n    \n          <input type=\"hidden\" class=\"mepr-geo-country\" name=\"mepr-geo-country\" value=\"\" \/>\n\n              <div class=\"mp-form-row mepr_username\">\n          <div class=\"mp-form-label\">\n            <label for=\"user_login1\">Usuario*:<\/label>\n            <span class=\"cc-error\">Nombre de Usuario Inv\u00e1lido<\/span>\n          <\/div>\n          <input type=\"text\" name=\"user_login\" id=\"user_login1\" class=\"mepr-form-input\" value=\"\" required \/>\n        <\/div>\n            <div class=\"mp-form-row mepr_email\">\n        <div class=\"mp-form-label\">\n          <label for=\"user_email1\">Email:*<\/label>\n          <span class=\"cc-error\">Email Inv\u00e1lido<\/span>\n        <\/div>\n        <input type=\"email\" name=\"user_email\" id=\"user_email1\" class=\"mepr-form-input\" value=\"\" required \/>\n      <\/div>\n                          <div class=\"mp-form-row mepr_password\">\n          <div class=\"mp-form-label\">\n            <label for=\"mepr_user_password1\">Contrase\u00f1a*:<\/label>\n            <span class=\"cc-error\">Contrase\u00f1a inv\u00e1lida<\/span>\n          <\/div>\n          <div class=\"mp-hide-pw\">\n            <input type=\"password\" name=\"mepr_user_password\" id=\"mepr_user_password1\" class=\"mepr-form-input mepr-password\" value=\"\" required \/>\n            <button type=\"button\" class=\"button mp-hide-pw hide-if-no-js\" data-toggle=\"0\" aria-label=\"Mostrar contrase\u00f1a\">\n              <span class=\"dashicons dashicons-visibility\" aria-hidden=\"true\"><\/span>\n            <\/button>\n          <\/div>\n          <\/div>\n        <div class=\"mp-form-row mepr_password_confirm\">\n          <div class=\"mp-form-label\">\n            <label for=\"mepr_user_password_confirm1\">Confirmar su Contrase\u00f1a*:<\/label>\n            <span class=\"cc-error\">Confirmaci\u00f3n de la Contrase\u00f1a no Coincide <\/span>\n          <\/div>\n          <div class=\"mp-hide-pw\">\n            <input type=\"password\" name=\"mepr_user_password_confirm\" id=\"mepr_user_password_confirm1\" class=\"mepr-form-input mepr-password-confirm\" value=\"\" required \/>\n            <button type=\"button\" class=\"button mp-hide-pw hide-if-no-js\" data-toggle=\"0\" aria-label=\"Mostrar contrase\u00f1a\">\n              <span class=\"dashicons dashicons-visibility\" aria-hidden=\"true\"><\/span>\n            <\/button>\n          <\/div>\n        <\/div>\n                          \n        \n                  <a class=\"have-coupon-link\" data-prdid=\"7743\" href=\"\">\n          \u00bfTiene un cup\u00f3n?        <\/a>\n        <div class=\"mp-form-row mepr_coupon mepr_coupon_7743 mepr-hidden\">\n          <div class=\"mp-form-label\">\n            <label for=\"mepr_coupon_code-7743\">Codigo de cup\u00f3n:<\/label>\n            <span class=\"mepr-coupon-loader mepr-hidden\">\n              <img src=\"https:\/\/demo.webmediaplus.com\/icras\/wp-includes\/js\/thickbox\/loadingAnimation.gif\" title=\"Loading icon\" alt=\"Loading icon\" width=\"100\" height=\"10\" \/>\n            <\/span>\n            <span class=\"cc-error\">C\u00f3digo de Cup\u00f3n Invalido<\/span>\n          <\/div>\n          <input type=\"text\" id=\"mepr_coupon_code-7743\" class=\"mepr-form-input mepr-coupon-code\" name=\"mepr_coupon_code\" value=\"\" data-prdid=\"7743\" \/>\n        <\/div>\n            <div class=\"mepr-payment-methods-wrapper\">\n                        <div class=\"mp-form-row mepr_payment_method-wrapper\">            <div class=\"mp-form-row mepr_payment_method\">\n              <div class=\"mepr-payment-method mepr_payment_method-qpuzfa-7b6\">\n                <div class=\"mepr-payment-method-label\">\n                  <label class=\"mp-checkbox-field\">\n                    <input\n                      type=\"radio\"\n                      name=\"mepr_payment_method\"\n                      class=\"mepr-form-radio\"\n                      value=\"qpuzfa-7b6\"\n                       checked='checked' \/>\n                    <span class=\"mepr-payment-method-label-text\">Paypal<\/span><span class=\"mepr-payment-method-icon\"><img src=\"https:\/\/demo.webmediaplus.com\/icras\/wp-content\/plugins\/memberpress\/images\/checkout\/paypal.png\" alt=\"Paypal\" height=\"32px\" \/><\/span>                  <\/label>\n                  <div class=\"mepr-payment-method-desc-text mp-pm-desc-qpuzfa-7b6\"><p>Pague con PayPal<\/p>\n<\/div>                <\/div>\n              <\/div>\n            <\/div>\n                        <div class=\"mp-form-row mepr_payment_method\">\n              <div class=\"mepr-payment-method mepr_payment_method-qpuzil-3z2\">\n                <div class=\"mepr-payment-method-label\">\n                  <label class=\"mp-checkbox-field\">\n                    <input\n                      type=\"radio\"\n                      name=\"mepr_payment_method\"\n                      class=\"mepr-form-radio\"\n                      value=\"qpuzil-3z2\"\n                       \/>\n                    <span class=\"mepr-payment-method-label-text\">Forma de pago de Prueba<\/span>                  <\/label>\n                                  <\/div>\n              <\/div>\n            <\/div>\n            <\/div>      <\/div>\n    \n    \n    \n        \n    <div class=\"mepr_spacer\">&nbsp;<\/div>\n\n    <div class=\"mp-form-submit\">\n            <label for=\"mepr_no_val\" class=\"mepr-visuallyhidden\">No val<\/label>\n      <input type=\"text\" id=\"mepr_no_val\" name=\"mepr_no_val\" class=\"mepr-form-input mepr-visuallyhidden mepr_no_val mepr-hidden\" autocomplete=\"off\" \/>\n\n      <input type=\"submit\" class=\"mepr-submit\" value=\"Sign Up\" \/>\n      <img src=\"https:\/\/demo.webmediaplus.com\/icras\/wp-admin\/images\/loading.gif\" alt=\"Cargando\u2026\" style=\"display: none;\" class=\"mepr-loading-gif\" title=\"Loading icon\" \/>\n      <span class=\"mepr-form-has-errors\">Por favor, corrija los errores arriba<\/span>\n\n    <\/div>\n  <\/form>\n<\/div>\n\n<\/div><\/div><\/div><\/div><\/div><div class=\"vc_col-sm-3 wpb_column vc_column_container\"><div class=\"vc_column-inner\"><div class=\"wpb_wrapper\"><\/div><\/div><\/div><\/div><\/div><\/section>\n","protected":false},"excerpt":{"rendered":"Precio: $99 por 1 A\u00f1o Su(s) Nombre(s): El primer nombre es obligatorio Apellido(s): Apellido(s) Requerido(s) Usuario*: Nombre de Usuario Inv\u00e1lido Email:* Email Inv\u00e1lido Contrase\u00f1a*: Contrase\u00f1a inv\u00e1lida Confirmar su Contrase\u00f1a*: Confirmaci\u00f3n de la Contrase\u00f1a no Coincide \u00bfTiene un cup\u00f3n? Codigo de cup\u00f3n: C\u00f3digo de Cup\u00f3n Invalido Paypal Pague con PayPal Forma de pago de Prueba &nbsp;...","protected":false},"author":1,"featured_media":0,"parent":0,"menu_order":0,"comment_status":"closed","ping_status":"closed","template":"","meta":[],"yoast_head":"<!-- This site is optimized with the Yoast SEO plugin v16.0.2 - https:\/\/yoast.com\/wordpress\/plugins\/seo\/ -->\n<title>Suscripciones Anuales - ICRAS<\/title>\n<meta name=\"robots\" content=\"noindex, follow, max-snippet:-1, max-image-preview:large, max-video-preview:-1\" \/>\n<meta property=\"og:locale\" content=\"es_ES\" \/>\n<meta property=\"og:type\" content=\"article\" \/>\n<meta property=\"og:title\" content=\"Suscripciones Anuales - ICRAS\" \/>\n<meta property=\"og:url\" content=\"https:\/\/demo.webmediaplus.com\/icras\/suscripciones-anuales\/\" \/>\n<meta property=\"og:site_name\" content=\"ICRAS\" \/>\n<meta name=\"twitter:card\" content=\"summary_large_image\" \/>\n<meta name=\"twitter:label1\" content=\"Tiempo de lectura\">\n\t<meta name=\"twitter:data1\" content=\"1 minuto\">\n<script type=\"application\/ld+json\" class=\"yoast-schema-graph\">{\"@context\":\"https:\/\/schema.org\",\"@graph\":[{\"@type\":\"WebSite\",\"@id\":\"https:\/\/demo.webmediaplus.com\/icras\/#website\",\"url\":\"https:\/\/demo.webmediaplus.com\/icras\/\",\"name\":\"ICRAS\",\"description\":\"Res\\u00famenes de libros empresariales\",\"potentialAction\":[{\"@type\":\"SearchAction\",\"target\":\"https:\/\/demo.webmediaplus.com\/icras\/?s={search_term_string}\",\"query-input\":\"required name=search_term_string\"}],\"inLanguage\":\"es\"},{\"@type\":\"WebPage\",\"@id\":\"https:\/\/demo.webmediaplus.com\/icras\/suscripciones-anuales\/#webpage\",\"url\":\"https:\/\/demo.webmediaplus.com\/icras\/suscripciones-anuales\/\",\"name\":\"Suscripciones Anuales - ICRAS\",\"isPartOf\":{\"@id\":\"https:\/\/demo.webmediaplus.com\/icras\/#website\"},\"datePublished\":\"2021-03-12T18:23:53+00:00\",\"dateModified\":\"2021-03-12T18:23:53+00:00\",\"breadcrumb\":{\"@id\":\"https:\/\/demo.webmediaplus.com\/icras\/suscripciones-anuales\/#breadcrumb\"},\"inLanguage\":\"es\",\"potentialAction\":[{\"@type\":\"ReadAction\",\"target\":[\"https:\/\/demo.webmediaplus.com\/icras\/suscripciones-anuales\/\"]}]},{\"@type\":\"BreadcrumbList\",\"@id\":\"https:\/\/demo.webmediaplus.com\/icras\/suscripciones-anuales\/#breadcrumb\",\"itemListElement\":[{\"@type\":\"ListItem\",\"position\":1,\"item\":{\"@type\":\"WebPage\",\"@id\":\"https:\/\/demo.webmediaplus.com\/icras\/\",\"url\":\"https:\/\/demo.webmediaplus.com\/icras\/\",\"name\":\"Home\"}},{\"@type\":\"ListItem\",\"position\":2,\"item\":{\"@type\":\"WebPage\",\"@id\":\"https:\/\/demo.webmediaplus.com\/icras\/suscripciones-anuales\/\",\"url\":\"https:\/\/demo.webmediaplus.com\/icras\/suscripciones-anuales\/\",\"name\":\"Suscripciones Anuales\"}}]}]}<\/script>\n<!-- \/ Yoast SEO plugin. -->","_links":{"self":[{"href":"https:\/\/demo.webmediaplus.com\/icras\/wp-json\/wp\/v2\/pages\/7745"}],"collection":[{"href":"https:\/\/demo.webmediaplus.com\/icras\/wp-json\/wp\/v2\/pages"}],"about":[{"href":"https:\/\/demo.webmediaplus.com\/icras\/wp-json\/wp\/v2\/types\/page"}],"author":[{"embeddable":true,"href":"https:\/\/demo.webmediaplus.com\/icras\/wp-json\/wp\/v2\/users\/1"}],"replies":[{"embeddable":true,"href":"https:\/\/demo.webmediaplus.com\/icras\/wp-json\/wp\/v2\/comments?post=7745"}],"version-history":[{"count":1,"href":"https:\/\/demo.webmediaplus.com\/icras\/wp-json\/wp\/v2\/pages\/7745\/revisions"}],"predecessor-version":[{"id":7746,"href":"https:\/\/demo.webmediaplus.com\/icras\/wp-json\/wp\/v2\/pages\/7745\/revisions\/7746"}],"wp:attachment":[{"href":"https:\/\/demo.webmediaplus.com\/icras\/wp-json\/wp\/v2\/media?parent=7745"}],"curies":[{"name":"wp","href":"https:\/\/api.w.org\/{rel}","templated":true}]}}