{"id":7635,"date":"2021-03-12T11:29:32","date_gmt":"2021-03-12T11:29:32","guid":{"rendered":"https:\/\/demo.webmediaplus.com\/icras\/?page_id=7635"},"modified":"2021-03-12T11:29:32","modified_gmt":"2021-03-12T11:29:32","slug":"terminos-de-uso","status":"publish","type":"page","link":"https:\/\/demo.webmediaplus.com\/icras\/terminos-de-uso\/","title":{"rendered":"T\u00e9rminos de Uso"},"content":{"rendered":"<section class=\"l-section wpb_row height_custom\"><div class=\"l-section-h i-cf\"><div class=\"g-cols vc_row type_default valign_top\"><div class=\"vc_col-sm-12 wpb_column vc_column_container\"><div class=\"vc_column-inner\"><div class=\"wpb_wrapper\"><div class=\"wpb_text_column\" ><div class=\"wpb_wrapper\"><p><strong>T\u00e9rminos de Uso del Servicio Web<\/strong><\/p>\n<p>Por favor lea cuidadosamente estos T\u00e9rminos de Uso antes de utilizar este Sitio Web. Al utilizar este Sitio Web, usted est\u00e1 manifestando su acuerdo y aceptaci\u00f3n de estos T\u00e9rminos de Uso. En caso de no estar de acuerdo con alguno de ellos no utilice este Sitio Web.<\/p>\n<p>3GV Ventures, LLC (&#8220;ICRAS&#8221;) se reserva el derecho, a su exclusiva discreci\u00f3n, de modificar, alterar o de otra forma actualizar los T\u00e9rminos de Uso en cualquier momento. Al utilizar este servicio despu\u00e9s de haberse efectuado dichas modificaciones, alteraciones o actualizaciones ustedes convienen en obligarse por los t\u00e9rminos modificados. ICRAS se reserva el derecho a negar el acceso a cualquier persona que a su criterio haya violado alguno de los T\u00e9rminos de Uso.<\/p>\n<p><strong>MARCAS, DERECHOS DE AUTOR Y RESTRICCIONES.<\/strong><\/p>\n<p>Todo el material sobre este website, incluyendo, sin que implique limitaci\u00f3n, la exhibici\u00f3n y distribuci\u00f3n de im\u00e1genes, ilustraciones, audio, informaciones y video clips, est\u00e1 protegido por derechos de autor, marcas y dem\u00e1s derechos de propiedad intelectual pose\u00eddos, controlados, registrados y\/o propiedad de ICRAS u otras personas que hayan licenciado su material a ICRAS.<\/p>\n<p>El material que se encuentra en cualquier sitio web operado, licenciado, controlado o propiedad de ICRAS es exclusivamente para ser usado por el usuario de forma personal para su entretenimiento, diversi\u00f3n, recreaci\u00f3n y\/o afines, no de forma comercial. Dicho material no podr\u00e1 ser copiado, reproducido, replicado, cargado, publicado, transmitido o distribuido en forma alguna, incluyendo por correo electr\u00f3nico (&#8220;e-mail&#8221;) u otros medios electr\u00f3nicos. Adem\u00e1s de estar prohibido la modificaci\u00f3n de los materiales, el uso de dichos materiales en cualquier otro sitio o ambiente de computaci\u00f3n en redes, o el uso de los materiales para cualquier objeto que no sea personal sino comercial del website, constituye una violaci\u00f3n de los derechos de autor, marcas y dem\u00e1s derechos privilegiados si se realiza sin el consentimiento previo y por escrito del propietario.<\/p>\n<p><strong>V\u00cdNCULOS.<\/strong><\/p>\n<p>Este Sitio Web puede contener v\u00ednculos con otros sitios web llamados &#8220;Websites Enlazados&#8221;. \u00c9stos contienen informaci\u00f3n diversa que podr\u00eda ser de su inter\u00e9s o utilidad y usted accede a ellos bajo su responsabilidad y riesgo. ICRAS no se hace responsable del contenido o en forma alguna de los Websites Enlazados, independientemente de que est\u00e9 o no afiliado a los patrocinantes de los estos. Usted puede establecer un v\u00ednculo de hipertexto a este Sitio Web, siempre y<\/p>\n<p>cuando dicho v\u00ednculo no establezca ni implique ning\u00fan patrocinio o endoso a su sitio web por parte de ICRAS. No podr\u00e1 usar en su sitio web ninguna marca, marca de servicio o material con derecho de autor que aparezca en el Sitio Web de ICRAS, incluyendo, sin que implique limitaci\u00f3n alguna, ning\u00fan logotipo, nombre o personaje, sin el consentimiento previo y por escrito del propietario de la marca o derecho. Igualmente, no podr\u00e1 enmarcar ni de otra forma incorporar en otro sitio web ninguna parte del contenido u otro material del Sitio Web de ICRAS sin el consentimiento previo y por escrito de ICRAS.<\/p>\n<p><strong>ENV\u00cdOS.<\/strong><\/p>\n<p>Cualquier e-mail, nota, aviso en mensaje\/cartelera\/foro, ideas, opiniones, sugerencias, conceptos u otro material presentado en la p\u00e1gina web, pasar\u00e1 a ser propiedad de ICRAS; qui\u00e9n tendr\u00e1 derecho, de conformidad con sus pol\u00edticas de privacidad, a utilizar el material presentado o cualquiera de sus elementos de forma indefinida y discrecional para diversos fines, independientemente del medio por el cual se conozca o se legue con posterioridad. En estos casos, usted conviene y acepta que ICRAS tiene derecho a publicar y\/o de otra forma utilizar, el material o cualquiera de sus elementos, para cualquier tipo de uso, finalidad u objeto y por cualquier medio, ya sea para fines promocionales, publicitarios u otros.<\/p>\n<p><strong>DESCONOCIMIENTO DE GARANT\u00cdAS Y RESPONSABILIDAD.<\/strong><\/p>\n<p>Este Sitio Web as\u00ed como todos los materiales, informaciones, aplicaciones, software, servidores, herramientas, servicios u otros contenidos en la p\u00e1gina web de ICRAS, son suministrados tal como se presentan y est\u00e1n disponibles para el p\u00fablico y\/o usuario, sin garant\u00edas impl\u00edcitas o explicitas de ninguna naturaleza. ICRAS desconoce todas las garant\u00edas, expresas o impl\u00edcitas, incluyendo -sin que implique limitaci\u00f3n- garant\u00edas impl\u00edcitas de comerciabilidad e idoneidad para un fin particular, distintas de aquellas garant\u00edas que -seg\u00fan las leyes aplicables a este documento- sean impl\u00edcitas por ley y no puedan ser excluidas, restringidas o modificadas. Ni ICRAS ni sus entidades afiliadas o relacionadas ni ninguna persona involucrada en la creaci\u00f3n, producci\u00f3n y distribuci\u00f3n del Sitio Web de ICRAS garantizan que las funciones contenidas en los materiales, informaciones, aplicaciones, software, servidores, herramientas, servicios u otros contenidos ser\u00e1n ininterrumpidos o estar\u00e1n libres de errores, que los defectos ser\u00e1n corregidos o que ICRAS o el servidor que los haga disponibles est\u00e1n libre de virus u otros componentes da\u00f1inos.<\/p>\n<p>El material, informaciones, aplicaciones, software, servidores, herramientas, servicios u otros contenidos que se encuentran en el Sitio Web de ICRAS, se establecen \u00fanicamente para fines de entretenimiento y promoci\u00f3n. ICRAS no garantiza ni hace aseveraci\u00f3n alguna respecto al uso o los resultados del uso de<\/p>\n<p>los mismos en el Sitio Web de ICRAS o alg\u00fan site relacionado a \u00e9ste, en t\u00e9rminos de su correcci\u00f3n, exactitud, confiabilidad o de otra forma.<\/p>\n<p>Usted conviene y acepta expresamente que el uso del Sitio Web de ICRAS es a su propio riesgo y responsabilidad. Usted asume la totalidad del costo de todo servicio, correcci\u00f3n o reparaci\u00f3n necesaria derivada del uso de los materiales, informaciones, aplicaciones, software, servidores, herramientas, servicios y contenidos en la p\u00e1gina web de ICRAS.<\/p>\n<p>Adem\u00e1s conviene y acepta expresamente que ni ICRAS, ni empleados, agentes o personas, ni sus entidades afiliadas, relacionadas o involucradas en la creaci\u00f3n, producci\u00f3n y distribuci\u00f3n del Sitio Web de ICRAS, son responsables o est\u00e1n obligados ante ninguna persona o entidad por cualquier p\u00e9rdida, da\u00f1o -real, consecuente, punitivo o de otra naturaleza- lesi\u00f3n, reclamo, obligaci\u00f3n u otra causa proveniente del uso de este Sitio Web o cualquier otro sitio web de ICRAS o con fundamento en \u00e9ste. Por ejemplo y sin limitar la generalidad de lo que antecede, ICRAS y las personas y entidades relacionadas no ser\u00e1n responsables ni estar\u00e1n obligadas por ning\u00fan reclamo o da\u00f1o que surja por falta de cumplimiento, error, omisi\u00f3n, interrupci\u00f3n, eliminaci\u00f3n, defecto, demora en la operaci\u00f3n, virus en la computadora, robo, destrucci\u00f3n, acceso no autorizado o alteraci\u00f3n de registros personales o confiabilidad o uso de datos, informaci\u00f3n, opiniones u otros materiales que aparezcan en este Sitio Web.<\/p>\n<p>Finalmente, Usted conviene, acepta y reconoce expresamente que ICRAS no est\u00e1 obligada ni es responsable por ninguna conducta difamatoria, ofensiva o ilegal de otros suscriptores de terceros.<\/p>\n<p><strong>PROMOCIONES Y CONCURSOS.<\/strong><\/p>\n<p>Cada cierto tiempo, es posible que el Sitio Web sea utilizado para ejecutar promociones y\/o concursos; en esos casos cada promoci\u00f3n o concurso tendr\u00e1 su reglamentaci\u00f3n propia y especifica; resultando aplicable, de manera residual, las Pol\u00edticas de Privacidad y estos T\u00e9rminos de Uso.<\/p>\n<p><strong>ASUNTOS JURISDICCIONALES.<\/strong><\/p>\n<p>La relaci\u00f3n entre usted y ICRAS con ocasi\u00f3n del uso de este Sitio Web se regir\u00e1, interpretar\u00e1, aplicar\u00e1 y exigir\u00e1 conforme a las leyes del Estado de la Florida, Estados Unidos, tal como se aplican a contratos celebrados y que se cumplan totalmente en dicho pa\u00eds. Cualquier acci\u00f3n que usted, alg\u00fan tercero o ICRAS ejerzan o cualquier aspecto relativo a este Sitio Web, se intentar\u00e1 \u00fanicamente en los Tribunales Federales de Miami-Dade County, Estado de la Florida, Estados Unidos de Am\u00e9rica, a cuya jurisdicci\u00f3n declaran expresamente someterse las partes, de manera no exclusiva ni excluyente. Si alguna disposici\u00f3n de este documento es ilegal, nula o por alg\u00fan motivo inexigible, entonces dicha disposici\u00f3n se considerar\u00e1 separable e independiente y no afectar\u00e1 la validez,<\/p>\n<p>aplicaci\u00f3n y exigibilidad de ninguna de las disposiciones restantes. Este documento constituye el acuerdo general entre las partes sobre las cl\u00e1usulas y condiciones de uso respecto a los diversos contenidos, informaciones, materiales, aplicaciones, servidores, software y dem\u00e1s opciones y servicios suministrados en este Sitio Web, el cual no podr\u00e1 ser modificado, salvo que se efect\u00fae mediante escrito firmado por ICRAS.<\/p>\n<p>Este Sitio Web es controlado y operado por ICRAS desde sus oficinas en Coral Gables, Florida, Estados Unidos de Am\u00e9rica. Aqu\u00e9llos que decidan acceder a este Sitio Web desde otras localidades lo har\u00e1n por iniciativa propia y ser\u00e1n responsables de cumplir con las leyes del Estado de la Florida, Estados Unidos, en la medida en que \u00e9stas sean aplicables. Salvo que se especifique de otra forma el contenido, material y dem\u00e1s informaciones exhibidas en este Sitio Web, se presentan exclusivamente para fines de entretenimiento y promoci\u00f3n.<\/p>\n<\/div><\/div><\/div><\/div><\/div><\/div><\/div><\/section>\n","protected":false},"excerpt":{"rendered":"T\u00e9rminos de Uso del Servicio Web Por favor lea cuidadosamente estos T\u00e9rminos de Uso antes de utilizar este Sitio Web. Al utilizar este Sitio Web, usted est\u00e1 manifestando su acuerdo y aceptaci\u00f3n de estos T\u00e9rminos de Uso. En caso de no estar de acuerdo con alguno de ellos no utilice este Sitio Web. 3GV Ventures,...","protected":false},"author":1,"featured_media":0,"parent":0,"menu_order":0,"comment_status":"closed","ping_status":"closed","template":"","meta":[],"yoast_head":"<!-- This site is optimized with the Yoast SEO plugin v16.0.2 - https:\/\/yoast.com\/wordpress\/plugins\/seo\/ -->\n<title>T\u00e9rminos de Uso - ICRAS<\/title>\n<meta name=\"robots\" content=\"noindex, follow, max-snippet:-1, max-image-preview:large, max-video-preview:-1\" \/>\n<meta property=\"og:locale\" content=\"es_ES\" \/>\n<meta property=\"og:type\" content=\"article\" \/>\n<meta property=\"og:title\" content=\"T\u00e9rminos de Uso - ICRAS\" \/>\n<meta property=\"og:url\" content=\"https:\/\/demo.webmediaplus.com\/icras\/terminos-de-uso\/\" \/>\n<meta property=\"og:site_name\" content=\"ICRAS\" \/>\n<meta name=\"twitter:card\" content=\"summary_large_image\" \/>\n<meta name=\"twitter:label1\" content=\"Tiempo de lectura\">\n\t<meta name=\"twitter:data1\" content=\"7 minutos\">\n<script type=\"application\/ld+json\" class=\"yoast-schema-graph\">{\"@context\":\"https:\/\/schema.org\",\"@graph\":[{\"@type\":\"WebSite\",\"@id\":\"https:\/\/demo.webmediaplus.com\/icras\/#website\",\"url\":\"https:\/\/demo.webmediaplus.com\/icras\/\",\"name\":\"ICRAS\",\"description\":\"Res\\u00famenes de libros empresariales\",\"potentialAction\":[{\"@type\":\"SearchAction\",\"target\":\"https:\/\/demo.webmediaplus.com\/icras\/?s={search_term_string}\",\"query-input\":\"required name=search_term_string\"}],\"inLanguage\":\"es\"},{\"@type\":\"WebPage\",\"@id\":\"https:\/\/demo.webmediaplus.com\/icras\/terminos-de-uso\/#webpage\",\"url\":\"https:\/\/demo.webmediaplus.com\/icras\/terminos-de-uso\/\",\"name\":\"T\\u00e9rminos de Uso - ICRAS\",\"isPartOf\":{\"@id\":\"https:\/\/demo.webmediaplus.com\/icras\/#website\"},\"datePublished\":\"2021-03-12T11:29:32+00:00\",\"dateModified\":\"2021-03-12T11:29:32+00:00\",\"breadcrumb\":{\"@id\":\"https:\/\/demo.webmediaplus.com\/icras\/terminos-de-uso\/#breadcrumb\"},\"inLanguage\":\"es\",\"potentialAction\":[{\"@type\":\"ReadAction\",\"target\":[\"https:\/\/demo.webmediaplus.com\/icras\/terminos-de-uso\/\"]}]},{\"@type\":\"BreadcrumbList\",\"@id\":\"https:\/\/demo.webmediaplus.com\/icras\/terminos-de-uso\/#breadcrumb\",\"itemListElement\":[{\"@type\":\"ListItem\",\"position\":1,\"item\":{\"@type\":\"WebPage\",\"@id\":\"https:\/\/demo.webmediaplus.com\/icras\/\",\"url\":\"https:\/\/demo.webmediaplus.com\/icras\/\",\"name\":\"Home\"}},{\"@type\":\"ListItem\",\"position\":2,\"item\":{\"@type\":\"WebPage\",\"@id\":\"https:\/\/demo.webmediaplus.com\/icras\/terminos-de-uso\/\",\"url\":\"https:\/\/demo.webmediaplus.com\/icras\/terminos-de-uso\/\",\"name\":\"T\\u00e9rminos de Uso\"}}]}]}<\/script>\n<!-- \/ Yoast SEO plugin. -->","_links":{"self":[{"href":"https:\/\/demo.webmediaplus.com\/icras\/wp-json\/wp\/v2\/pages\/7635"}],"collection":[{"href":"https:\/\/demo.webmediaplus.com\/icras\/wp-json\/wp\/v2\/pages"}],"about":[{"href":"https:\/\/demo.webmediaplus.com\/icras\/wp-json\/wp\/v2\/types\/page"}],"author":[{"embeddable":true,"href":"https:\/\/demo.webmediaplus.com\/icras\/wp-json\/wp\/v2\/users\/1"}],"replies":[{"embeddable":true,"href":"https:\/\/demo.webmediaplus.com\/icras\/wp-json\/wp\/v2\/comments?post=7635"}],"version-history":[{"count":1,"href":"https:\/\/demo.webmediaplus.com\/icras\/wp-json\/wp\/v2\/pages\/7635\/revisions"}],"predecessor-version":[{"id":7636,"href":"https:\/\/demo.webmediaplus.com\/icras\/wp-json\/wp\/v2\/pages\/7635\/revisions\/7636"}],"wp:attachment":[{"href":"https:\/\/demo.webmediaplus.com\/icras\/wp-json\/wp\/v2\/media?parent=7635"}],"curies":[{"name":"wp","href":"https:\/\/api.w.org\/{rel}","templated":true}]}}