{"id":7630,"date":"2021-03-12T11:23:28","date_gmt":"2021-03-12T11:23:28","guid":{"rendered":"https:\/\/demo.webmediaplus.com\/icras\/?page_id=7630"},"modified":"2021-03-12T11:27:49","modified_gmt":"2021-03-12T11:27:49","slug":"politicas-de-privacidad","status":"publish","type":"page","link":"https:\/\/demo.webmediaplus.com\/icras\/politicas-de-privacidad\/","title":{"rendered":"Pol\u00edticas de privacidad"},"content":{"rendered":"<section class=\"l-section wpb_row height_custom\"><div class=\"l-section-h i-cf\"><div class=\"g-cols vc_row type_default valign_top\"><div class=\"vc_col-sm-12 wpb_column vc_column_container\"><div class=\"vc_column-inner\"><div class=\"wpb_wrapper\"><div class=\"wpb_text_column\" ><div class=\"wpb_wrapper\"><p><strong>Pol\u00edticas de Privacidad de ICRAS.<\/strong><br \/>\n<strong>Ultima actualizaci\u00f3n: febrero 2021<\/strong><\/p>\n<p>Estas Pol\u00edticas de Privacidad describen como 3GV Ventures, LLC y\/o sus afiliados (en conjunto referidas como \u201cICRAS\u201d o \u201cNosotros\u201d) usamos y entregamos la informaci\u00f3n que recolectamos cuando Usted usa cualquier sistema digital propiedad u operado por ICRAS (\u201cSitios\u201d). El resguardo de la informaci\u00f3n suministrada por usted es importante para nosotros, as\u00ed como su privacidad. Con el fin de proteger su privacidad, por favor revise cuidadosamente estas Pol\u00edticas de Privacidad y las decisiones que Usted puede tomar sobre la forma en que su informaci\u00f3n personal ser\u00e1 recopilada y utilizada en los Sitios.<\/p>\n<p><strong>La Informaci\u00f3n que Recopilamos.<\/strong><\/p>\n<p>Algunos Sitios pueden solicitarle que, con fines leg\u00edtimos y comerciales, usted suministre informaci\u00f3n personal para poder proporcionarle ciertos servicios prove\u00eddos por ICRAS. Dicha recolecci\u00f3n de informaci\u00f3n personal podr\u00eda incluir: formulario en nuestros Sitios (solicitando su nombre, direcci\u00f3n, correo electr\u00f3nico, n\u00famero de tel\u00e9fono, y detalles sobre sus gustos), correspondencia (v\u00eda telef\u00f3nica, correo electr\u00f3nico, u otras plataformas de mensajer\u00eda), mensajes informado sobre alg\u00fan problema u opiniones sobre nuestros Sitios, solicitando soporte t\u00e9cnico, as\u00ed como cualquier otra informaci\u00f3n que usted pueda entregarle a ICRAS con ocasi\u00f3n del uso de sus programas, actividades o servicios.<\/p>\n<p>Cuando visite nuestros Sitio, tambi\u00e9n podemos recopilar cierta informaci\u00f3n no personal en caso de que usted visite muchas de nuestras p\u00e1ginas web, tales como el tipo de explorador (&#8220;browser&#8221;) y dispositivo que est\u00e1 utilizando, el tipo de sistema operativo que est\u00e1 utilizando, ubicaci\u00f3n, y el nombre de dominio de su proveedor de servicio de Internet; entre otros datos necesarios para mejorar su experiencia al visitar el Sitio.<\/p>\n<p><strong>C\u00f3mo Recolectamos Informaci\u00f3n.<\/strong><\/p>\n<p>La informaci\u00f3n es recolectada de dos maneras: directamente de Usted y, a trav\u00e9s de tecnolog\u00edas que permiten dicha recolecci\u00f3n.<br \/>\nLo hacemos de manera directa cuando usted se registra en nuestros Sitios, se comunica con ICRAS o de alguna manera nos remite su informaci\u00f3n personal.<br \/>\nAdicionalmente, recolectamos informaci\u00f3n por medio de cookies y otras tecnolog\u00edas de seguimiento que son propiedad o utilizadas por ICRAS.<\/p>\n<p><strong>Bases Legales para el Uso de la Informaci\u00f3n:<\/strong><\/p>\n<p>En algunas jurisdicciones se exige que las empresas compartan cu\u00e1l es la base legal que ampara el uso, entrega y diseminaci\u00f3n de la informaci\u00f3n personal. En<\/p>\n<p>la medida que esa regulaci\u00f3n resulte aplicable, los Sitios de ICRAS usan se amparan en las siguientes bases legales: ejecuci\u00f3n de obligaciones contractuales (entre ICRAS, sus clientes, o terceros); inter\u00e9s leg\u00edtimo (en la prestaci\u00f3n de los servicios ofrecidos por ICRAS, creando y manteniendo relaciones comerciales, otorgando y manteniendo el acceso a nuestros sistemas de informaci\u00f3n), por obligaci\u00f3n legal (cuando es requerido por las normas aplicables, en respuesta a una solicitud de una agencia gubernamental o de un tribunal de justicia); y, el consentimiento otorgado por usted (cuando la recolecci\u00f3n realizada sobre esta base, puede ser detenida por usted en cualquier momento).<\/p>\n<p><strong>C\u00f3mo Utilizamos La Informaci\u00f3n.<\/strong><\/p>\n<p>Podemos utilizar la informaci\u00f3n (incluyendo sus datos personales) que usted proporciona al momento de efectuar las solicitudes relacionadas con nuestros servicios, para responder a sus preguntas y para ofrecerles otros productos, programas o servicios que consideramos pueden ser de inter\u00e9s para usted. Asimismo, puede ser utilizada para notificarle o contactarlo respecto a su cuenta con nosotros, o para fines de investigaci\u00f3n.<\/p>\n<p>La informaci\u00f3n no personal que recopilamos la empleamos para mejorar el dise\u00f1o y contenido de nuestros Sitios y para permitirnos personalizar su experiencia en Internet. Adem\u00e1s, para analizar la utilizaci\u00f3n del Sitio y para ofrecerles servicios.<\/p>\n<p>Revelaremos la informaci\u00f3n que conservamos cuando as\u00ed lo exija la ley, por ejemplo, como respuesta a la orden de un tribunal o una orden de comparecencia. Tambi\u00e9n podr\u00edamos revelar la informaci\u00f3n como respuesta a una solicitud de un organismo que exija el cumplimiento de la ley, de esta Pol\u00edticas de Privacidad, en respuesta a una emergencia o para proteger los derechos e intereses de ICRAS, sus clientes y el p\u00fablico general. Los agentes y contratistas de los Sitios que tienen acceso a la informaci\u00f3n personal de nuestros usuarios y\/o p\u00fablico, ellos est\u00e1n en la obligaci\u00f3n de protegerla de conformidad con estas Pol\u00edticas de Privacidad, por ejemplo: no pueden, bajo ning\u00fan concepto, utilizar esta informaci\u00f3n para fines distintos a los cuales fueron contratados o a los servicios que est\u00e1n prestando a ICRAS.<\/p>\n<p>Podr\u00edamos transferir informaci\u00f3n personal como parte de los activos de ICRAS (o como parte de nuestros negocios) cuando son vendidos, transferidos, fusionados o adquiridos por un tercero. Cuando se complete alguna de esas operaciones, las pol\u00edticas de privacidad de la nueva entidad, ser\u00e1 la aplicable.<\/p>\n<p>Si uno de los Sitios de ICRAS revela informaci\u00f3n personal a compa\u00f1\u00edas no pose\u00eddas por ICRAS que deseen comercializar productos o servicios a usted, dicho Sitio le dar\u00e1 la oportunidad de optar o bloquear dichos usos.<\/p>\n<p>En ocasiones, ICRAS podr\u00e1 combinar la informaci\u00f3n que reciba en l\u00ednea con registros externos, esto a fin de aumentar su capacidad de ofrecer servicios que puedan ser de su inter\u00e9s. Si no desea recibir informaci\u00f3n de comercializaci\u00f3n de este Sitio, inf\u00f3rmenos de tal situaci\u00f3n.<\/p>\n<p>Por \u00faltimo, los Sitios de ICRAS no usar\u00e1n ni transferir\u00e1n la informaci\u00f3n personal que usted nos suministre de una manera distinta a las formas antes descritas o relacionadas con ellas, en caso contrario, ICRAS le dar\u00e1 la opci\u00f3n de seleccionar estos usos.<\/p>\n<p><strong>Recopilaci\u00f3n de Informaci\u00f3n por parte de Websites de Terceros.<\/strong><\/p>\n<p>Algunos de nuestros Sitios contienen v\u00ednculos con otros websites cuyas pol\u00edticas de privacidad, puedan ser diferentes de las nuestras. Los visitantes de estos sitios web deben consultar sus avisos o pol\u00edticas de privacidad, ya que no tenemos control sobre la informaci\u00f3n que sea presentada a estos terceros o recopilada por ellos.<\/p>\n<p>Algunas veces ofrecemos concursos o promociones que son patrocinadas o copatrocinadas con terceros identificados. En virtud de su patrocinio, estos terceros pueden obtener informaci\u00f3n personal que los usuarios presentan voluntariamente para participar en el concurso o promoci\u00f3n, y en este sentido, ICRAS no tiene control, vigilancia o responsabilidad alguna sobre el uso que hagan de esta informaci\u00f3n los terceros patrocinantes.<\/p>\n<p><strong>&#8220;\u201cCookies\u201d&#8221;.<\/strong><\/p>\n<p>A fin de mejorar su experiencia con nuestros Sitios, muchas de nuestras p\u00e1ginas web utilizan los denominados &#8220;\u201cCookies\u201d&#8221;. Los \u201c\u201cCookies\u201d\u201d son archivos de texto que colocamos en el browser de su computadora para almacenar sus preferencias. Los \u201c\u201cCookies\u201d\u201d, por s\u00ed solos, no nos dan su direcci\u00f3n de correo electr\u00f3nico ni otra informaci\u00f3n personal a menos que usted escoja suministrarnos esta informaci\u00f3n suscribi\u00e9ndose por ejemplo, en uno de nuestros Sitios. No obstante, una vez que decida suministrar al Sitio informaci\u00f3n personal, esta informaci\u00f3n podr\u00e1 ser vinculada con los datos almacenados en el \u201cCookie\u201d.<\/p>\n<p>Al entrar en nuestros Sitios, puede que aparezca una ventana con una advertencia, solicitando que acepte el uso de \u201cCookies\u201d. Las Cookies son empleadas para entender la utilizaci\u00f3n del Sitio y para mejorar el contenido y los<\/p>\n<p>servicios que se ofrecen en ellos; son archivos de texto que se colocan en el navegador de su dispositivo para almacenar cu\u00e1les son sus preferencias. Las Cookies por s\u00ed mismas, no provee su direcci\u00f3n de correo electr\u00f3nico o ninguna informaci\u00f3n personal identificable, a menos que usted haya optado por entregar dicha informaci\u00f3n, por ejemplo, al momento de registrarse en el Sitio. Podemos utilizar \u201cCookies\u201d para personalizar su experiencia en nuestras p\u00e1ginas web (reconocerlo por nombre cuando regrese a nuestro Sitio), guardar su contrase\u00f1a en \u00e1reas protegidas para contrase\u00f1as y permitirle utilizar carros de compra en nuestros Sitios. Tambi\u00e9n podemos utilizar \u201cCookies\u201d para ofrecerle servicios.<\/p>\n<p>La mayor\u00eda de los navegadores aceptan los Cookies de manera autom\u00e1tica, pero usted puede cambiar esto una vez que haya ingresado al Sitio. Por favor tenga en cuenta que borrador o alterar el historial de cookies u otros archivos puede ocasionar que deba repetir el proceso de identificaci\u00f3n de sus preferencias.<\/p>\n<p><strong>Nuestro Compromiso de Seguridad.<\/strong><\/p>\n<p>En nuestros Sitios hemos colocado procedimientos f\u00edsicos, electr\u00f3nicos y gerenciales est\u00e1ndares para salvaguardar y ayudar a impedir el acceso no autorizado, mantener la seguridad de los datos y utilizar correctamente la informaci\u00f3n que recopilamos en l\u00ednea.<\/p>\n<p>A pesar de haber tomado las medidas arriba se\u00f1aladas para evitar la diseminaci\u00f3n no autorizada de informaci\u00f3n, ninguno de los sistemas es capaz de garantizar seguridad absoluta. Podr\u00edan ocurrir eventos de diseminaci\u00f3n involuntaria, por ejemplo, cuando un tercero se apodera de tu identidad y obtiene acceso a tu informaci\u00f3n personal. Rogamos que mantenga su informaci\u00f3n personal segura y use los mecanismos de protecci\u00f3n adecuados para protegerla, como el uso de claves complejas y no compartirlas con nadie. Si tiene una cuenta en alguno de los Sitios, por favor recuerde salir de la misma de manera segura y cerrar el navegador, sobre todo si su dispositivo es compartido o de uso p\u00fablico.<\/p>\n<p><strong>C\u00f3mo puede Acceder o Corregir Informaci\u00f3n.<\/strong><\/p>\n<p>En cuanto a las instrucciones sobre c\u00f3mo puede acceder a la informaci\u00f3n personal que ICRAS ha recopilado sobre usted, en l\u00ednea o sobre c\u00f3mo corregir errores en dicha informaci\u00f3n, por favor escribanos a info[at]icras.net Para proteger su privacidad y seguridad, tomaremos las medidas necesarias para ayudar a verificar su identidad antes de permitir el acceso o hacer correcciones.<\/p>\n<p><strong>Nota Especial Para Padres.<\/strong><\/p>\n<p>Nuestros Sitios est\u00e1n creados para una audiencia general, no est\u00e1n dirigidos a ni\u00f1os. No permitimos, de manera intencional, que ni\u00f1os menores de 13 a\u00f1os,<\/p>\n<p>provean informaci\u00f3n personal o informaci\u00f3n personal no identificable en nuestros Sitios; tampoco recolectamos, de maneral intencional, ese tipo de informaci\u00f3n de ni\u00f1os menores de 13 a\u00f1os. En caso de que menores de edad deseen participar como usuarios registrados en nuestro Sitio, ser\u00e1 necesario que exista autorizaci\u00f3n previa de sus representantes.<\/p>\n<p><strong>Cambios en las Pol\u00edticas de Privacidad.<\/strong><\/p>\n<p>Nos reservamos el derecho de cambiar esta Pol\u00edticas de Privacidad en cualquier momento para adaptarlas a cambios regulatorios, practicas comerciales, o a la utilizaci\u00f3n de nuevas tecnolog\u00edas. Si los cambios son substanciales, les notificaremos con la debida antelaci\u00f3n, seg\u00fan lo requieran las normas aplicables. La fecha provista en este documento referencia a la \u00faltima actualizaci\u00f3n de estas Pol\u00edticas de Privacidad. Cualquier cambio se har\u00e1 efectivo al momento de su publicaci\u00f3n.<\/p>\n<p><strong>C\u00f3mo Contactarnos.<\/strong><\/p>\n<p>Si tiene alguna pregunta o inquietud sobre las Pol\u00edticas de Privacidad de ICRAS o su implementaci\u00f3n, puede contactarnos a trav\u00e9s de un correo electr\u00f3nico a info[at]icras.net<\/p>\n<\/div><\/div><\/div><\/div><\/div><\/div><\/div><\/section>\n","protected":false},"excerpt":{"rendered":"Pol\u00edticas de Privacidad de ICRAS. Ultima actualizaci\u00f3n: febrero 2021 Estas Pol\u00edticas de Privacidad describen como 3GV Ventures, LLC y\/o sus afiliados (en conjunto referidas como \u201cICRAS\u201d o \u201cNosotros\u201d) usamos y entregamos la informaci\u00f3n que recolectamos cuando Usted usa cualquier sistema digital propiedad u operado por ICRAS (\u201cSitios\u201d). El resguardo de la informaci\u00f3n suministrada por usted...","protected":false},"author":1,"featured_media":0,"parent":0,"menu_order":0,"comment_status":"closed","ping_status":"closed","template":"","meta":[],"yoast_head":"<!-- This site is optimized with the Yoast SEO plugin v16.0.2 - https:\/\/yoast.com\/wordpress\/plugins\/seo\/ -->\n<title>Pol\u00edticas de privacidad - ICRAS<\/title>\n<meta name=\"robots\" content=\"noindex, follow, max-snippet:-1, max-image-preview:large, max-video-preview:-1\" \/>\n<meta property=\"og:locale\" content=\"es_ES\" \/>\n<meta property=\"og:type\" content=\"article\" \/>\n<meta property=\"og:title\" content=\"Pol\u00edticas de privacidad - ICRAS\" \/>\n<meta property=\"og:url\" content=\"https:\/\/demo.webmediaplus.com\/icras\/politicas-de-privacidad\/\" \/>\n<meta property=\"og:site_name\" content=\"ICRAS\" \/>\n<meta property=\"article:modified_time\" content=\"2021-03-12T11:27:49+00:00\" \/>\n<meta name=\"twitter:card\" content=\"summary_large_image\" \/>\n<meta name=\"twitter:label1\" content=\"Tiempo de lectura\">\n\t<meta name=\"twitter:data1\" content=\"8 minutos\">\n<script type=\"application\/ld+json\" class=\"yoast-schema-graph\">{\"@context\":\"https:\/\/schema.org\",\"@graph\":[{\"@type\":\"WebSite\",\"@id\":\"https:\/\/demo.webmediaplus.com\/icras\/#website\",\"url\":\"https:\/\/demo.webmediaplus.com\/icras\/\",\"name\":\"ICRAS\",\"description\":\"Res\\u00famenes de libros empresariales\",\"potentialAction\":[{\"@type\":\"SearchAction\",\"target\":\"https:\/\/demo.webmediaplus.com\/icras\/?s={search_term_string}\",\"query-input\":\"required name=search_term_string\"}],\"inLanguage\":\"es\"},{\"@type\":\"WebPage\",\"@id\":\"https:\/\/demo.webmediaplus.com\/icras\/politicas-de-privacidad\/#webpage\",\"url\":\"https:\/\/demo.webmediaplus.com\/icras\/politicas-de-privacidad\/\",\"name\":\"Pol\\u00edticas de privacidad - ICRAS\",\"isPartOf\":{\"@id\":\"https:\/\/demo.webmediaplus.com\/icras\/#website\"},\"datePublished\":\"2021-03-12T11:23:28+00:00\",\"dateModified\":\"2021-03-12T11:27:49+00:00\",\"breadcrumb\":{\"@id\":\"https:\/\/demo.webmediaplus.com\/icras\/politicas-de-privacidad\/#breadcrumb\"},\"inLanguage\":\"es\",\"potentialAction\":[{\"@type\":\"ReadAction\",\"target\":[\"https:\/\/demo.webmediaplus.com\/icras\/politicas-de-privacidad\/\"]}]},{\"@type\":\"BreadcrumbList\",\"@id\":\"https:\/\/demo.webmediaplus.com\/icras\/politicas-de-privacidad\/#breadcrumb\",\"itemListElement\":[{\"@type\":\"ListItem\",\"position\":1,\"item\":{\"@type\":\"WebPage\",\"@id\":\"https:\/\/demo.webmediaplus.com\/icras\/\",\"url\":\"https:\/\/demo.webmediaplus.com\/icras\/\",\"name\":\"Home\"}},{\"@type\":\"ListItem\",\"position\":2,\"item\":{\"@type\":\"WebPage\",\"@id\":\"https:\/\/demo.webmediaplus.com\/icras\/politicas-de-privacidad\/\",\"url\":\"https:\/\/demo.webmediaplus.com\/icras\/politicas-de-privacidad\/\",\"name\":\"Pol\\u00edticas de privacidad\"}}]}]}<\/script>\n<!-- \/ Yoast SEO plugin. -->","_links":{"self":[{"href":"https:\/\/demo.webmediaplus.com\/icras\/wp-json\/wp\/v2\/pages\/7630"}],"collection":[{"href":"https:\/\/demo.webmediaplus.com\/icras\/wp-json\/wp\/v2\/pages"}],"about":[{"href":"https:\/\/demo.webmediaplus.com\/icras\/wp-json\/wp\/v2\/types\/page"}],"author":[{"embeddable":true,"href":"https:\/\/demo.webmediaplus.com\/icras\/wp-json\/wp\/v2\/users\/1"}],"replies":[{"embeddable":true,"href":"https:\/\/demo.webmediaplus.com\/icras\/wp-json\/wp\/v2\/comments?post=7630"}],"version-history":[{"count":2,"href":"https:\/\/demo.webmediaplus.com\/icras\/wp-json\/wp\/v2\/pages\/7630\/revisions"}],"predecessor-version":[{"id":7634,"href":"https:\/\/demo.webmediaplus.com\/icras\/wp-json\/wp\/v2\/pages\/7630\/revisions\/7634"}],"wp:attachment":[{"href":"https:\/\/demo.webmediaplus.com\/icras\/wp-json\/wp\/v2\/media?parent=7630"}],"curies":[{"name":"wp","href":"https:\/\/api.w.org\/{rel}","templated":true}]}}