{"id":7601,"date":"2021-02-22T12:26:22","date_gmt":"2021-02-22T12:26:22","guid":{"rendered":"https:\/\/demo.webmediaplus.com\/icras\/?page_id=7601"},"modified":"2021-02-22T13:05:17","modified_gmt":"2021-02-22T13:05:17","slug":"comprar-resumenes-ejecutivos","status":"publish","type":"page","link":"https:\/\/demo.webmediaplus.com\/icras\/comprar-resumenes-ejecutivos\/","title":{"rendered":"Comprar Res\u00famenes Ejecutivos"},"content":{"rendered":"<section class=\"l-section wpb_row us_custom_27c56005 height_custom has_text_color\"><div class=\"l-section-h i-cf\"><div class=\"g-cols vc_row type_default valign_top\"><div class=\"vc_col-sm-2 wpb_column vc_column_container\"><div class=\"vc_column-inner\"><div class=\"wpb_wrapper\"><\/div><\/div><\/div><div class=\"vc_col-sm-8 wpb_column vc_column_container\"><div class=\"vc_column-inner\"><div class=\"wpb_wrapper\"><div class=\"wpb_text_column\" ><div class=\"wpb_wrapper\"><h1 style=\"text-align: center;\">Comprar Res\u00famenes Ejecutivos<\/h1>\n<\/div><\/div><div class=\"wpb_text_column\" ><div class=\"wpb_wrapper\"><h2 style=\"text-align: center;\"><b>Res\u00famenes profesionales de libros sobre gesti\u00f3n empresarial y negocios<\/b><\/h2>\n<\/div><\/div><div class=\"w-separator size_small\"><\/div><div class=\"w-iconbox iconpos_top style_default color_custom align_center no_title no_text\"><a href=\"#intro\" class=\"w-iconbox-link\" aria-label=\"far|chevron-down\"><div class=\"w-iconbox-icon\" style=\"font-size:2rem;color:#ffffff;\"><i class=\"far fa-chevron-down\"><\/i><\/div><\/a><div class=\"w-iconbox-meta\"><\/div><\/div><\/div><\/div><\/div><div class=\"vc_col-sm-2 wpb_column vc_column_container\"><div class=\"vc_column-inner\"><div class=\"wpb_wrapper\"><\/div><\/div><\/div><\/div><\/div><\/section><section class=\"l-section wpb_row height_custom\"><div class=\"l-section-h i-cf\"><div class=\"g-cols vc_row type_default valign_top\"><div class=\"vc_col-sm-12 wpb_column vc_column_container\"><div class=\"vc_column-inner\"><div class=\"wpb_wrapper\"><div class=\"w-grid type_grid layout_shop_modern cols_5 overflow_hidden\" id=\"us_grid_1\" data-filterable=\"true\"><style id=\"us_grid_1_css\">#us_grid_1 .w-grid-item{padding:1.5rem}#us_grid_1 .w-grid-list{margin:-1.5rem}.w-grid + #us_grid_1 .w-grid-list{margin-top:1.5rem}@media (max-width:1199px){#us_grid_1 .w-grid-item{width:33.333333333333%}}@media (max-width:899px){#us_grid_1 .w-grid-item{width:50%}}@media (max-width:599px){#us_grid_1 .w-grid-list{margin:0}#us_grid_1 .w-grid-item{width:100%;padding:0;margin-bottom:1.5rem}}<\/style><style>.layout_shop_modern .w-grid-item-h{background:#ffffff;color:#333333;border-radius:0.3rem;z-index:3;box-shadow:0 0.03rem 0.06rem rgba(0,0,0,0.1),0 0.10rem 0.30rem rgba(0,0,0,0.1);transition-duration:0.3s}.no-touch .layout_shop_modern .w-grid-item-h:hover{box-shadow:0 0.10rem 0.20rem rgba(0,0,0,0.1),0 0.33rem 1.00rem rgba(0,0,0,0.15);z-index:4}.layout_shop_modern .usg_vwrapper_1{transition-duration:0.2s;transform-origin:50% 50%;transform:scale(1) translate(0,0)}.layout_shop_modern .w-grid-item-h:hover .usg_vwrapper_1{transform:scale(1) translate(0,-2.4rem);opacity:1}.layout_shop_modern .usg_add_to_cart_1{opacity:0}.layout_shop_modern .w-grid-item-h:hover .usg_add_to_cart_1{}.layout_shop_modern .usg_product_field_1{color:#fff!important;font-size:12px!important;font-weight:700!important;text-transform:uppercase!important;position:absolute!important;top:10px!important;left:10px!important;padding-right:0.8rem!important;padding-left:0.8rem!important;border-radius:2rem!important;background:#5e1725!important}.layout_shop_modern .usg_vwrapper_1{background:inherit!important;padding:1rem 1.2rem 1rem 1.2rem!important}.layout_shop_modern .usg_post_title_1{color:inherit!important;font-size:1rem!important;margin-bottom:0.3rem!important}.layout_shop_modern .usg_product_field_2{margin-bottom:0.3rem!important}.layout_shop_modern .usg_product_field_3{font-weight:700!important}.layout_shop_modern .usg_add_to_cart_1{font-size:0.8rem!important;width:100%!important;border-radius:0!important;position:absolute!important;right:0!important;bottom:0!important;left:0!important}<\/style><div class=\"w-grid-list\" ><article class=\"w-grid-item size_1x1 post-330 us_portfolio type-us_portfolio status-publish has-post-thumbnail hentry us_portfolio_category-comprar-resumenes-ejecutivos\" data-id=\"330\">\r\n\t<div class=\"w-grid-item-h\">\r\n\t\t\t\t<div class=\"w-post-elm post_image usg_post_image_1 stretched\"><a href=\"https:\/\/demo.webmediaplus.com\/icras\/libros\/ideas-fundamentales-marketing-para-abogados\/\" aria-label=\"Ideas Fundamentales: Marketing para Abogados\"><img width=\"314\" height=\"500\" src=\"https:\/\/demo.webmediaplus.com\/icras\/wp-content\/uploads\/2014\/09\/ideas-fundamentales.jpg\" class=\"attachment-shop_catalog size-shop_catalog wp-post-image\" alt=\"\" loading=\"lazy\" srcset=\"https:\/\/demo.webmediaplus.com\/icras\/wp-content\/uploads\/2014\/09\/ideas-fundamentales.jpg 314w, https:\/\/demo.webmediaplus.com\/icras\/wp-content\/uploads\/2014\/09\/ideas-fundamentales-188x300.jpg 188w\" sizes=\"(max-width: 314px) 100vw, 314px\" \/><\/a><\/div><div class=\"w-vwrapper usg_vwrapper_1 align_center valign_top\"><h2 class=\"w-post-elm post_title usg_post_title_1 entry-title color_link_inherit has_text_color\"><a href=\"https:\/\/demo.webmediaplus.com\/icras\/libros\/ideas-fundamentales-marketing-para-abogados\/\">Ideas Fundamentales: Marketing para Abogados<\/a><\/h2><\/div>\t<\/div>\r\n<\/article>\r\n<article class=\"w-grid-item size_1x1 post-340 us_portfolio type-us_portfolio status-publish has-post-thumbnail hentry us_portfolio_category-comprar-resumenes-ejecutivos\" data-id=\"340\">\r\n\t<div class=\"w-grid-item-h\">\r\n\t\t\t\t<div class=\"w-post-elm post_image usg_post_image_1 stretched\"><a href=\"https:\/\/demo.webmediaplus.com\/icras\/libros\/el-ejercicio-del-derecho-como-negocio\/\" aria-label=\"El ejercicio del derecho como negocio\"><img width=\"314\" height=\"500\" src=\"https:\/\/demo.webmediaplus.com\/icras\/wp-content\/uploads\/2014\/08\/1-El-Derecho-como-Negocio-Marketing-para-abogados-1.jpg\" class=\"attachment-shop_catalog size-shop_catalog wp-post-image\" alt=\"El-Derecho-como-Negocio-Marketing-para-abogados\" loading=\"lazy\" srcset=\"https:\/\/demo.webmediaplus.com\/icras\/wp-content\/uploads\/2014\/08\/1-El-Derecho-como-Negocio-Marketing-para-abogados-1.jpg 314w, https:\/\/demo.webmediaplus.com\/icras\/wp-content\/uploads\/2014\/08\/1-El-Derecho-como-Negocio-Marketing-para-abogados-1-188x300.jpg 188w\" sizes=\"(max-width: 314px) 100vw, 314px\" \/><\/a><\/div><div class=\"w-vwrapper usg_vwrapper_1 align_center valign_top\"><h2 class=\"w-post-elm post_title usg_post_title_1 entry-title color_link_inherit has_text_color\"><a href=\"https:\/\/demo.webmediaplus.com\/icras\/libros\/el-ejercicio-del-derecho-como-negocio\/\">El ejercicio del derecho como negocio<\/a><\/h2><\/div>\t<\/div>\r\n<\/article>\r\n<article class=\"w-grid-item size_1x1 post-332 us_portfolio type-us_portfolio status-publish has-post-thumbnail hentry us_portfolio_category-comprar-resumenes-ejecutivos\" data-id=\"332\">\r\n\t<div class=\"w-grid-item-h\">\r\n\t\t\t\t<div class=\"w-post-elm post_image usg_post_image_1 stretched\"><a href=\"https:\/\/demo.webmediaplus.com\/icras\/libros\/el-servicio-como-proposito-de-la-firma-abogados\/\" aria-label=\"El servicio como prop\u00f3sito de la firma abogados\"><img width=\"314\" height=\"500\" src=\"https:\/\/demo.webmediaplus.com\/icras\/wp-content\/uploads\/2014\/08\/2-El-Servicio-como-Proposito-de-la-firma-Marketing-para-Abogado.jpg\" class=\"attachment-shop_catalog size-shop_catalog wp-post-image\" alt=\"\" loading=\"lazy\" srcset=\"https:\/\/demo.webmediaplus.com\/icras\/wp-content\/uploads\/2014\/08\/2-El-Servicio-como-Proposito-de-la-firma-Marketing-para-Abogado.jpg 314w, https:\/\/demo.webmediaplus.com\/icras\/wp-content\/uploads\/2014\/08\/2-El-Servicio-como-Proposito-de-la-firma-Marketing-para-Abogado-188x300.jpg 188w\" sizes=\"(max-width: 314px) 100vw, 314px\" \/><\/a><\/div><div class=\"w-vwrapper usg_vwrapper_1 align_center valign_top\"><h2 class=\"w-post-elm post_title usg_post_title_1 entry-title color_link_inherit has_text_color\"><a href=\"https:\/\/demo.webmediaplus.com\/icras\/libros\/el-servicio-como-proposito-de-la-firma-abogados\/\">El servicio como prop\u00f3sito de la firma abogados<\/a><\/h2><\/div>\t<\/div>\r\n<\/article>\r\n<article class=\"w-grid-item size_1x1 post-341 us_portfolio type-us_portfolio status-publish has-post-thumbnail hentry us_portfolio_category-comprar-resumenes-ejecutivos\" data-id=\"341\">\r\n\t<div class=\"w-grid-item-h\">\r\n\t\t\t\t<div class=\"w-post-elm post_image usg_post_image_1 stretched\"><a href=\"https:\/\/demo.webmediaplus.com\/icras\/libros\/definicion-y-medicion-de-la-calidad-de-los-servicios-juridicos\/\" aria-label=\"Definici\u00f3n y medici\u00f3n de la calidad de los servicios jur\u00eddicos\"><img width=\"314\" height=\"500\" src=\"https:\/\/demo.webmediaplus.com\/icras\/wp-content\/uploads\/2014\/07\/definicion-juridica.jpg\" class=\"attachment-shop_catalog size-shop_catalog wp-post-image\" alt=\"\" loading=\"lazy\" srcset=\"https:\/\/demo.webmediaplus.com\/icras\/wp-content\/uploads\/2014\/07\/definicion-juridica.jpg 314w, https:\/\/demo.webmediaplus.com\/icras\/wp-content\/uploads\/2014\/07\/definicion-juridica-188x300.jpg 188w\" sizes=\"(max-width: 314px) 100vw, 314px\" \/><\/a><\/div><div class=\"w-vwrapper usg_vwrapper_1 align_center valign_top\"><h2 class=\"w-post-elm post_title usg_post_title_1 entry-title color_link_inherit has_text_color\"><a href=\"https:\/\/demo.webmediaplus.com\/icras\/libros\/definicion-y-medicion-de-la-calidad-de-los-servicios-juridicos\/\">Definici\u00f3n y medici\u00f3n de la calidad de los servicios jur\u00eddicos<\/a><\/h2><\/div>\t<\/div>\r\n<\/article>\r\n<article class=\"w-grid-item size_1x1 post-336 us_portfolio type-us_portfolio status-publish has-post-thumbnail hentry us_portfolio_category-comprar-resumenes-ejecutivos\" data-id=\"336\">\r\n\t<div class=\"w-grid-item-h\">\r\n\t\t\t\t<div class=\"w-post-elm post_image usg_post_image_1 stretched\"><a href=\"https:\/\/demo.webmediaplus.com\/icras\/libros\/las-personas-como-estrategia-de-gestion-de-una-firma-de-abogados\/\" aria-label=\"Las personas como estrategia de gesti\u00f3n de una firma de abogados\"><img width=\"314\" height=\"500\" src=\"https:\/\/demo.webmediaplus.com\/icras\/wp-content\/uploads\/2014\/06\/Las-personas-como-estrategia-de-gestio\u0301n-de-una-firma-de-abogados-Marketing-para-abogados.jpg\" class=\"attachment-shop_catalog size-shop_catalog wp-post-image\" alt=\"\" loading=\"lazy\" srcset=\"https:\/\/demo.webmediaplus.com\/icras\/wp-content\/uploads\/2014\/06\/Las-personas-como-estrategia-de-gestio\u0301n-de-una-firma-de-abogados-Marketing-para-abogados.jpg 314w, https:\/\/demo.webmediaplus.com\/icras\/wp-content\/uploads\/2014\/06\/Las-personas-como-estrategia-de-gestio\u0301n-de-una-firma-de-abogados-Marketing-para-abogados-188x300.jpg 188w\" sizes=\"(max-width: 314px) 100vw, 314px\" \/><\/a><\/div><div class=\"w-vwrapper usg_vwrapper_1 align_center valign_top\"><h2 class=\"w-post-elm post_title usg_post_title_1 entry-title color_link_inherit has_text_color\"><a href=\"https:\/\/demo.webmediaplus.com\/icras\/libros\/las-personas-como-estrategia-de-gestion-de-una-firma-de-abogados\/\">Las personas como estrategia de gesti\u00f3n de una firma de abogados<\/a><\/h2><\/div>\t<\/div>\r\n<\/article>\r\n<article class=\"w-grid-item size_1x1 post-339 us_portfolio type-us_portfolio status-publish has-post-thumbnail hentry us_portfolio_category-comprar-resumenes-ejecutivos\" data-id=\"339\">\r\n\t<div class=\"w-grid-item-h\">\r\n\t\t\t\t<div class=\"w-post-elm post_image usg_post_image_1 stretched\"><a href=\"https:\/\/demo.webmediaplus.com\/icras\/libros\/como-las-firmas-de-abogados-dan-un-servicio-excepcional-a-sus-clientes\/\" aria-label=\"C\u00f3mo las firmas de abogados dan un servicio excepcional a sus clientes.\"><img width=\"314\" height=\"500\" src=\"https:\/\/demo.webmediaplus.com\/icras\/wp-content\/uploads\/2014\/06\/Resumen-Como-las-firmas-dan-un-servicio-excepcional-Marketing-para-Abogado.jpg\" class=\"attachment-shop_catalog size-shop_catalog wp-post-image\" alt=\"\" loading=\"lazy\" srcset=\"https:\/\/demo.webmediaplus.com\/icras\/wp-content\/uploads\/2014\/06\/Resumen-Como-las-firmas-dan-un-servicio-excepcional-Marketing-para-Abogado.jpg 314w, https:\/\/demo.webmediaplus.com\/icras\/wp-content\/uploads\/2014\/06\/Resumen-Como-las-firmas-dan-un-servicio-excepcional-Marketing-para-Abogado-188x300.jpg 188w\" sizes=\"(max-width: 314px) 100vw, 314px\" \/><\/a><\/div><div class=\"w-vwrapper usg_vwrapper_1 align_center valign_top\"><h2 class=\"w-post-elm post_title usg_post_title_1 entry-title color_link_inherit has_text_color\"><a href=\"https:\/\/demo.webmediaplus.com\/icras\/libros\/como-las-firmas-de-abogados-dan-un-servicio-excepcional-a-sus-clientes\/\">C\u00f3mo las firmas de abogados dan un servicio excepcional a sus clientes.<\/a><\/h2><\/div>\t<\/div>\r\n<\/article>\r\n<\/div><div class=\"w-grid-preloader\"><div class=\"g-preloader type_1\">\r\n\t<div><\/div>\r\n<\/div>\r\n<\/div>\t<div class=\"w-grid-json hidden\" onclick='return {&quot;action&quot;:&quot;us_ajax_grid&quot;,&quot;ajax_url&quot;:&quot;https:\\\/\\\/demo.webmediaplus.com\\\/icras\\\/wp-admin\\\/admin-ajax.php&quot;,&quot;infinite_scroll&quot;:0,&quot;max_num_pages&quot;:1,&quot;pagination&quot;:&quot;none&quot;,&quot;permalink_url&quot;:&quot;https:\\\/\\\/demo.webmediaplus.com\\\/icras\\\/wp-json\\\/wp\\\/v2\\\/pages\\\/7601&quot;,&quot;template_vars&quot;:{&quot;columns&quot;:&quot;5&quot;,&quot;exclude_items&quot;:&quot;none&quot;,&quot;img_size&quot;:&quot;default&quot;,&quot;ignore_items_size&quot;:false,&quot;items_layout&quot;:&quot;shop_modern&quot;,&quot;items_offset&quot;:&quot;1&quot;,&quot;load_animation&quot;:&quot;none&quot;,&quot;overriding_link&quot;:&quot;none&quot;,&quot;post_id&quot;:7601,&quot;query_args&quot;:{&quot;post_type&quot;:[&quot;us_portfolio&quot;],&quot;tax_query&quot;:[{&quot;taxonomy&quot;:&quot;us_portfolio_category&quot;,&quot;field&quot;:&quot;slug&quot;,&quot;terms&quot;:[&quot;comprar-resumenes-ejecutivos&quot;]}],&quot;post_status&quot;:[&quot;publish&quot;,&quot;acf-disabled&quot;],&quot;posts_per_page&quot;:&quot;10&quot;},&quot;orderby_query_args&quot;:{&quot;orderby&quot;:{&quot;date&quot;:&quot;DESC&quot;}},&quot;type&quot;:&quot;grid&quot;,&quot;us_grid_ajax_index&quot;:1,&quot;us_grid_filter_params&quot;:null,&quot;us_grid_index&quot;:1,&quot;_us_grid_post_type&quot;:&quot;us_portfolio&quot;}}'><\/div>\r\n\t<\/div><\/div><\/div><\/div><\/div><\/div><\/section>\n","protected":false},"excerpt":{"rendered":"[vc_custom_heading source=\"post_title\" use_theme_fonts=\"yes\"]\u00bfPor qu\u00e9 en una firma de abogados deben preocuparse por brindar un servicio excepcional? \u00bfSer\u00e1 relevante para los clientes? La respuesta es S\u00cd. Entonces, \u00bfpor qu\u00e9 no hacer felices a los clientes actuales y lograr nuevos superando sus expectativas? Ahora, m\u00e1s que nunca, es imprescindible aprender y aplicar t\u00e9cnicas de servicio al cliente...","protected":false},"author":1,"featured_media":0,"parent":0,"menu_order":0,"comment_status":"closed","ping_status":"closed","template":"","meta":[],"yoast_head":"<!-- This site is optimized with the Yoast SEO plugin v16.0.2 - https:\/\/yoast.com\/wordpress\/plugins\/seo\/ -->\n<title>Comprar Res\u00famenes Ejecutivos - ICRAS<\/title>\n<meta name=\"robots\" content=\"noindex, follow, max-snippet:-1, max-image-preview:large, max-video-preview:-1\" \/>\n<meta property=\"og:locale\" content=\"es_ES\" \/>\n<meta property=\"og:type\" content=\"article\" \/>\n<meta property=\"og:title\" content=\"Comprar Res\u00famenes Ejecutivos - ICRAS\" \/>\n<meta property=\"og:url\" content=\"https:\/\/demo.webmediaplus.com\/icras\/comprar-resumenes-ejecutivos\/\" \/>\n<meta property=\"og:site_name\" content=\"ICRAS\" \/>\n<meta property=\"article:modified_time\" content=\"2021-02-22T13:05:17+00:00\" \/>\n<meta name=\"twitter:card\" content=\"summary_large_image\" \/>\n<meta name=\"twitter:label1\" content=\"Tiempo de lectura\">\n\t<meta name=\"twitter:data1\" content=\"1 minuto\">\n<script type=\"application\/ld+json\" class=\"yoast-schema-graph\">{\"@context\":\"https:\/\/schema.org\",\"@graph\":[{\"@type\":\"WebSite\",\"@id\":\"https:\/\/demo.webmediaplus.com\/icras\/#website\",\"url\":\"https:\/\/demo.webmediaplus.com\/icras\/\",\"name\":\"ICRAS\",\"description\":\"Res\\u00famenes de libros empresariales\",\"potentialAction\":[{\"@type\":\"SearchAction\",\"target\":\"https:\/\/demo.webmediaplus.com\/icras\/?s={search_term_string}\",\"query-input\":\"required name=search_term_string\"}],\"inLanguage\":\"es\"},{\"@type\":\"WebPage\",\"@id\":\"https:\/\/demo.webmediaplus.com\/icras\/comprar-resumenes-ejecutivos\/#webpage\",\"url\":\"https:\/\/demo.webmediaplus.com\/icras\/comprar-resumenes-ejecutivos\/\",\"name\":\"Comprar Res\\u00famenes Ejecutivos - ICRAS\",\"isPartOf\":{\"@id\":\"https:\/\/demo.webmediaplus.com\/icras\/#website\"},\"datePublished\":\"2021-02-22T12:26:22+00:00\",\"dateModified\":\"2021-02-22T13:05:17+00:00\",\"breadcrumb\":{\"@id\":\"https:\/\/demo.webmediaplus.com\/icras\/comprar-resumenes-ejecutivos\/#breadcrumb\"},\"inLanguage\":\"es\",\"potentialAction\":[{\"@type\":\"ReadAction\",\"target\":[\"https:\/\/demo.webmediaplus.com\/icras\/comprar-resumenes-ejecutivos\/\"]}]},{\"@type\":\"BreadcrumbList\",\"@id\":\"https:\/\/demo.webmediaplus.com\/icras\/comprar-resumenes-ejecutivos\/#breadcrumb\",\"itemListElement\":[{\"@type\":\"ListItem\",\"position\":1,\"item\":{\"@type\":\"WebPage\",\"@id\":\"https:\/\/demo.webmediaplus.com\/icras\/\",\"url\":\"https:\/\/demo.webmediaplus.com\/icras\/\",\"name\":\"Home\"}},{\"@type\":\"ListItem\",\"position\":2,\"item\":{\"@type\":\"WebPage\",\"@id\":\"https:\/\/demo.webmediaplus.com\/icras\/comprar-resumenes-ejecutivos\/\",\"url\":\"https:\/\/demo.webmediaplus.com\/icras\/comprar-resumenes-ejecutivos\/\",\"name\":\"Comprar Res\\u00famenes Ejecutivos\"}}]}]}<\/script>\n<!-- \/ Yoast SEO plugin. -->","_links":{"self":[{"href":"https:\/\/demo.webmediaplus.com\/icras\/wp-json\/wp\/v2\/pages\/7601"}],"collection":[{"href":"https:\/\/demo.webmediaplus.com\/icras\/wp-json\/wp\/v2\/pages"}],"about":[{"href":"https:\/\/demo.webmediaplus.com\/icras\/wp-json\/wp\/v2\/types\/page"}],"author":[{"embeddable":true,"href":"https:\/\/demo.webmediaplus.com\/icras\/wp-json\/wp\/v2\/users\/1"}],"replies":[{"embeddable":true,"href":"https:\/\/demo.webmediaplus.com\/icras\/wp-json\/wp\/v2\/comments?post=7601"}],"version-history":[{"count":9,"href":"https:\/\/demo.webmediaplus.com\/icras\/wp-json\/wp\/v2\/pages\/7601\/revisions"}],"predecessor-version":[{"id":7625,"href":"https:\/\/demo.webmediaplus.com\/icras\/wp-json\/wp\/v2\/pages\/7601\/revisions\/7625"}],"wp:attachment":[{"href":"https:\/\/demo.webmediaplus.com\/icras\/wp-json\/wp\/v2\/media?parent=7601"}],"curies":[{"name":"wp","href":"https:\/\/api.w.org\/{rel}","templated":true}]}}