{"id":4679,"date":"2020-09-21T14:48:17","date_gmt":"2020-09-21T14:48:17","guid":{"rendered":"https:\/\/homeupstech.com\/?page_id=4679"},"modified":"2022-03-01T18:22:10","modified_gmt":"2022-03-01T18:22:10","slug":"garantias","status":"publish","type":"page","link":"https:\/\/demo.webmediaplus.com\/homeups\/garantias\/","title":{"rendered":"Garant\u00edas"},"content":{"rendered":"\t\t<div data-elementor-type=\"wp-page\" data-elementor-id=\"4679\" class=\"elementor elementor-4679\" data-elementor-settings=\"[]\">\n\t\t\t\t\t\t<div class=\"elementor-inner\">\n\t\t\t\t\t\t\t<div class=\"elementor-section-wrap\">\n\t\t\t\t\t\t\t<section class=\"elementor-section elementor-top-section elementor-element elementor-element-93ab844 elementor-section-stretched elementor-section-boxed elementor-section-gap-beside-yes elementor-section-height-default elementor-section-height-default elementor-section-column-vertical-align-stretch\" data-id=\"93ab844\" data-element_type=\"section\" data-settings=\"{&quot;stretch_section&quot;:&quot;section-stretched&quot;,&quot;background_background&quot;:&quot;classic&quot;}\">\n\t\t\t\t\t\t\t<div class=\"elementor-background-overlay\"><\/div>\n\t\t\t\t\t\t\t<div class=\"elementor-container elementor-column-gap-extended\">\n\t\t\t\t\t\t\t<div class=\"elementor-row\">\n\t\t\t\t\t<div class=\"elementor-column elementor-col-100 elementor-top-column elementor-element elementor-element-64e17d5\" data-id=\"64e17d5\" data-element_type=\"column\">\n\t\t\t<div class=\"elementor-column-wrap elementor-element-populated\">\n\t\t\t\t\t\t\t<div class=\"elementor-widget-wrap\">\n\t\t\t\t\t\t<section class=\"elementor-section elementor-inner-section elementor-element elementor-element-b8b1829 elementor-section-boxed elementor-section-gap-beside-yes elementor-section-height-default elementor-section-height-default elementor-section-content-align-center elementor-section-column-vertical-align-stretch\" data-id=\"b8b1829\" data-element_type=\"section\">\n\t\t\t\t\t\t<div class=\"elementor-container elementor-column-gap-extended\">\n\t\t\t\t\t\t\t<div class=\"elementor-row\">\n\t\t\t\t\t<div class=\"elementor-column elementor-col-100 elementor-inner-column elementor-element elementor-element-eca13c6 elementor-invisible\" data-id=\"eca13c6\" data-element_type=\"column\" data-settings=\"{&quot;animation&quot;:&quot;billyFadeInUp&quot;,&quot;animation_delay&quot;:300}\">\n\t\t\t<div class=\"elementor-column-wrap elementor-element-populated\">\n\t\t\t\t\t\t\t<div class=\"elementor-widget-wrap\">\n\t\t\t\t\t\t<div class=\"elementor-element elementor-element-94b7ad8 elementor-widget elementor-widget-tm-heading\" data-id=\"94b7ad8\" data-element_type=\"widget\" data-widget_type=\"tm-heading.default\">\n\t\t\t\t<div class=\"elementor-widget-container\">\n\t\t\t\t\t<div class=\"tm-modern-heading\">\n\t\t\t\n\t\t\t\t\t<div class=\"heading-primary-wrap\">\n\t\t\t<h2 class=\"heading-primary elementor-heading-title\">Manual de Uso, Garant\u00edas y Soporte T\u00e9cnico<\/h2>\t\t<\/div>\n\t\t\n\t\t\t\n\t\t\t\t\t<div class=\"heading-description-wrap\">\n\t\t\t<div class=\"heading-description\">\n\t\t\t\t<p>Home Ups Technologies ofrece 1 a\u00f1o de garant\u00eda contra defectos de fabricaci\u00f3n, en su equipo de Suministro ininterrumpido de energ\u00eda el\u00e9ctrica.<\/p>\t\t\t<\/div>\n\t\t<\/div>\n\t\t\t<\/div>\n\t\t\t\t<\/div>\n\t\t\t\t<\/div>\n\t\t\t\t<div class=\"elementor-element elementor-element-efc1bf2 billey-link-animate-border elementor-widget elementor-widget-tm-heading\" data-id=\"efc1bf2\" data-element_type=\"widget\" data-widget_type=\"tm-heading.default\">\n\t\t\t\t<div class=\"elementor-widget-container\">\n\t\t\t\t\t<div class=\"tm-modern-heading\">\n\t\t\t\n\t\t\t\t\t<div class=\"heading-primary-wrap\">\n\t\t\t<h2 class=\"heading-primary elementor-heading-title\"><p>Puede llamarnos a <a href=\"tel:(+58) 29526273381\"><mark>(+58)  295 2627338 <\/mark><\/a> o env\u00edenos un correo a <a href=\"mailto:care@homeupstech.com\" target=\"_blank\">care@homeupstech.com<\/a><\/p><\/h2>\t\t<\/div>\n\t\t\n\t\t\t\n\t\t\t\t\t<\/div>\n\t\t\t\t<\/div>\n\t\t\t\t<\/div>\n\t\t\t\t\t\t<\/div>\n\t\t\t\t\t<\/div>\n\t\t<\/div>\n\t\t\t\t\t\t\t\t<\/div>\n\t\t\t\t\t<\/div>\n\t\t<\/section>\n\t\t\t\t\t\t<\/div>\n\t\t\t\t\t<\/div>\n\t\t<\/div>\n\t\t\t\t\t\t\t\t<\/div>\n\t\t\t\t\t<\/div>\n\t\t<\/section>\n\t\t\t\t<section class=\"elementor-section elementor-top-section elementor-element elementor-element-6e03ee6 elementor-section-boxed elementor-section-gap-beside-yes elementor-section-height-default elementor-section-height-default elementor-section-column-vertical-align-stretch\" data-id=\"6e03ee6\" data-element_type=\"section\">\n\t\t\t\t\t\t<div class=\"elementor-container elementor-column-gap-extended\">\n\t\t\t\t\t\t\t<div class=\"elementor-row\">\n\t\t\t\t\t<div class=\"elementor-column elementor-col-100 elementor-top-column elementor-element elementor-element-a9ad7db\" data-id=\"a9ad7db\" data-element_type=\"column\">\n\t\t\t<div class=\"elementor-column-wrap elementor-element-populated\">\n\t\t\t\t\t\t\t<div class=\"elementor-widget-wrap\">\n\t\t\t\t\t\t<section class=\"elementor-section elementor-inner-section elementor-element elementor-element-a10c6cc elementor-section-gap-beside-no elementor-section-boxed elementor-section-height-default elementor-section-height-default elementor-section-column-vertical-align-stretch\" data-id=\"a10c6cc\" data-element_type=\"section\">\n\t\t\t\t\t\t<div class=\"elementor-container elementor-column-gap-extended\">\n\t\t\t\t\t\t\t<div class=\"elementor-row\">\n\t\t\t\t\t<div class=\"elementor-column elementor-col-100 elementor-inner-column elementor-element elementor-element-8155831\" data-id=\"8155831\" data-element_type=\"column\">\n\t\t\t<div class=\"elementor-column-wrap elementor-element-populated\">\n\t\t\t\t\t\t\t<div class=\"elementor-widget-wrap\">\n\t\t\t\t\t\t<div class=\"elementor-element elementor-element-c3a8b1c elementor-widget elementor-widget-tm-heading\" data-id=\"c3a8b1c\" data-element_type=\"widget\" data-widget_type=\"tm-heading.default\">\n\t\t\t\t<div class=\"elementor-widget-container\">\n\t\t\t\t\t<div class=\"tm-modern-heading\">\n\t\t\t\n\t\t\t\t\t<div class=\"heading-primary-wrap\">\n\t\t\t<h2 class=\"heading-primary elementor-heading-title\">T\u00e9rminos y condiciones de garant\u00eda<\/h2>\t\t<\/div>\n\t\t\n\t\t\t\n\t\t\t\t\t<div class=\"heading-description-wrap\">\n\t\t\t<div class=\"heading-description\">\n\t\t\t\tEl t\u00e9rmino de garant\u00eda, comienza con la fecha de compra, tal y como lo indica en la tarjeta de registro de garant\u00eda entregado por la empresa. Esta garant\u00eda aplica para el comprador original del producto, y si es transferido solo si el equipo permanece instalado en su ubicaci\u00f3n original, certificado por nuestro personal t\u00e9cnico de instalaciones.\t\t\t<\/div>\n\t\t<\/div>\n\t\t\t<\/div>\n\t\t\t\t<\/div>\n\t\t\t\t<\/div>\n\t\t\t\t<div class=\"elementor-element elementor-element-8292d6e elementor-widget elementor-widget-tm-heading\" data-id=\"8292d6e\" data-element_type=\"widget\" data-widget_type=\"tm-heading.default\">\n\t\t\t\t<div class=\"elementor-widget-container\">\n\t\t\t\t\t<div class=\"tm-modern-heading\">\n\t\t\t\n\t\t\t\t\t<div class=\"heading-primary-wrap\">\n\t\t\t<h2 class=\"heading-primary elementor-heading-title\">La garant\u00eda no aplica si, alg\u00fan equipo o cualquiera de sus partes ha sido modificada o da\u00f1ada de la siguiente manera:<\/h2>\t\t<\/div>\n\t\t\n\t\t\t\n\t\t\t\t\t<div class=\"heading-description-wrap\">\n\t\t\t<div class=\"heading-description\">\n\t\t\t\t<ul>\n \t<li>Haber movido el equipo una vez instalado, sin el personal capacitado por la empresa.<\/li>\n \t<li>Da\u00f1os causados por degaste y uso.<\/li>\n \t<li>Accidente o Abuso.<\/li>\n \t<li>Corrosi\u00f3n.<\/li>\n \t<li>Reparaciones o servicios prestados por empresas o personal no autorizado por la empresa.<\/li>\n \t<li>Empleo contrario a las instrucciones del manual de uso.<\/li>\n \t<li>Incendio, inundaciones\u00a0o cualquier causa de desastre natural.<\/li>\n \t<li>Da\u00f1o accidental o causado por el uso de otros equipos conectados al Home Ups.<\/li>\n \t<li>Cualquier equipo cuyo serial\u00a0o precinto de seguridad\u00a0haya sido alterado o removido.<\/li>\n<\/ul>\t\t\t<\/div>\n\t\t<\/div>\n\t\t\t<\/div>\n\t\t\t\t<\/div>\n\t\t\t\t<\/div>\n\t\t\t\t<div class=\"elementor-element elementor-element-66bbb9b elementor-widget elementor-widget-tm-heading\" data-id=\"66bbb9b\" data-element_type=\"widget\" data-widget_type=\"tm-heading.default\">\n\t\t\t\t<div class=\"elementor-widget-container\">\n\t\t\t\t\t<div class=\"tm-modern-heading\">\n\t\t\t\n\t\t\t\n\t\t\t\n\t\t\t\t\t<div class=\"heading-description-wrap\">\n\t\t\t<div class=\"heading-description\">\n\t\t\t\t<p>Nuestra responsabilidad ante cualquier desperfecto del equipo o sus partes est\u00e1 limitada a la reparaci\u00f3n o reemplazo del producto a nuestra discreci\u00f3n, No garantizamos trabajos realizados por personas o firmas ajenas a nuestra empresa, esta garant\u00eda no cubre costos de instalaci\u00f3n, eliminaci\u00f3n, env\u00edo, reinstalaci\u00f3n del producto o sus partes.<br \/>Est\u00e1 limitada y aplica exclusivamente a nuestros productos Tambi\u00e9n limitamos expresamente en caso de un defecto del producto el compromiso de la empresa ser\u00e1 reparar el equipo, excluye toda responsabilidad por da\u00f1os incidentales o consecuentes, incluida, entre otras, cualquier responsabilidad por productos que no est\u00e1n disponibles para su uso o p\u00e9rdida de ingresos o ganancias, incluso si se tiene conocimiento de tales da\u00f1os.<\/p>\t\t\t<\/div>\n\t\t<\/div>\n\t\t\t<\/div>\n\t\t\t\t<\/div>\n\t\t\t\t<\/div>\n\t\t\t\t<div class=\"elementor-element elementor-element-ef31c22 elementor-widget elementor-widget-tm-heading\" data-id=\"ef31c22\" data-element_type=\"widget\" data-widget_type=\"tm-heading.default\">\n\t\t\t\t<div class=\"elementor-widget-container\">\n\t\t\t\t\t<div class=\"tm-modern-heading\">\n\t\t\t\n\t\t\t\t\t<div class=\"heading-primary-wrap\">\n\t\t\t<h2 class=\"heading-primary elementor-heading-title\">C\u00f3mo solicitar el Servicio de Garant\u00eda<\/h2>\t\t<\/div>\n\t\t\n\t\t\t\n\t\t\t\t\t<div class=\"heading-description-wrap\">\n\t\t\t<div class=\"heading-description\">\n\t\t\t\tDurante el per\u00edodo de validez de la garant\u00eda que inicia con la fecha de compra en la factura, repararemos los equipos cubiertos bajo esta garant\u00eda limitada que sean llevados a nuestra \u00e1rea de servicios autorizada.\t\t\t<\/div>\n\t\t<\/div>\n\t\t\t<\/div>\n\t\t\t\t<\/div>\n\t\t\t\t<\/div>\n\t\t\t\t\t\t<\/div>\n\t\t\t\t\t<\/div>\n\t\t<\/div>\n\t\t\t\t\t\t\t\t<\/div>\n\t\t\t\t\t<\/div>\n\t\t<\/section>\n\t\t\t\t<section class=\"elementor-section elementor-inner-section elementor-element elementor-element-24b2f4f elementor-section-gap-beside-no elementor-section-boxed elementor-section-height-default elementor-section-height-default elementor-section-column-vertical-align-stretch\" data-id=\"24b2f4f\" data-element_type=\"section\">\n\t\t\t\t\t\t<div class=\"elementor-container elementor-column-gap-extended\">\n\t\t\t\t\t\t\t<div class=\"elementor-row\">\n\t\t\t\t\t<div class=\"elementor-column elementor-col-100 elementor-inner-column elementor-element elementor-element-94eea21\" data-id=\"94eea21\" data-element_type=\"column\">\n\t\t\t<div class=\"elementor-column-wrap elementor-element-populated\">\n\t\t\t\t\t\t\t<div class=\"elementor-widget-wrap\">\n\t\t\t\t\t\t<div class=\"elementor-element elementor-element-4b10dff billey-link-animate-border elementor-widget elementor-widget-tm-heading\" data-id=\"4b10dff\" data-element_type=\"widget\" data-widget_type=\"tm-heading.default\">\n\t\t\t\t<div class=\"elementor-widget-container\">\n\t\t\t\t\t<div class=\"tm-modern-heading\">\n\t\t\t\n\t\t\t\t\t<div class=\"heading-primary-wrap\">\n\t\t\t<h2 class=\"heading-primary elementor-heading-title\">\u00bfNo pudiste encontrar tu respuesta?<a href=\"https:\/\/homeupstech.com\/contacto\/\"><mark> Haz una pregunta<\/mark><\/a><\/h2>\t\t<\/div>\n\t\t\n\t\t\t\n\t\t\t\t\t<\/div>\n\t\t\t\t<\/div>\n\t\t\t\t<\/div>\n\t\t\t\t\t\t<\/div>\n\t\t\t\t\t<\/div>\n\t\t<\/div>\n\t\t\t\t\t\t\t\t<\/div>\n\t\t\t\t\t<\/div>\n\t\t<\/section>\n\t\t\t\t\t\t<\/div>\n\t\t\t\t\t<\/div>\n\t\t<\/div>\n\t\t\t\t\t\t\t\t<\/div>\n\t\t\t\t\t<\/div>\n\t\t<\/section>\n\t\t\t\t\t\t<\/div>\n\t\t\t\t\t\t<\/div>\n\t\t\t\t\t<\/div>\n\t\t","protected":false},"excerpt":{"rendered":"<p>Manual de Uso, Garant\u00edas y Soporte T\u00e9cnico Home Ups Technologies ofrece 1 a\u00f1o de garant\u00eda contra defectos de fabricaci\u00f3n, en su equipo de Suministro ininterrumpido de energ\u00eda el\u00e9ctrica. Puede llamarnos a (+58) 295 2627338 o env\u00edenos un correo a care@homeupstech.com T\u00e9rminos y condiciones de garant\u00eda El t\u00e9rmino de garant\u00eda, comienza con la fecha de compra, tal y como lo indica en la tarjeta de registro de garant\u00eda entregado por la empresa. Esta garant\u00eda aplica para el comprador original del producto, y si es transferido solo si el equipo permanece instalado en su ubicaci\u00f3n original, certificado por nuestro personal t\u00e9cnico de instalaciones. La garant\u00eda no aplica si, alg\u00fan equipo o cualquiera de sus partes ha sido modificada o da\u00f1ada de la siguiente manera: Haber movido el equipo una vez instalado, sin el personal capacitado por la empresa. Da\u00f1os causados por degaste y uso. Accidente o Abuso. Corrosi\u00f3n. Reparaciones o servicios prestados por empresas o personal no autorizado por la empresa. Empleo contrario a las instrucciones del manual de uso. Incendio, inundaciones\u00a0o cualquier causa de desastre natural. Da\u00f1o accidental o causado por el uso de otros equipos conectados al Home Ups. Cualquier equipo cuyo serial\u00a0o precinto de seguridad\u00a0haya sido alterado o removido. Nuestra responsabilidad ante cualquier desperfecto del equipo o sus partes est\u00e1 limitada a la reparaci\u00f3n o reemplazo del producto a nuestra discreci\u00f3n, No garantizamos trabajos realizados por personas o firmas ajenas a nuestra empresa, esta garant\u00eda no cubre costos de instalaci\u00f3n, eliminaci\u00f3n, env\u00edo, reinstalaci\u00f3n del producto o sus partes.Est\u00e1 limitada y aplica exclusivamente a nuestros productos Tambi\u00e9n limitamos expresamente en caso de un defecto del producto el compromiso de la empresa ser\u00e1 reparar el equipo, excluye toda responsabilidad por da\u00f1os incidentales o consecuentes, incluida, entre otras, cualquier responsabilidad por productos que no est\u00e1n disponibles para su uso o p\u00e9rdida de ingresos o ganancias, incluso si se tiene conocimiento de tales da\u00f1os. C\u00f3mo solicitar el Servicio de Garant\u00eda Durante el per\u00edodo de validez de la garant\u00eda que inicia con la fecha de compra en la factura, repararemos los equipos cubiertos bajo esta garant\u00eda limitada que sean llevados a nuestra \u00e1rea de servicios autorizada. \u00bfNo pudiste encontrar tu respuesta? Haz una pregunta<\/p>\n","protected":false},"author":1,"featured_media":0,"parent":0,"menu_order":0,"comment_status":"closed","ping_status":"closed","template":"","meta":[],"yoast_head":"<!-- This site is optimized with the Yoast SEO plugin v18.7 - https:\/\/yoast.com\/wordpress\/plugins\/seo\/ -->\n<title>Garant\u00edas - Home UPS Tech<\/title>\n<meta name=\"robots\" content=\"index, follow, max-snippet:-1, max-image-preview:large, max-video-preview:-1\" \/>\n<link rel=\"canonical\" href=\"https:\/\/demo.webmediaplus.com\/homeups\/garantias\/\" \/>\n<meta property=\"og:locale\" content=\"en_US\" \/>\n<meta property=\"og:type\" content=\"article\" \/>\n<meta property=\"og:title\" content=\"Garant\u00edas - Home UPS Tech\" \/>\n<meta property=\"og:description\" content=\"Manual de Uso, Garant\u00edas y Soporte T\u00e9cnico Home Ups Technologies ofrece 1 a\u00f1o de garant\u00eda contra defectos de fabricaci\u00f3n, en su equipo de Suministro ininterrumpido de energ\u00eda el\u00e9ctrica. Puede llamarnos a (+58) 295 2627338 o env\u00edenos un correo a care@homeupstech.com T\u00e9rminos y condiciones de garant\u00eda El t\u00e9rmino de garant\u00eda, comienza con la fecha de compra, tal y como lo indica en la tarjeta de registro de garant\u00eda entregado por la empresa. Esta garant\u00eda aplica para el comprador original del producto, y si es transferido solo si el equipo permanece instalado en su ubicaci\u00f3n original, certificado por nuestro personal t\u00e9cnico de instalaciones. La garant\u00eda no aplica si, alg\u00fan equipo o cualquiera de sus partes ha sido modificada o da\u00f1ada de la siguiente manera: Haber movido el equipo una vez instalado, sin el personal capacitado por la empresa. Da\u00f1os causados por degaste y uso. Accidente o Abuso. Corrosi\u00f3n. Reparaciones o servicios prestados por empresas o personal no autorizado por la empresa. Empleo contrario a las instrucciones del manual de uso. Incendio, inundaciones\u00a0o cualquier causa de desastre natural. Da\u00f1o accidental o causado por el uso de otros equipos conectados al Home Ups. Cualquier equipo cuyo serial\u00a0o precinto de seguridad\u00a0haya sido alterado o removido. Nuestra responsabilidad ante cualquier desperfecto del equipo o sus partes est\u00e1 limitada a la reparaci\u00f3n o reemplazo del producto a nuestra discreci\u00f3n, No garantizamos trabajos realizados por personas o firmas ajenas a nuestra empresa, esta garant\u00eda no cubre costos de instalaci\u00f3n, eliminaci\u00f3n, env\u00edo, reinstalaci\u00f3n del producto o sus partes.Est\u00e1 limitada y aplica exclusivamente a nuestros productos Tambi\u00e9n limitamos expresamente en caso de un defecto del producto el compromiso de la empresa ser\u00e1 reparar el equipo, excluye toda responsabilidad por da\u00f1os incidentales o consecuentes, incluida, entre otras, cualquier responsabilidad por productos que no est\u00e1n disponibles para su uso o p\u00e9rdida de ingresos o ganancias, incluso si se tiene conocimiento de tales da\u00f1os. C\u00f3mo solicitar el Servicio de Garant\u00eda Durante el per\u00edodo de validez de la garant\u00eda que inicia con la fecha de compra en la factura, repararemos los equipos cubiertos bajo esta garant\u00eda limitada que sean llevados a nuestra \u00e1rea de servicios autorizada. \u00bfNo pudiste encontrar tu respuesta? Haz una pregunta\" \/>\n<meta property=\"og:url\" content=\"https:\/\/demo.webmediaplus.com\/homeups\/garantias\/\" \/>\n<meta property=\"og:site_name\" content=\"Home UPS Tech\" \/>\n<meta property=\"article:modified_time\" content=\"2022-03-01T18:22:10+00:00\" \/>\n<meta name=\"twitter:card\" content=\"summary_large_image\" \/>\n<meta name=\"twitter:label1\" content=\"Est. reading time\" \/>\n\t<meta name=\"twitter:data1\" content=\"2 minutes\" \/>\n<script type=\"application\/ld+json\" class=\"yoast-schema-graph\">{\"@context\":\"https:\/\/schema.org\",\"@graph\":[{\"@type\":\"WebSite\",\"@id\":\"https:\/\/demo.webmediaplus.com\/homeups\/#website\",\"url\":\"https:\/\/demo.webmediaplus.com\/homeups\/\",\"name\":\"Home UPS Tech\",\"description\":\"Home UPS Tech\",\"potentialAction\":[{\"@type\":\"SearchAction\",\"target\":{\"@type\":\"EntryPoint\",\"urlTemplate\":\"https:\/\/demo.webmediaplus.com\/homeups\/?s={search_term_string}\"},\"query-input\":\"required name=search_term_string\"}],\"inLanguage\":\"en-US\"},{\"@type\":\"WebPage\",\"@id\":\"https:\/\/demo.webmediaplus.com\/homeups\/garantias\/#webpage\",\"url\":\"https:\/\/demo.webmediaplus.com\/homeups\/garantias\/\",\"name\":\"Garant\u00edas - Home UPS Tech\",\"isPartOf\":{\"@id\":\"https:\/\/demo.webmediaplus.com\/homeups\/#website\"},\"datePublished\":\"2020-09-21T14:48:17+00:00\",\"dateModified\":\"2022-03-01T18:22:10+00:00\",\"breadcrumb\":{\"@id\":\"https:\/\/demo.webmediaplus.com\/homeups\/garantias\/#breadcrumb\"},\"inLanguage\":\"en-US\",\"potentialAction\":[{\"@type\":\"ReadAction\",\"target\":[\"https:\/\/demo.webmediaplus.com\/homeups\/garantias\/\"]}]},{\"@type\":\"BreadcrumbList\",\"@id\":\"https:\/\/demo.webmediaplus.com\/homeups\/garantias\/#breadcrumb\",\"itemListElement\":[{\"@type\":\"ListItem\",\"position\":1,\"name\":\"Home\",\"item\":\"https:\/\/demo.webmediaplus.com\/homeups\/\"},{\"@type\":\"ListItem\",\"position\":2,\"name\":\"Garant\u00edas\"}]}]}<\/script>\n<!-- \/ Yoast SEO plugin. -->","yoast_head_json":{"title":"Garant\u00edas - Home UPS Tech","robots":{"index":"index","follow":"follow","max-snippet":"max-snippet:-1","max-image-preview":"max-image-preview:large","max-video-preview":"max-video-preview:-1"},"canonical":"https:\/\/demo.webmediaplus.com\/homeups\/garantias\/","og_locale":"en_US","og_type":"article","og_title":"Garant\u00edas - Home UPS Tech","og_description":"Manual de Uso, Garant\u00edas y Soporte T\u00e9cnico Home Ups Technologies ofrece 1 a\u00f1o de garant\u00eda contra defectos de fabricaci\u00f3n, en su equipo de Suministro ininterrumpido de energ\u00eda el\u00e9ctrica. Puede llamarnos a (+58) 295 2627338 o env\u00edenos un correo a care@homeupstech.com T\u00e9rminos y condiciones de garant\u00eda El t\u00e9rmino de garant\u00eda, comienza con la fecha de compra, tal y como lo indica en la tarjeta de registro de garant\u00eda entregado por la empresa. Esta garant\u00eda aplica para el comprador original del producto, y si es transferido solo si el equipo permanece instalado en su ubicaci\u00f3n original, certificado por nuestro personal t\u00e9cnico de instalaciones. La garant\u00eda no aplica si, alg\u00fan equipo o cualquiera de sus partes ha sido modificada o da\u00f1ada de la siguiente manera: Haber movido el equipo una vez instalado, sin el personal capacitado por la empresa. Da\u00f1os causados por degaste y uso. Accidente o Abuso. Corrosi\u00f3n. Reparaciones o servicios prestados por empresas o personal no autorizado por la empresa. Empleo contrario a las instrucciones del manual de uso. Incendio, inundaciones\u00a0o cualquier causa de desastre natural. Da\u00f1o accidental o causado por el uso de otros equipos conectados al Home Ups. Cualquier equipo cuyo serial\u00a0o precinto de seguridad\u00a0haya sido alterado o removido. Nuestra responsabilidad ante cualquier desperfecto del equipo o sus partes est\u00e1 limitada a la reparaci\u00f3n o reemplazo del producto a nuestra discreci\u00f3n, No garantizamos trabajos realizados por personas o firmas ajenas a nuestra empresa, esta garant\u00eda no cubre costos de instalaci\u00f3n, eliminaci\u00f3n, env\u00edo, reinstalaci\u00f3n del producto o sus partes.Est\u00e1 limitada y aplica exclusivamente a nuestros productos Tambi\u00e9n limitamos expresamente en caso de un defecto del producto el compromiso de la empresa ser\u00e1 reparar el equipo, excluye toda responsabilidad por da\u00f1os incidentales o consecuentes, incluida, entre otras, cualquier responsabilidad por productos que no est\u00e1n disponibles para su uso o p\u00e9rdida de ingresos o ganancias, incluso si se tiene conocimiento de tales da\u00f1os. C\u00f3mo solicitar el Servicio de Garant\u00eda Durante el per\u00edodo de validez de la garant\u00eda que inicia con la fecha de compra en la factura, repararemos los equipos cubiertos bajo esta garant\u00eda limitada que sean llevados a nuestra \u00e1rea de servicios autorizada. \u00bfNo pudiste encontrar tu respuesta? Haz una pregunta","og_url":"https:\/\/demo.webmediaplus.com\/homeups\/garantias\/","og_site_name":"Home UPS Tech","article_modified_time":"2022-03-01T18:22:10+00:00","twitter_card":"summary_large_image","twitter_misc":{"Est. reading time":"2 minutes"},"schema":{"@context":"https:\/\/schema.org","@graph":[{"@type":"WebSite","@id":"https:\/\/demo.webmediaplus.com\/homeups\/#website","url":"https:\/\/demo.webmediaplus.com\/homeups\/","name":"Home UPS Tech","description":"Home UPS Tech","potentialAction":[{"@type":"SearchAction","target":{"@type":"EntryPoint","urlTemplate":"https:\/\/demo.webmediaplus.com\/homeups\/?s={search_term_string}"},"query-input":"required name=search_term_string"}],"inLanguage":"en-US"},{"@type":"WebPage","@id":"https:\/\/demo.webmediaplus.com\/homeups\/garantias\/#webpage","url":"https:\/\/demo.webmediaplus.com\/homeups\/garantias\/","name":"Garant\u00edas - Home UPS Tech","isPartOf":{"@id":"https:\/\/demo.webmediaplus.com\/homeups\/#website"},"datePublished":"2020-09-21T14:48:17+00:00","dateModified":"2022-03-01T18:22:10+00:00","breadcrumb":{"@id":"https:\/\/demo.webmediaplus.com\/homeups\/garantias\/#breadcrumb"},"inLanguage":"en-US","potentialAction":[{"@type":"ReadAction","target":["https:\/\/demo.webmediaplus.com\/homeups\/garantias\/"]}]},{"@type":"BreadcrumbList","@id":"https:\/\/demo.webmediaplus.com\/homeups\/garantias\/#breadcrumb","itemListElement":[{"@type":"ListItem","position":1,"name":"Home","item":"https:\/\/demo.webmediaplus.com\/homeups\/"},{"@type":"ListItem","position":2,"name":"Garant\u00edas"}]}]}},"_links":{"self":[{"href":"https:\/\/demo.webmediaplus.com\/homeups\/wp-json\/wp\/v2\/pages\/4679"}],"collection":[{"href":"https:\/\/demo.webmediaplus.com\/homeups\/wp-json\/wp\/v2\/pages"}],"about":[{"href":"https:\/\/demo.webmediaplus.com\/homeups\/wp-json\/wp\/v2\/types\/page"}],"author":[{"embeddable":true,"href":"https:\/\/demo.webmediaplus.com\/homeups\/wp-json\/wp\/v2\/users\/1"}],"replies":[{"embeddable":true,"href":"https:\/\/demo.webmediaplus.com\/homeups\/wp-json\/wp\/v2\/comments?post=4679"}],"version-history":[{"count":9,"href":"https:\/\/demo.webmediaplus.com\/homeups\/wp-json\/wp\/v2\/pages\/4679\/revisions"}],"predecessor-version":[{"id":5134,"href":"https:\/\/demo.webmediaplus.com\/homeups\/wp-json\/wp\/v2\/pages\/4679\/revisions\/5134"}],"wp:attachment":[{"href":"https:\/\/demo.webmediaplus.com\/homeups\/wp-json\/wp\/v2\/media?parent=4679"}],"curies":[{"name":"wp","href":"https:\/\/api.w.org\/{rel}","templated":true}]}}