{"id":4650,"date":"2020-09-21T02:11:23","date_gmt":"2020-09-21T02:11:23","guid":{"rendered":"https:\/\/homeupstech.com\/?page_id=4650"},"modified":"2022-03-01T18:57:28","modified_gmt":"2022-03-01T18:57:28","slug":"baterias","status":"publish","type":"page","link":"https:\/\/demo.webmediaplus.com\/homeups\/baterias\/","title":{"rendered":"Bater\u00edas"},"content":{"rendered":"\t\t<div data-elementor-type=\"wp-page\" data-elementor-id=\"4650\" class=\"elementor elementor-4650\" data-elementor-settings=\"[]\">\n\t\t\t\t\t\t<div class=\"elementor-inner\">\n\t\t\t\t\t\t\t<div class=\"elementor-section-wrap\">\n\t\t\t\t\t\t\t<section class=\"elementor-section elementor-top-section elementor-element elementor-element-0f355d6 elementor-section-stretched elementor-section-boxed elementor-section-gap-beside-yes elementor-section-height-default elementor-section-height-default elementor-section-column-vertical-align-stretch\" data-id=\"0f355d6\" data-element_type=\"section\" data-settings=\"{&quot;stretch_section&quot;:&quot;section-stretched&quot;,&quot;background_background&quot;:&quot;classic&quot;,&quot;shape_divider_bottom&quot;:&quot;curve-alt&quot;,&quot;shape_divider_bottom_negative&quot;:&quot;yes&quot;}\">\n\t\t\t\t\t<div class=\"elementor-shape elementor-shape-bottom\" data-negative=\"true\">\n\t\t\t<svg xmlns=\"http:\/\/www.w3.org\/2000\/svg\" viewBox=\"0 0 100 100\" preserveAspectRatio=\"none\" height=\"100\" class=\"curve-alt-nati-nhe\">\n\t<path class=\"elementor-shape-fill\" d=\"M 0 0 L0 100 L100 100 L100 0 Q 50 200 0 0\" \/>\n<\/svg>\n\t\t<\/div>\n\t\t\t\t\t<div class=\"elementor-container elementor-column-gap-extended\">\n\t\t\t\t\t\t\t<div class=\"elementor-row\">\n\t\t\t\t\t<div class=\"elementor-column elementor-col-100 elementor-top-column elementor-element elementor-element-d90257f elementor-invisible\" data-id=\"d90257f\" data-element_type=\"column\" data-settings=\"{&quot;animation&quot;:&quot;billyFadeInUp&quot;}\">\n\t\t\t<div class=\"elementor-column-wrap elementor-element-populated\">\n\t\t\t\t\t\t\t<div class=\"elementor-widget-wrap\">\n\t\t\t\t\t\t<div class=\"elementor-element elementor-element-f42f244 elementor-widget elementor-widget-image\" data-id=\"f42f244\" data-element_type=\"widget\" data-widget_type=\"image.default\">\n\t\t\t\t<div class=\"elementor-widget-container\">\n\t\t\t\t\t<div class=\"elementor-image\">\n\t\t\t\t\t\t\t\t\t\t<img width=\"750\" height=\"750\" src=\"https:\/\/demo.webmediaplus.com\/homeups\/wp-content\/uploads\/2020\/11\/swcw.png\" class=\"attachment-full size-full\" alt=\"\" loading=\"lazy\" srcset=\"https:\/\/demo.webmediaplus.com\/homeups\/wp-content\/uploads\/2020\/11\/swcw.png 750w, https:\/\/demo.webmediaplus.com\/homeups\/wp-content\/uploads\/2020\/11\/swcw-300x300.png 300w, https:\/\/demo.webmediaplus.com\/homeups\/wp-content\/uploads\/2020\/11\/swcw-150x150.png 150w, https:\/\/demo.webmediaplus.com\/homeups\/wp-content\/uploads\/2020\/11\/swcw-600x600.png 600w, https:\/\/demo.webmediaplus.com\/homeups\/wp-content\/uploads\/2020\/11\/swcw-100x100.png 100w, https:\/\/demo.webmediaplus.com\/homeups\/wp-content\/uploads\/2020\/11\/swcw-96x96.png 96w\" sizes=\"(max-width: 750px) 100vw, 750px\" \/>\t\t\t\t\t\t\t\t\t\t\t<\/div>\n\t\t\t\t<\/div>\n\t\t\t\t<\/div>\n\t\t\t\t\t\t<\/div>\n\t\t\t\t\t<\/div>\n\t\t<\/div>\n\t\t\t\t\t\t\t\t<\/div>\n\t\t\t\t\t<\/div>\n\t\t<\/section>\n\t\t\t\t<section class=\"elementor-section elementor-top-section elementor-element elementor-element-5d73bd6 elementor-section-boxed elementor-section-gap-beside-yes elementor-section-height-default elementor-section-height-default elementor-section-column-vertical-align-stretch\" data-id=\"5d73bd6\" data-element_type=\"section\">\n\t\t\t\t\t\t<div class=\"elementor-container elementor-column-gap-extended\">\n\t\t\t\t\t\t\t<div class=\"elementor-row\">\n\t\t\t\t\t<div class=\"elementor-column elementor-col-100 elementor-top-column elementor-element elementor-element-7cdb235\" data-id=\"7cdb235\" data-element_type=\"column\">\n\t\t\t<div class=\"elementor-column-wrap elementor-element-populated\">\n\t\t\t\t\t\t\t<div class=\"elementor-widget-wrap\">\n\t\t\t\t\t\t<section class=\"elementor-section elementor-inner-section elementor-element elementor-element-1f9899d elementor-section-gap-beside-no elementor-section-column-vertical-align-middle elementor-section-boxed elementor-section-height-default elementor-section-height-default elementor-section-content-align-center\" data-id=\"1f9899d\" data-element_type=\"section\">\n\t\t\t\t\t\t<div class=\"elementor-container elementor-column-gap-default\">\n\t\t\t\t\t\t\t<div class=\"elementor-row\">\n\t\t\t\t\t<div class=\"elementor-column elementor-col-100 elementor-inner-column elementor-element elementor-element-7cf3ae4\" data-id=\"7cf3ae4\" data-element_type=\"column\">\n\t\t\t<div class=\"elementor-column-wrap elementor-element-populated\">\n\t\t\t\t\t\t\t<div class=\"elementor-widget-wrap\">\n\t\t\t\t\t\t<div class=\"elementor-element elementor-element-e4c021f elementor-invisible elementor-widget elementor-widget-tm-heading\" data-id=\"e4c021f\" data-element_type=\"widget\" data-settings=\"{&quot;_animation&quot;:&quot;billeyFadeInUp&quot;}\" data-widget_type=\"tm-heading.default\">\n\t\t\t\t<div class=\"elementor-widget-container\">\n\t\t\t\t\t<div class=\"tm-modern-heading\">\n\t\t\t\n\t\t\t\t\t<div class=\"heading-primary-wrap\">\n\t\t\t<h2 class=\"heading-primary elementor-heading-title\">Bater\u00edas para tu Home UPS<\/h2>\t\t<\/div>\n\t\t\n\t\t\t\n\t\t\t\t\t<div class=\"heading-description-wrap\">\n\t\t\t<div class=\"heading-description\">\n\t\t\t\t<p>Contamos con las bater\u00edas de ciclo profundo especialmente dise\u00f1adas para el mayor rendimiento de su Home Ups, con una larga vida \u00fatil en cualquier condici\u00f3n ambiental.<\/p>\t\t\t<\/div>\n\t\t<\/div>\n\t\t\t<\/div>\n\t\t\t\t<\/div>\n\t\t\t\t<\/div>\n\t\t\t\t<div class=\"elementor-element elementor-element-17413df elementor-widget elementor-widget-image\" data-id=\"17413df\" data-element_type=\"widget\" data-widget_type=\"image.default\">\n\t\t\t\t<div class=\"elementor-widget-container\">\n\t\t\t\t\t<div class=\"elementor-image\">\n\t\t\t\t\t\t\t\t\t\t<img width=\"951\" height=\"543\" src=\"https:\/\/demo.webmediaplus.com\/homeups\/wp-content\/uploads\/2022\/03\/cuadro-baterias.png\" class=\"attachment-full size-full\" alt=\"\" loading=\"lazy\" srcset=\"https:\/\/demo.webmediaplus.com\/homeups\/wp-content\/uploads\/2022\/03\/cuadro-baterias.png 951w, https:\/\/demo.webmediaplus.com\/homeups\/wp-content\/uploads\/2022\/03\/cuadro-baterias-300x171.png 300w, https:\/\/demo.webmediaplus.com\/homeups\/wp-content\/uploads\/2022\/03\/cuadro-baterias-768x439.png 768w\" sizes=\"(max-width: 951px) 100vw, 951px\" \/>\t\t\t\t\t\t\t\t\t\t\t<\/div>\n\t\t\t\t<\/div>\n\t\t\t\t<\/div>\n\t\t\t\t<div class=\"elementor-element elementor-element-9be085a elementor-widget elementor-widget-spacer\" data-id=\"9be085a\" data-element_type=\"widget\" data-widget_type=\"spacer.default\">\n\t\t\t\t<div class=\"elementor-widget-container\">\n\t\t\t\t\t<div class=\"elementor-spacer\">\n\t\t\t<div class=\"elementor-spacer-inner\"><\/div>\n\t\t<\/div>\n\t\t\t\t<\/div>\n\t\t\t\t<\/div>\n\t\t\t\t\t\t<\/div>\n\t\t\t\t\t<\/div>\n\t\t<\/div>\n\t\t\t\t\t\t\t\t<\/div>\n\t\t\t\t\t<\/div>\n\t\t<\/section>\n\t\t\t\t\t\t<\/div>\n\t\t\t\t\t<\/div>\n\t\t<\/div>\n\t\t\t\t\t\t\t\t<\/div>\n\t\t\t\t\t<\/div>\n\t\t<\/section>\n\t\t\t\t\t\t<\/div>\n\t\t\t\t\t\t<\/div>\n\t\t\t\t\t<\/div>\n\t\t","protected":false},"excerpt":{"rendered":"<p>Bater\u00edas para tu Home UPS Contamos con las bater\u00edas de ciclo profundo especialmente dise\u00f1adas para el mayor rendimiento de su Home Ups, con una larga vida \u00fatil en cualquier condici\u00f3n ambiental.<\/p>\n","protected":false},"author":1,"featured_media":0,"parent":0,"menu_order":0,"comment_status":"closed","ping_status":"closed","template":"elementor_header_footer","meta":[],"yoast_head":"<!-- This site is optimized with the Yoast SEO plugin v18.7 - https:\/\/yoast.com\/wordpress\/plugins\/seo\/ -->\n<title>Bater\u00edas - Home UPS Tech<\/title>\n<meta name=\"description\" content=\"Contamos con las bater\u00edas de ciclo profundo especialmente dise\u00f1adas para el mayor rendimiento de su Home Ups, con una larga vida \u00fatil.\" \/>\n<meta name=\"robots\" content=\"index, follow, max-snippet:-1, max-image-preview:large, max-video-preview:-1\" \/>\n<link rel=\"canonical\" href=\"https:\/\/demo.webmediaplus.com\/homeups\/baterias\/\" \/>\n<meta property=\"og:locale\" content=\"en_US\" \/>\n<meta property=\"og:type\" content=\"article\" \/>\n<meta property=\"og:title\" content=\"Bater\u00edas - Home UPS Tech\" \/>\n<meta property=\"og:description\" content=\"Contamos con las bater\u00edas de ciclo profundo especialmente dise\u00f1adas para el mayor rendimiento de su Home Ups, con una larga vida \u00fatil.\" \/>\n<meta property=\"og:url\" content=\"https:\/\/demo.webmediaplus.com\/homeups\/baterias\/\" \/>\n<meta property=\"og:site_name\" content=\"Home UPS Tech\" \/>\n<meta property=\"article:modified_time\" content=\"2022-03-01T18:57:28+00:00\" \/>\n<meta property=\"og:image\" content=\"https:\/\/homeupstech.com\/wp-content\/uploads\/2020\/11\/swcw.png\" \/>\n<meta name=\"twitter:card\" content=\"summary_large_image\" \/>\n<meta name=\"twitter:label1\" content=\"Est. reading time\" \/>\n\t<meta name=\"twitter:data1\" content=\"1 minute\" \/>\n<script type=\"application\/ld+json\" class=\"yoast-schema-graph\">{\"@context\":\"https:\/\/schema.org\",\"@graph\":[{\"@type\":\"WebSite\",\"@id\":\"https:\/\/demo.webmediaplus.com\/homeups\/#website\",\"url\":\"https:\/\/demo.webmediaplus.com\/homeups\/\",\"name\":\"Home UPS Tech\",\"description\":\"Home UPS Tech\",\"potentialAction\":[{\"@type\":\"SearchAction\",\"target\":{\"@type\":\"EntryPoint\",\"urlTemplate\":\"https:\/\/demo.webmediaplus.com\/homeups\/?s={search_term_string}\"},\"query-input\":\"required name=search_term_string\"}],\"inLanguage\":\"en-US\"},{\"@type\":\"ImageObject\",\"inLanguage\":\"en-US\",\"@id\":\"https:\/\/demo.webmediaplus.com\/homeups\/baterias\/#primaryimage\",\"url\":\"https:\/\/homeupstech.com\/wp-content\/uploads\/2020\/11\/swcw.png\",\"contentUrl\":\"https:\/\/homeupstech.com\/wp-content\/uploads\/2020\/11\/swcw.png\"},{\"@type\":\"WebPage\",\"@id\":\"https:\/\/demo.webmediaplus.com\/homeups\/baterias\/#webpage\",\"url\":\"https:\/\/demo.webmediaplus.com\/homeups\/baterias\/\",\"name\":\"Bater\u00edas - Home UPS Tech\",\"isPartOf\":{\"@id\":\"https:\/\/demo.webmediaplus.com\/homeups\/#website\"},\"primaryImageOfPage\":{\"@id\":\"https:\/\/demo.webmediaplus.com\/homeups\/baterias\/#primaryimage\"},\"datePublished\":\"2020-09-21T02:11:23+00:00\",\"dateModified\":\"2022-03-01T18:57:28+00:00\",\"description\":\"Contamos con las bater\u00edas de ciclo profundo especialmente dise\u00f1adas para el mayor rendimiento de su Home Ups, con una larga vida \u00fatil.\",\"breadcrumb\":{\"@id\":\"https:\/\/demo.webmediaplus.com\/homeups\/baterias\/#breadcrumb\"},\"inLanguage\":\"en-US\",\"potentialAction\":[{\"@type\":\"ReadAction\",\"target\":[\"https:\/\/demo.webmediaplus.com\/homeups\/baterias\/\"]}]},{\"@type\":\"BreadcrumbList\",\"@id\":\"https:\/\/demo.webmediaplus.com\/homeups\/baterias\/#breadcrumb\",\"itemListElement\":[{\"@type\":\"ListItem\",\"position\":1,\"name\":\"Home\",\"item\":\"https:\/\/demo.webmediaplus.com\/homeups\/\"},{\"@type\":\"ListItem\",\"position\":2,\"name\":\"Bater\u00edas\"}]}]}<\/script>\n<!-- \/ Yoast SEO plugin. -->","yoast_head_json":{"title":"Bater\u00edas - Home UPS Tech","description":"Contamos con las bater\u00edas de ciclo profundo especialmente dise\u00f1adas para el mayor rendimiento de su Home Ups, con una larga vida \u00fatil.","robots":{"index":"index","follow":"follow","max-snippet":"max-snippet:-1","max-image-preview":"max-image-preview:large","max-video-preview":"max-video-preview:-1"},"canonical":"https:\/\/demo.webmediaplus.com\/homeups\/baterias\/","og_locale":"en_US","og_type":"article","og_title":"Bater\u00edas - Home UPS Tech","og_description":"Contamos con las bater\u00edas de ciclo profundo especialmente dise\u00f1adas para el mayor rendimiento de su Home Ups, con una larga vida \u00fatil.","og_url":"https:\/\/demo.webmediaplus.com\/homeups\/baterias\/","og_site_name":"Home UPS Tech","article_modified_time":"2022-03-01T18:57:28+00:00","og_image":[{"url":"https:\/\/homeupstech.com\/wp-content\/uploads\/2020\/11\/swcw.png"}],"twitter_card":"summary_large_image","twitter_misc":{"Est. reading time":"1 minute"},"schema":{"@context":"https:\/\/schema.org","@graph":[{"@type":"WebSite","@id":"https:\/\/demo.webmediaplus.com\/homeups\/#website","url":"https:\/\/demo.webmediaplus.com\/homeups\/","name":"Home UPS Tech","description":"Home UPS Tech","potentialAction":[{"@type":"SearchAction","target":{"@type":"EntryPoint","urlTemplate":"https:\/\/demo.webmediaplus.com\/homeups\/?s={search_term_string}"},"query-input":"required name=search_term_string"}],"inLanguage":"en-US"},{"@type":"ImageObject","inLanguage":"en-US","@id":"https:\/\/demo.webmediaplus.com\/homeups\/baterias\/#primaryimage","url":"https:\/\/homeupstech.com\/wp-content\/uploads\/2020\/11\/swcw.png","contentUrl":"https:\/\/homeupstech.com\/wp-content\/uploads\/2020\/11\/swcw.png"},{"@type":"WebPage","@id":"https:\/\/demo.webmediaplus.com\/homeups\/baterias\/#webpage","url":"https:\/\/demo.webmediaplus.com\/homeups\/baterias\/","name":"Bater\u00edas - Home UPS Tech","isPartOf":{"@id":"https:\/\/demo.webmediaplus.com\/homeups\/#website"},"primaryImageOfPage":{"@id":"https:\/\/demo.webmediaplus.com\/homeups\/baterias\/#primaryimage"},"datePublished":"2020-09-21T02:11:23+00:00","dateModified":"2022-03-01T18:57:28+00:00","description":"Contamos con las bater\u00edas de ciclo profundo especialmente dise\u00f1adas para el mayor rendimiento de su Home Ups, con una larga vida \u00fatil.","breadcrumb":{"@id":"https:\/\/demo.webmediaplus.com\/homeups\/baterias\/#breadcrumb"},"inLanguage":"en-US","potentialAction":[{"@type":"ReadAction","target":["https:\/\/demo.webmediaplus.com\/homeups\/baterias\/"]}]},{"@type":"BreadcrumbList","@id":"https:\/\/demo.webmediaplus.com\/homeups\/baterias\/#breadcrumb","itemListElement":[{"@type":"ListItem","position":1,"name":"Home","item":"https:\/\/demo.webmediaplus.com\/homeups\/"},{"@type":"ListItem","position":2,"name":"Bater\u00edas"}]}]}},"_links":{"self":[{"href":"https:\/\/demo.webmediaplus.com\/homeups\/wp-json\/wp\/v2\/pages\/4650"}],"collection":[{"href":"https:\/\/demo.webmediaplus.com\/homeups\/wp-json\/wp\/v2\/pages"}],"about":[{"href":"https:\/\/demo.webmediaplus.com\/homeups\/wp-json\/wp\/v2\/types\/page"}],"author":[{"embeddable":true,"href":"https:\/\/demo.webmediaplus.com\/homeups\/wp-json\/wp\/v2\/users\/1"}],"replies":[{"embeddable":true,"href":"https:\/\/demo.webmediaplus.com\/homeups\/wp-json\/wp\/v2\/comments?post=4650"}],"version-history":[{"count":57,"href":"https:\/\/demo.webmediaplus.com\/homeups\/wp-json\/wp\/v2\/pages\/4650\/revisions"}],"predecessor-version":[{"id":5147,"href":"https:\/\/demo.webmediaplus.com\/homeups\/wp-json\/wp\/v2\/pages\/4650\/revisions\/5147"}],"wp:attachment":[{"href":"https:\/\/demo.webmediaplus.com\/homeups\/wp-json\/wp\/v2\/media?parent=4650"}],"curies":[{"name":"wp","href":"https:\/\/api.w.org\/{rel}","templated":true}]}}