{"id":4637,"date":"2020-09-21T00:43:49","date_gmt":"2020-09-21T00:43:49","guid":{"rendered":"https:\/\/homeupstech.com\/?page_id=4637"},"modified":"2022-03-01T18:56:10","modified_gmt":"2022-03-01T18:56:10","slug":"paneles-solares","status":"publish","type":"page","link":"https:\/\/demo.webmediaplus.com\/homeups\/paneles-solares\/","title":{"rendered":"Paneles Solares"},"content":{"rendered":"\t\t<div data-elementor-type=\"wp-page\" data-elementor-id=\"4637\" class=\"elementor elementor-4637\" data-elementor-settings=\"[]\">\n\t\t\t\t\t\t<div class=\"elementor-inner\">\n\t\t\t\t\t\t\t<div class=\"elementor-section-wrap\">\n\t\t\t\t\t\t\t<section class=\"elementor-section elementor-top-section elementor-element elementor-element-95df53a elementor-section-stretched elementor-section-boxed elementor-section-gap-beside-yes elementor-section-height-default elementor-section-height-default elementor-section-column-vertical-align-stretch\" data-id=\"95df53a\" data-element_type=\"section\" data-settings=\"{&quot;stretch_section&quot;:&quot;section-stretched&quot;,&quot;background_background&quot;:&quot;classic&quot;,&quot;shape_divider_bottom&quot;:&quot;curve-alt&quot;,&quot;shape_divider_bottom_negative&quot;:&quot;yes&quot;}\">\n\t\t\t\t\t<div class=\"elementor-shape elementor-shape-bottom\" data-negative=\"true\">\n\t\t\t<svg xmlns=\"http:\/\/www.w3.org\/2000\/svg\" viewBox=\"0 0 100 100\" preserveAspectRatio=\"none\" height=\"100\" class=\"curve-alt-nati-nhe\">\n\t<path class=\"elementor-shape-fill\" d=\"M 0 0 L0 100 L100 100 L100 0 Q 50 200 0 0\" \/>\n<\/svg>\n\t\t<\/div>\n\t\t\t\t\t<div class=\"elementor-container elementor-column-gap-extended\">\n\t\t\t\t\t\t\t<div class=\"elementor-row\">\n\t\t\t\t\t<div class=\"elementor-column elementor-col-100 elementor-top-column elementor-element elementor-element-47f8b0f elementor-invisible\" data-id=\"47f8b0f\" data-element_type=\"column\" data-settings=\"{&quot;animation&quot;:&quot;billyFadeInUp&quot;}\">\n\t\t\t<div class=\"elementor-column-wrap elementor-element-populated\">\n\t\t\t\t\t\t\t<div class=\"elementor-widget-wrap\">\n\t\t\t\t\t\t<div class=\"elementor-element elementor-element-f82e5a5 elementor-widget elementor-widget-image\" data-id=\"f82e5a5\" data-element_type=\"widget\" data-widget_type=\"image.default\">\n\t\t\t\t<div class=\"elementor-widget-container\">\n\t\t\t\t\t<div class=\"elementor-image\">\n\t\t\t\t\t\t\t\t\t\t<img width=\"750\" height=\"750\" src=\"https:\/\/demo.webmediaplus.com\/homeups\/wp-content\/uploads\/2020\/11\/bg-producto-qqkxkqkx.png\" class=\"attachment-full size-full\" alt=\"\" loading=\"lazy\" srcset=\"https:\/\/demo.webmediaplus.com\/homeups\/wp-content\/uploads\/2020\/11\/bg-producto-qqkxkqkx.png 750w, https:\/\/demo.webmediaplus.com\/homeups\/wp-content\/uploads\/2020\/11\/bg-producto-qqkxkqkx-300x300.png 300w, https:\/\/demo.webmediaplus.com\/homeups\/wp-content\/uploads\/2020\/11\/bg-producto-qqkxkqkx-150x150.png 150w, https:\/\/demo.webmediaplus.com\/homeups\/wp-content\/uploads\/2020\/11\/bg-producto-qqkxkqkx-600x600.png 600w, https:\/\/demo.webmediaplus.com\/homeups\/wp-content\/uploads\/2020\/11\/bg-producto-qqkxkqkx-100x100.png 100w, https:\/\/demo.webmediaplus.com\/homeups\/wp-content\/uploads\/2020\/11\/bg-producto-qqkxkqkx-96x96.png 96w\" sizes=\"(max-width: 750px) 100vw, 750px\" \/>\t\t\t\t\t\t\t\t\t\t\t<\/div>\n\t\t\t\t<\/div>\n\t\t\t\t<\/div>\n\t\t\t\t\t\t<\/div>\n\t\t\t\t\t<\/div>\n\t\t<\/div>\n\t\t\t\t\t\t\t\t<\/div>\n\t\t\t\t\t<\/div>\n\t\t<\/section>\n\t\t\t\t<section class=\"elementor-section elementor-top-section elementor-element elementor-element-a4dc2f6 elementor-section-stretched elementor-section-full_width elementor-section-gap-beside-yes elementor-section-height-default elementor-section-height-default elementor-section-column-vertical-align-stretch\" data-id=\"a4dc2f6\" data-element_type=\"section\" data-settings=\"{&quot;stretch_section&quot;:&quot;section-stretched&quot;,&quot;background_background&quot;:&quot;classic&quot;}\">\n\t\t\t\t\t\t<div class=\"elementor-container elementor-column-gap-extended\">\n\t\t\t\t\t\t\t<div class=\"elementor-row\">\n\t\t\t\t\t<div class=\"elementor-column elementor-col-100 elementor-top-column elementor-element elementor-element-3ab095b\" data-id=\"3ab095b\" data-element_type=\"column\">\n\t\t\t<div class=\"elementor-column-wrap elementor-element-populated\">\n\t\t\t\t\t\t\t<div class=\"elementor-widget-wrap\">\n\t\t\t\t\t\t<section class=\"elementor-section elementor-inner-section elementor-element elementor-element-c05a1f8 elementor-section-gap-beside-no elementor-section-column-vertical-align-middle elementor-section-boxed elementor-section-height-default elementor-section-height-default elementor-section-content-align-center\" data-id=\"c05a1f8\" data-element_type=\"section\">\n\t\t\t\t\t\t<div class=\"elementor-container elementor-column-gap-default\">\n\t\t\t\t\t\t\t<div class=\"elementor-row\">\n\t\t\t\t\t<div class=\"elementor-column elementor-col-50 elementor-inner-column elementor-element elementor-element-eb133bc\" data-id=\"eb133bc\" data-element_type=\"column\">\n\t\t\t<div class=\"elementor-column-wrap elementor-element-populated\">\n\t\t\t\t\t\t\t<div class=\"elementor-widget-wrap\">\n\t\t\t\t\t\t<div class=\"elementor-element elementor-element-5885d8e elementor-invisible elementor-widget elementor-widget-image\" data-id=\"5885d8e\" data-element_type=\"widget\" data-settings=\"{&quot;_animation&quot;:&quot;billeyFadeInUp&quot;}\" data-widget_type=\"image.default\">\n\t\t\t\t<div class=\"elementor-widget-container\">\n\t\t\t\t\t<div class=\"elementor-image\">\n\t\t\t\t\t\t\t\t\t\t<img width=\"300\" height=\"351\" src=\"https:\/\/demo.webmediaplus.com\/homeups\/wp-content\/uploads\/2020\/09\/Mono-crystalline-panel.png\" class=\"attachment-full size-full\" alt=\"\" loading=\"lazy\" srcset=\"https:\/\/demo.webmediaplus.com\/homeups\/wp-content\/uploads\/2020\/09\/Mono-crystalline-panel.png 300w, https:\/\/demo.webmediaplus.com\/homeups\/wp-content\/uploads\/2020\/09\/Mono-crystalline-panel-256x300.png 256w\" sizes=\"(max-width: 300px) 100vw, 300px\" \/>\t\t\t\t\t\t\t\t\t\t\t<\/div>\n\t\t\t\t<\/div>\n\t\t\t\t<\/div>\n\t\t\t\t\t\t<\/div>\n\t\t\t\t\t<\/div>\n\t\t<\/div>\n\t\t\t\t<div class=\"elementor-column elementor-col-50 elementor-inner-column elementor-element elementor-element-1d157f5\" data-id=\"1d157f5\" data-element_type=\"column\">\n\t\t\t<div class=\"elementor-column-wrap elementor-element-populated\">\n\t\t\t\t\t\t\t<div class=\"elementor-widget-wrap\">\n\t\t\t\t\t\t<div class=\"elementor-element elementor-element-d06e009 elementor-invisible elementor-widget elementor-widget-tm-heading\" data-id=\"d06e009\" data-element_type=\"widget\" data-settings=\"{&quot;_animation&quot;:&quot;billeyFadeInUp&quot;}\" data-widget_type=\"tm-heading.default\">\n\t\t\t\t<div class=\"elementor-widget-container\">\n\t\t\t\t\t<div class=\"tm-modern-heading\">\n\t\t\t\n\t\t\t\t\t<div class=\"heading-primary-wrap\">\n\t\t\t<h2 class=\"heading-primary elementor-heading-title\">Disfruta la tranquilad <br> de tu hogar<\/h2>\t\t<\/div>\n\t\t\n\t\t\t\n\t\t\t\t\t<div class=\"heading-description-wrap\">\n\t\t\t<div class=\"heading-description\">\n\t\t\t\tContamos con paneles solares construido de m\u00faltiples c\u00e9lulas fotovoltaicas de silicio monocristalino lo cual lo permite ser m\u00e1s delgado y ligero que otros en mercado, posee un dise\u00f1o robusto con m\u00e1ximo coeficiente de temperatura, un alto desempe\u00f1o de 1.100 a 1.200 nm y excelente rendimiento en condiciones de baja luz\t\t\t<\/div>\n\t\t<\/div>\n\t\t\t<\/div>\n\t\t\t\t<\/div>\n\t\t\t\t<\/div>\n\t\t\t\t\t\t<\/div>\n\t\t\t\t\t<\/div>\n\t\t<\/div>\n\t\t\t\t\t\t\t\t<\/div>\n\t\t\t\t\t<\/div>\n\t\t<\/section>\n\t\t\t\t\t\t<\/div>\n\t\t\t\t\t<\/div>\n\t\t<\/div>\n\t\t\t\t\t\t\t\t<\/div>\n\t\t\t\t\t<\/div>\n\t\t<\/section>\n\t\t\t\t<section class=\"elementor-section elementor-top-section elementor-element elementor-element-e22a9ba elementor-section-boxed elementor-section-gap-beside-yes elementor-section-height-default elementor-section-height-default elementor-section-column-vertical-align-stretch\" data-id=\"e22a9ba\" data-element_type=\"section\">\n\t\t\t\t\t\t<div class=\"elementor-container elementor-column-gap-extended\">\n\t\t\t\t\t\t\t<div class=\"elementor-row\">\n\t\t\t\t\t<div class=\"elementor-column elementor-col-100 elementor-top-column elementor-element elementor-element-739a181\" data-id=\"739a181\" data-element_type=\"column\">\n\t\t\t<div class=\"elementor-column-wrap elementor-element-populated\">\n\t\t\t\t\t\t\t<div class=\"elementor-widget-wrap\">\n\t\t\t\t\t\t<div class=\"elementor-element elementor-element-40fde81 elementor-invisible elementor-widget elementor-widget-tm-heading\" data-id=\"40fde81\" data-element_type=\"widget\" data-settings=\"{&quot;_animation&quot;:&quot;billeyFadeInUp&quot;}\" data-widget_type=\"tm-heading.default\">\n\t\t\t\t<div class=\"elementor-widget-container\">\n\t\t\t\t\t<div class=\"tm-modern-heading\">\n\t\t\t\n\t\t\t\t\t<div class=\"heading-primary-wrap\">\n\t\t\t<h2 class=\"heading-primary elementor-heading-title\">Nuestros paneles solares tienen 12 a\u00f1os de garant\u00eda y una vida \u00fatil estimada de 25 a\u00f1os.<\/h2>\t\t<\/div>\n\t\t\n\t\t\t\n\t\t\t\t\t<\/div>\n\t\t\t\t<\/div>\n\t\t\t\t<\/div>\n\t\t\t\t\t\t<\/div>\n\t\t\t\t\t<\/div>\n\t\t<\/div>\n\t\t\t\t\t\t\t\t<\/div>\n\t\t\t\t\t<\/div>\n\t\t<\/section>\n\t\t\t\t<section class=\"elementor-section elementor-top-section elementor-element elementor-element-79fdbc3 elementor-section-boxed elementor-section-gap-beside-yes elementor-section-height-default elementor-section-height-default elementor-section-column-vertical-align-stretch\" data-id=\"79fdbc3\" data-element_type=\"section\">\n\t\t\t\t\t\t<div class=\"elementor-container elementor-column-gap-extended\">\n\t\t\t\t\t\t\t<div class=\"elementor-row\">\n\t\t\t\t\t<div class=\"elementor-column elementor-col-100 elementor-top-column elementor-element elementor-element-1f7c5f0\" data-id=\"1f7c5f0\" data-element_type=\"column\">\n\t\t\t<div class=\"elementor-column-wrap elementor-element-populated\">\n\t\t\t\t\t\t\t<div class=\"elementor-widget-wrap\">\n\t\t\t\t\t\t<section class=\"elementor-section elementor-inner-section elementor-element elementor-element-32bd295 elementor-section-gap-beside-no elementor-section-boxed elementor-section-height-default elementor-section-height-default elementor-section-column-vertical-align-stretch\" data-id=\"32bd295\" data-element_type=\"section\">\n\t\t\t\t\t\t<div class=\"elementor-container elementor-column-gap-extended\">\n\t\t\t\t\t\t\t<div class=\"elementor-row\">\n\t\t\t\t\t<div class=\"elementor-column elementor-col-33 elementor-inner-column elementor-element elementor-element-a2fbea2\" data-id=\"a2fbea2\" data-element_type=\"column\">\n\t\t\t<div class=\"elementor-column-wrap elementor-element-populated\">\n\t\t\t\t\t\t\t<div class=\"elementor-widget-wrap\">\n\t\t\t\t\t\t<div class=\"elementor-element elementor-element-bdc775b elementor-vertical-align-middle elementor-position-top elementor-invisible elementor-widget elementor-widget-image-box\" data-id=\"bdc775b\" data-element_type=\"widget\" data-settings=\"{&quot;_animation&quot;:&quot;billeyFadeInUp&quot;}\" data-widget_type=\"image-box.default\">\n\t\t\t\t<div class=\"elementor-widget-container\">\n\t\t\t<div class=\"elementor-image-box-wrapper\"><figure class=\"elementor-image-box-img\"><img width=\"72\" height=\"72\" src=\"https:\/\/demo.webmediaplus.com\/homeups\/wp-content\/uploads\/2020\/09\/Higher-Efficiency.png\" class=\"attachment-full size-full\" alt=\"\" loading=\"lazy\" \/><\/figure><div class=\"elementor-image-box-content\"><h3 class=\"elementor-image-box-title\"> Mayor eficiencia<\/h3><p class=\"elementor-image-box-description\">M\u00f3dulos 365WP con un 7% m\u00e1s de producci\u00f3n de energ\u00eda que el promedio de la industria de m\u00f3dulo policristalino 325Wp<\/p><\/div><\/div>\t\t<\/div>\n\t\t\t\t<\/div>\n\t\t\t\t\t\t<\/div>\n\t\t\t\t\t<\/div>\n\t\t<\/div>\n\t\t\t\t<div class=\"elementor-column elementor-col-33 elementor-inner-column elementor-element elementor-element-0b541b9\" data-id=\"0b541b9\" data-element_type=\"column\">\n\t\t\t<div class=\"elementor-column-wrap elementor-element-populated\">\n\t\t\t\t\t\t\t<div class=\"elementor-widget-wrap\">\n\t\t\t\t\t\t<div class=\"elementor-element elementor-element-eb651bc elementor-vertical-align-middle elementor-position-top elementor-invisible elementor-widget elementor-widget-image-box\" data-id=\"eb651bc\" data-element_type=\"widget\" data-settings=\"{&quot;_animation&quot;:&quot;billeyFadeInUp&quot;}\" data-widget_type=\"image-box.default\">\n\t\t\t\t<div class=\"elementor-widget-container\">\n\t\t\t<div class=\"elementor-image-box-wrapper\"><figure class=\"elementor-image-box-img\"><img width=\"72\" height=\"72\" src=\"https:\/\/demo.webmediaplus.com\/homeups\/wp-content\/uploads\/2020\/09\/Higher-Energy.png\" class=\"attachment-full size-full\" alt=\"\" loading=\"lazy\" \/><\/figure><div class=\"elementor-image-box-content\"><h3 class=\"elementor-image-box-title\">Mayor energ\u00eda<\/h3><p class=\"elementor-image-box-description\">\nRendimiento energ\u00e9tico espec\u00edfico m\u00e1s alto (Kwh \/ Kwp) debido a la ingenier\u00eda superior de celdas y m\u00f3dulos que conduce a un LCOE m\u00e1s bajo. M\u00e1s adecuado para plantas de energ\u00eda a escala de servicios p\u00fablicos.<\/p><\/div><\/div>\t\t<\/div>\n\t\t\t\t<\/div>\n\t\t\t\t\t\t<\/div>\n\t\t\t\t\t<\/div>\n\t\t<\/div>\n\t\t\t\t<div class=\"elementor-column elementor-col-33 elementor-inner-column elementor-element elementor-element-d2c980b\" data-id=\"d2c980b\" data-element_type=\"column\">\n\t\t\t<div class=\"elementor-column-wrap elementor-element-populated\">\n\t\t\t\t\t\t\t<div class=\"elementor-widget-wrap\">\n\t\t\t\t\t\t<div class=\"elementor-element elementor-element-3c59cc4 elementor-vertical-align-middle elementor-position-top elementor-invisible elementor-widget elementor-widget-image-box\" data-id=\"3c59cc4\" data-element_type=\"widget\" data-settings=\"{&quot;_animation&quot;:&quot;billeyFadeInUp&quot;}\" data-widget_type=\"image-box.default\">\n\t\t\t\t<div class=\"elementor-widget-container\">\n\t\t\t<div class=\"elementor-image-box-wrapper\"><figure class=\"elementor-image-box-img\"><img width=\"72\" height=\"72\" src=\"https:\/\/demo.webmediaplus.com\/homeups\/wp-content\/uploads\/2020\/09\/Automatic.png\" class=\"attachment-full size-full\" alt=\"\" loading=\"lazy\" \/><\/figure><div class=\"elementor-image-box-content\"><h3 class=\"elementor-image-box-title\">Completamente automatizado<\/h3><p class=\"elementor-image-box-description\">Fabricado en l\u00ednea 100% automatizada; utilizando tecnolog\u00eda de fabricaci\u00f3n de m\u00f3dulos de \u00faltima generaci\u00f3n.<\/p><\/div><\/div>\t\t<\/div>\n\t\t\t\t<\/div>\n\t\t\t\t\t\t<\/div>\n\t\t\t\t\t<\/div>\n\t\t<\/div>\n\t\t\t\t\t\t\t\t<\/div>\n\t\t\t\t\t<\/div>\n\t\t<\/section>\n\t\t\t\t\t\t<\/div>\n\t\t\t\t\t<\/div>\n\t\t<\/div>\n\t\t\t\t\t\t\t\t<\/div>\n\t\t\t\t\t<\/div>\n\t\t<\/section>\n\t\t\t\t\t\t<\/div>\n\t\t\t\t\t\t<\/div>\n\t\t\t\t\t<\/div>\n\t\t","protected":false},"excerpt":{"rendered":"<p>Disfruta la tranquilad de tu hogar Contamos con paneles solares construido de m\u00faltiples c\u00e9lulas fotovoltaicas de silicio monocristalino lo cual lo permite ser m\u00e1s delgado y ligero que otros en mercado, posee un dise\u00f1o robusto con m\u00e1ximo coeficiente de temperatura, un alto desempe\u00f1o de 1.100 a 1.200 nm y excelente rendimiento en condiciones de baja luz Nuestros paneles solares tienen 12 a\u00f1os de garant\u00eda y una vida \u00fatil estimada de 25 a\u00f1os. Mayor eficiencia M\u00f3dulos 365WP con un 7% m\u00e1s de producci\u00f3n de energ\u00eda que el promedio de la industria de m\u00f3dulo policristalino 325Wp Mayor energ\u00eda Rendimiento energ\u00e9tico espec\u00edfico m\u00e1s alto (Kwh \/ Kwp) debido a la ingenier\u00eda superior de celdas y m\u00f3dulos que conduce a un LCOE m\u00e1s bajo. M\u00e1s adecuado para plantas de energ\u00eda a escala de servicios p\u00fablicos. Completamente automatizado Fabricado en l\u00ednea 100% automatizada; utilizando tecnolog\u00eda de fabricaci\u00f3n de m\u00f3dulos de \u00faltima generaci\u00f3n.<\/p>\n","protected":false},"author":1,"featured_media":0,"parent":0,"menu_order":0,"comment_status":"closed","ping_status":"closed","template":"","meta":[],"yoast_head":"<!-- This site is optimized with the Yoast SEO plugin v18.7 - https:\/\/yoast.com\/wordpress\/plugins\/seo\/ -->\n<title>Paneles Solares - Home UPS Tech<\/title>\n<meta name=\"description\" content=\"Paneles solares construido de m\u00faltiples c\u00e9lulas fotovoltaicas de silicio monocristalino lo cual lo permite ser m\u00e1s delgado y ligero.\" \/>\n<meta name=\"robots\" content=\"index, follow, max-snippet:-1, max-image-preview:large, max-video-preview:-1\" \/>\n<link rel=\"canonical\" href=\"https:\/\/demo.webmediaplus.com\/homeups\/paneles-solares\/\" \/>\n<meta property=\"og:locale\" content=\"en_US\" \/>\n<meta property=\"og:type\" content=\"article\" \/>\n<meta property=\"og:title\" content=\"Paneles Solares - Home UPS Tech\" \/>\n<meta property=\"og:description\" content=\"Paneles solares construido de m\u00faltiples c\u00e9lulas fotovoltaicas de silicio monocristalino lo cual lo permite ser m\u00e1s delgado y ligero.\" \/>\n<meta property=\"og:url\" content=\"https:\/\/demo.webmediaplus.com\/homeups\/paneles-solares\/\" \/>\n<meta property=\"og:site_name\" content=\"Home UPS Tech\" \/>\n<meta property=\"article:modified_time\" content=\"2022-03-01T18:56:10+00:00\" \/>\n<meta property=\"og:image\" content=\"https:\/\/homeupstech.com\/wp-content\/uploads\/2020\/11\/bg-producto-qqkxkqkx.png\" \/>\n<meta name=\"twitter:card\" content=\"summary_large_image\" \/>\n<meta name=\"twitter:label1\" content=\"Est. reading time\" \/>\n\t<meta name=\"twitter:data1\" content=\"2 minutes\" \/>\n<script type=\"application\/ld+json\" class=\"yoast-schema-graph\">{\"@context\":\"https:\/\/schema.org\",\"@graph\":[{\"@type\":\"WebSite\",\"@id\":\"https:\/\/demo.webmediaplus.com\/homeups\/#website\",\"url\":\"https:\/\/demo.webmediaplus.com\/homeups\/\",\"name\":\"Home UPS Tech\",\"description\":\"Home UPS Tech\",\"potentialAction\":[{\"@type\":\"SearchAction\",\"target\":{\"@type\":\"EntryPoint\",\"urlTemplate\":\"https:\/\/demo.webmediaplus.com\/homeups\/?s={search_term_string}\"},\"query-input\":\"required name=search_term_string\"}],\"inLanguage\":\"en-US\"},{\"@type\":\"ImageObject\",\"inLanguage\":\"en-US\",\"@id\":\"https:\/\/demo.webmediaplus.com\/homeups\/paneles-solares\/#primaryimage\",\"url\":\"https:\/\/homeupstech.com\/wp-content\/uploads\/2020\/11\/bg-producto-qqkxkqkx.png\",\"contentUrl\":\"https:\/\/homeupstech.com\/wp-content\/uploads\/2020\/11\/bg-producto-qqkxkqkx.png\"},{\"@type\":\"WebPage\",\"@id\":\"https:\/\/demo.webmediaplus.com\/homeups\/paneles-solares\/#webpage\",\"url\":\"https:\/\/demo.webmediaplus.com\/homeups\/paneles-solares\/\",\"name\":\"Paneles Solares - Home UPS Tech\",\"isPartOf\":{\"@id\":\"https:\/\/demo.webmediaplus.com\/homeups\/#website\"},\"primaryImageOfPage\":{\"@id\":\"https:\/\/demo.webmediaplus.com\/homeups\/paneles-solares\/#primaryimage\"},\"datePublished\":\"2020-09-21T00:43:49+00:00\",\"dateModified\":\"2022-03-01T18:56:10+00:00\",\"description\":\"Paneles solares construido de m\u00faltiples c\u00e9lulas fotovoltaicas de silicio monocristalino lo cual lo permite ser m\u00e1s delgado y ligero.\",\"breadcrumb\":{\"@id\":\"https:\/\/demo.webmediaplus.com\/homeups\/paneles-solares\/#breadcrumb\"},\"inLanguage\":\"en-US\",\"potentialAction\":[{\"@type\":\"ReadAction\",\"target\":[\"https:\/\/demo.webmediaplus.com\/homeups\/paneles-solares\/\"]}]},{\"@type\":\"BreadcrumbList\",\"@id\":\"https:\/\/demo.webmediaplus.com\/homeups\/paneles-solares\/#breadcrumb\",\"itemListElement\":[{\"@type\":\"ListItem\",\"position\":1,\"name\":\"Home\",\"item\":\"https:\/\/demo.webmediaplus.com\/homeups\/\"},{\"@type\":\"ListItem\",\"position\":2,\"name\":\"Paneles Solares\"}]}]}<\/script>\n<!-- \/ Yoast SEO plugin. -->","yoast_head_json":{"title":"Paneles Solares - Home UPS Tech","description":"Paneles solares construido de m\u00faltiples c\u00e9lulas fotovoltaicas de silicio monocristalino lo cual lo permite ser m\u00e1s delgado y ligero.","robots":{"index":"index","follow":"follow","max-snippet":"max-snippet:-1","max-image-preview":"max-image-preview:large","max-video-preview":"max-video-preview:-1"},"canonical":"https:\/\/demo.webmediaplus.com\/homeups\/paneles-solares\/","og_locale":"en_US","og_type":"article","og_title":"Paneles Solares - Home UPS Tech","og_description":"Paneles solares construido de m\u00faltiples c\u00e9lulas fotovoltaicas de silicio monocristalino lo cual lo permite ser m\u00e1s delgado y ligero.","og_url":"https:\/\/demo.webmediaplus.com\/homeups\/paneles-solares\/","og_site_name":"Home UPS Tech","article_modified_time":"2022-03-01T18:56:10+00:00","og_image":[{"url":"https:\/\/homeupstech.com\/wp-content\/uploads\/2020\/11\/bg-producto-qqkxkqkx.png"}],"twitter_card":"summary_large_image","twitter_misc":{"Est. reading time":"2 minutes"},"schema":{"@context":"https:\/\/schema.org","@graph":[{"@type":"WebSite","@id":"https:\/\/demo.webmediaplus.com\/homeups\/#website","url":"https:\/\/demo.webmediaplus.com\/homeups\/","name":"Home UPS Tech","description":"Home UPS Tech","potentialAction":[{"@type":"SearchAction","target":{"@type":"EntryPoint","urlTemplate":"https:\/\/demo.webmediaplus.com\/homeups\/?s={search_term_string}"},"query-input":"required name=search_term_string"}],"inLanguage":"en-US"},{"@type":"ImageObject","inLanguage":"en-US","@id":"https:\/\/demo.webmediaplus.com\/homeups\/paneles-solares\/#primaryimage","url":"https:\/\/homeupstech.com\/wp-content\/uploads\/2020\/11\/bg-producto-qqkxkqkx.png","contentUrl":"https:\/\/homeupstech.com\/wp-content\/uploads\/2020\/11\/bg-producto-qqkxkqkx.png"},{"@type":"WebPage","@id":"https:\/\/demo.webmediaplus.com\/homeups\/paneles-solares\/#webpage","url":"https:\/\/demo.webmediaplus.com\/homeups\/paneles-solares\/","name":"Paneles Solares - Home UPS Tech","isPartOf":{"@id":"https:\/\/demo.webmediaplus.com\/homeups\/#website"},"primaryImageOfPage":{"@id":"https:\/\/demo.webmediaplus.com\/homeups\/paneles-solares\/#primaryimage"},"datePublished":"2020-09-21T00:43:49+00:00","dateModified":"2022-03-01T18:56:10+00:00","description":"Paneles solares construido de m\u00faltiples c\u00e9lulas fotovoltaicas de silicio monocristalino lo cual lo permite ser m\u00e1s delgado y ligero.","breadcrumb":{"@id":"https:\/\/demo.webmediaplus.com\/homeups\/paneles-solares\/#breadcrumb"},"inLanguage":"en-US","potentialAction":[{"@type":"ReadAction","target":["https:\/\/demo.webmediaplus.com\/homeups\/paneles-solares\/"]}]},{"@type":"BreadcrumbList","@id":"https:\/\/demo.webmediaplus.com\/homeups\/paneles-solares\/#breadcrumb","itemListElement":[{"@type":"ListItem","position":1,"name":"Home","item":"https:\/\/demo.webmediaplus.com\/homeups\/"},{"@type":"ListItem","position":2,"name":"Paneles Solares"}]}]}},"_links":{"self":[{"href":"https:\/\/demo.webmediaplus.com\/homeups\/wp-json\/wp\/v2\/pages\/4637"}],"collection":[{"href":"https:\/\/demo.webmediaplus.com\/homeups\/wp-json\/wp\/v2\/pages"}],"about":[{"href":"https:\/\/demo.webmediaplus.com\/homeups\/wp-json\/wp\/v2\/types\/page"}],"author":[{"embeddable":true,"href":"https:\/\/demo.webmediaplus.com\/homeups\/wp-json\/wp\/v2\/users\/1"}],"replies":[{"embeddable":true,"href":"https:\/\/demo.webmediaplus.com\/homeups\/wp-json\/wp\/v2\/comments?post=4637"}],"version-history":[{"count":1,"href":"https:\/\/demo.webmediaplus.com\/homeups\/wp-json\/wp\/v2\/pages\/4637\/revisions"}],"predecessor-version":[{"id":5144,"href":"https:\/\/demo.webmediaplus.com\/homeups\/wp-json\/wp\/v2\/pages\/4637\/revisions\/5144"}],"wp:attachment":[{"href":"https:\/\/demo.webmediaplus.com\/homeups\/wp-json\/wp\/v2\/media?parent=4637"}],"curies":[{"name":"wp","href":"https:\/\/api.w.org\/{rel}","templated":true}]}}