{"id":76,"date":"2024-07-03T11:59:54","date_gmt":"2024-07-03T11:59:54","guid":{"rendered":"https:\/\/demo.webmediaplus.com\/avemsu\/?page_id=76"},"modified":"2024-07-03T15:16:29","modified_gmt":"2024-07-03T15:16:29","slug":"registro-miembros","status":"publish","type":"page","link":"https:\/\/demo.webmediaplus.com\/avemsu\/registro-miembros\/","title":{"rendered":"REGISTRO MIEMBROS"},"content":{"rendered":"<section class=\"l-section wpb_row height_auto\"><div class=\"l-section-h i-cf\"><div class=\"g-cols vc_row via_grid cols_1 laptops-cols_inherit tablets-cols_inherit mobiles-cols_1 valign_top type_default stacking_default\"><div class=\"wpb_column vc_column_container\"><div class=\"vc_column-inner\"><div class=\"wpb_text_column us_custom_014c7a1d\"><div class=\"wpb_wrapper\"><p>Formulario de inscripci\u00f3n para ser <strong>miembro<\/strong> de la Academia Venezolana de Medicina del Sue\u00f1o<\/p>\n<\/div><\/div><div class=\"w-separator size_small\"><\/div><div class=\"wpb_text_column\"><div class=\"wpb_wrapper\">\t<div class='user-registration ur-frontend-form  ' id='user-registration-form-26'>\n\t\t\t\t\t<form method='post' class='register' data-form-id=\"26\"\n\t\t\t\tdata-enable-strength-password=\"\" data-minimum-password-strength=\"3\"\n\t\t\t\t\t\t\t\t\t\t\t\t\t\t\t \"enctype=multipart\/form-data\" \"enctype=multipart\/form-data\" data-captcha-enabled=\"\">\n\n\t\t\t\t<div class=\"ur-form-row\">\t\t\t\t\t\t<div class=\"ur-form-grid ur-grid-1\"\n\t\t\t\t\t\t\tstyle=\"width:48%\">\n\t\t\t\t\t\t\t\t\t\t\t\t\t\t<div  data-field-id=\"user_email\" class=\"ur-field-item field-user_email \" data-ref-id=\"user_email\">\n\t\t\t\t\t\t\t\t\t<div class=\"form-row validate-required\" id=\"user_email_field\" data-priority=\"\" ><label for=\"user_email\" class=\"ur-label\">Email <abbr class=\"required\" title=\"required\">*<\/abbr><\/label> <span class=\"input-wrapper\"> <input data-rules=\"\" data-id=\"user_email\" type=\"email\" class=\"input-text  without_icon input-email ur-frontend-field  \" name=\"user_email\" id=\"user_email\" placeholder=\"\"  value=\"\" required=\"required\" data-label=\"Email\" \/> <\/span> <\/div>\t\t\t\t\t\t\t\t<\/div>\n\t\t\t\t\t\t\t\t\t\t\t\t\t\t\t\t<div  data-field-id=\"user_pass\" class=\"ur-field-item field-user_pass \" data-ref-id=\"user_pass\">\n\t\t\t\t\t\t\t\t\t<div class=\"form-row validate-required hide_show_password\" id=\"user_pass_field\" data-priority=\"\"><label for=\"user_pass\" class=\"ur-label\">Contrase\u00f1a <abbr class=\"required\" title=\"required\">*<\/abbr><\/label> <span class=\"input-wrapper\"> <span class=\"password-input-group input-form-field-icons\"><input data-rules=\"\" data-id=\"user_pass\" type=\"password\" class=\"input-text without_icon input-password ur-frontend-field  \" name=\"user_pass\" id=\"user_pass\" placeholder=\"\"  value=\"\" required=\"required\" data-label=\"Contrase\u00f1a\" \/><\/span> <\/span> <\/div>\t\t\t\t\t\t\t\t<\/div>\n\t\t\t\t\t\t\t\t\t\t\t\t\t\t\t\t<div  data-field-id=\"first_name\" class=\"ur-field-item field-first_name \" data-ref-id=\"first_name\">\n\t\t\t\t\t\t\t\t\t<div class=\"form-row validate-required\" id=\"first_name_field\" data-priority=\"\" ><label for=\"first_name\" class=\"ur-label\">Nombre <abbr class=\"required\" title=\"required\">*<\/abbr><\/label> <span class=\"input-wrapper\"> <input data-rules=\"\" data-id=\"first_name\" type=\"text\" class=\"input-text  without_icon input-text ur-frontend-field  \" name=\"first_name\" id=\"first_name\" placeholder=\"\"  value=\"\" required=\"required\" data-label=\"Nombre\" \/> <\/span> <\/div>\t\t\t\t\t\t\t\t<\/div>\n\t\t\t\t\t\t\t\t\t\t\t\t\t\t\t\t<div  data-field-id=\"input_telefono\" class=\"ur-field-item field-text \" data-ref-id=\"input_telefono\">\n\t\t\t\t\t\t\t\t\t<div class=\"form-row validate-required\" id=\"input_telefono_field\" data-priority=\"\" ><label for=\"input_telefono\" class=\"ur-label\">N\u00famero de tel\u00e9fono <abbr class=\"required\" title=\"required\">*<\/abbr><\/label> <span class=\"input-wrapper\"> <input data-rules=\"\" data-id=\"input_telefono\" type=\"text\" class=\"input-text  without_icon input-text ur-frontend-field  \" name=\"input_telefono\" id=\"input_telefono\" placeholder=\"\"  value=\"\" required=\"required\" data-label=\"N\u00famero de tel\u00e9fono\" \/> <\/span> <\/div>\t\t\t\t\t\t\t\t<\/div>\n\t\t\t\t\t\t\t\t\t\t\t\t\t\t<\/div>\n\t\t\t\t\t\t\t\t\t\t\t\t<div class=\"ur-form-grid ur-grid-2\"\n\t\t\t\t\t\t\tstyle=\"width:48%\">\n\t\t\t\t\t\t\t\t\t\t\t\t\t\t<div  data-field-id=\"user_confirm_email\" class=\"ur-field-item field-user_confirm_email \" data-ref-id=\"user_confirm_email\">\n\t\t\t\t\t\t\t\t\t<div class=\"form-row validate-required\" id=\"user_confirm_email_field\" data-priority=\"\" ><label for=\"user_confirm_email\" class=\"ur-label\">Confirmar Email <abbr class=\"required\" title=\"required\">*<\/abbr><\/label> <span class=\"input-wrapper\"> <input data-rules=\"\" data-id=\"user_confirm_email\" type=\"email\" class=\"input-text  without_icon input-email ur-frontend-field  \" name=\"user_confirm_email\" id=\"user_confirm_email\" placeholder=\"\"  value=\"\" required=\"required\" data-label=\"Confirmar Email\" \/> <\/span> <\/div>\t\t\t\t\t\t\t\t<\/div>\n\t\t\t\t\t\t\t\t\t\t\t\t\t\t\t\t<div  data-field-id=\"user_confirm_password\" class=\"ur-field-item field-user_confirm_password \" data-ref-id=\"user_confirm_password\">\n\t\t\t\t\t\t\t\t\t<div class=\"form-row validate-required hide_show_password\" id=\"user_confirm_password_field\" data-priority=\"\"><label for=\"user_confirm_password\" class=\"ur-label\">Confirmar contrase\u00f1a <abbr class=\"required\" title=\"required\">*<\/abbr><\/label> <span class=\"input-wrapper\"> <span class=\"password-input-group input-form-field-icons\"><input data-rules=\"\" data-id=\"user_confirm_password\" type=\"password\" class=\"input-text without_icon input-password ur-frontend-field  \" name=\"user_confirm_password\" id=\"user_confirm_password\" placeholder=\"\"  value=\"\" required=\"required\" data-label=\"Confirmar contrase\u00f1a\" \/><\/span> <\/span> <\/div>\t\t\t\t\t\t\t\t<\/div>\n\t\t\t\t\t\t\t\t\t\t\t\t\t\t\t\t<div  data-field-id=\"input_apellido\" class=\"ur-field-item field-text \" data-ref-id=\"input_apellido\">\n\t\t\t\t\t\t\t\t\t<div class=\"form-row validate-required\" id=\"input_apellido_field\" data-priority=\"\" ><label for=\"input_apellido\" class=\"ur-label\">Apellido <abbr class=\"required\" title=\"required\">*<\/abbr><\/label> <span class=\"input-wrapper\"> <input data-rules=\"\" data-id=\"input_apellido\" type=\"text\" class=\"input-text  without_icon input-text ur-frontend-field  \" name=\"input_apellido\" id=\"input_apellido\" placeholder=\"\"  value=\"\" required=\"required\" data-label=\"Apellido\" \/> <\/span> <\/div>\t\t\t\t\t\t\t\t<\/div>\n\t\t\t\t\t\t\t\t\t\t\t\t\t\t\t\t<div  data-field-id=\"input_cedula\" class=\"ur-field-item field-text \" data-ref-id=\"input_cedula\">\n\t\t\t\t\t\t\t\t\t<div class=\"form-row validate-required\" id=\"input_cedula_field\" data-priority=\"\" ><label for=\"input_cedula\" class=\"ur-label\">C\u00e9dula de identidad <abbr class=\"required\" title=\"required\">*<\/abbr><\/label> <span class=\"input-wrapper\"> <input data-rules=\"\" data-id=\"input_cedula\" type=\"text\" class=\"input-text  without_icon input-text ur-frontend-field  \" name=\"input_cedula\" id=\"input_cedula\" placeholder=\"\"  value=\"\" required=\"required\" data-label=\"C\u00e9dula de identidad\" \/> <\/span> <\/div>\t\t\t\t\t\t\t\t<\/div>\n\t\t\t\t\t\t\t\t\t\t\t\t\t\t<\/div>\n\t\t\t\t\t\t\t\t\t\t\t<\/div>\n\t\t\t\t\t<div class=\"ur-form-row\">\t\t\t\t\t\t<div class=\"ur-form-grid ur-grid-1\"\n\t\t\t\t\t\t\tstyle=\"width:99%\">\n\t\t\t\t\t\t\t\t\t\t\t\t\t\t<div  data-field-id=\"radio_experiencia\" class=\"ur-field-item field-radio \" data-ref-id=\"radio_experiencia\">\n\t\t\t\t\t\t\t\t\t<div class=\"form-row \" id=\"radio_experiencia_field\" data-priority=\"\" ><label for=\"Si\" class=\"ur-label\">\u00bfTiene usted experiencia en la interpretaci\u00f3n y reporte de estudios de sue\u00f1o (polisomnograf\u00eda, poligraf\u00eda respiratoria, actigraf\u00eda, entre otros)?<\/label><ul><li class=\"ur-radio-list\"><input data-rules=\"\" data-id=\"radio_experiencia\" type=\"radio\" class=\"input-radio ur-frontend-field  \" value=\"Si\"  name=\"radio_experiencia\" id=\"radio_experiencia_Si\" data-label=\"\u00bfTiene usted experiencia en la interpretaci\u00f3n y reporte de estudios de sue\u00f1o (polisomnograf\u00eda, poligraf\u00eda respiratoria, actigraf\u00eda, entre otros)?\" \/  \/> <label for=\"radio_experiencia_Si\" class=\"radio\">Si<\/label><\/li><li class=\"ur-radio-list\"><input data-rules=\"\" data-id=\"radio_experiencia\" type=\"radio\" class=\"input-radio ur-frontend-field  \" value=\"No\"  name=\"radio_experiencia\" id=\"radio_experiencia_No\" data-label=\"\u00bfTiene usted experiencia en la interpretaci\u00f3n y reporte de estudios de sue\u00f1o (polisomnograf\u00eda, poligraf\u00eda respiratoria, actigraf\u00eda, entre otros)?\" \/  \/> <label for=\"radio_experiencia_No\" class=\"radio\">No<\/label><\/li><\/ul><\/div>\t\t\t\t\t\t\t\t<\/div>\n\t\t\t\t\t\t\t\t\t\t\t\t\t\t\t\t<div  data-field-id=\"radio_1720016480\" class=\"ur-field-item field-radio \" data-ref-id=\"radio_1720016480\">\n\t\t\t\t\t\t\t\t\t<div class=\"form-row \" id=\"radio_1720016480_field\" data-priority=\"\" ><label for=\"Si\" class=\"ur-label\">\u00bfHa recibido entrenamiento en alg\u00fan centro especializado en Medicina del Sue\u00f1o?<\/label><ul><li class=\"ur-radio-list\"><input data-rules=\"\" data-id=\"radio_1720016480\" type=\"radio\" class=\"input-radio ur-frontend-field  \" value=\"Si\"  name=\"radio_1720016480\" id=\"radio_1720016480_Si\" data-label=\"\u00bfHa recibido entrenamiento en alg\u00fan centro especializado en Medicina del Sue\u00f1o?\" \/  \/> <label for=\"radio_1720016480_Si\" class=\"radio\">Si<\/label><\/li><li class=\"ur-radio-list\"><input data-rules=\"\" data-id=\"radio_1720016480\" type=\"radio\" class=\"input-radio ur-frontend-field  \" value=\"No\"  name=\"radio_1720016480\" id=\"radio_1720016480_No\" data-label=\"\u00bfHa recibido entrenamiento en alg\u00fan centro especializado en Medicina del Sue\u00f1o?\" \/  \/> <label for=\"radio_1720016480_No\" class=\"radio\">No<\/label><\/li><\/ul><\/div>\t\t\t\t\t\t\t\t<\/div>\n\t\t\t\t\t\t\t\t\t\t\t\t\t\t\t\t<div  data-field-id=\"textarea_centro\" class=\"ur-field-item field-textarea \" data-ref-id=\"textarea_centro\">\n\t\t\t\t\t\t\t\t\t<div class=\"form-row \" id=\"textarea_centro_field\" data-priority=\"\" ><label for=\"textarea_centro\" class=\"ur-label\">En caso de haber respondido afirmativamente la pregunta anterior \u00bfEn qu\u00e9 centro realiz\u00f3 dicho entrenamiento?<\/label><textarea style=\"margin-bottom:0px;\" data-rules=\"\" data-id=\"textarea_centro\" name=\"textarea_centro\" class=\"input-text ur-frontend-field  \" id=\"textarea_centro\" placeholder=\"\"  rows=\"2\" cols=\"5\"data-label=\"En caso de haber respondido afirmativamente la pregunta anterior \u00bfEn qu\u00e9 centro realiz\u00f3 dicho entrenamiento?\"><\/textarea><div style=\"text-align: right; font-size:14px; color:#737373; margin-top:0px;\"> <div class=\"ur-input-count\" data-count-type=\"characters\" style=\"display: inline-block; margin-right: 1px;\">0<\/div><div style=\"display: inline-block;\">&nbsp;characters<\/div><\/div><\/div>\t\t\t\t\t\t\t\t<\/div>\n\t\t\t\t\t\t\t\t\t\t\t\t\t\t\t\t<div  data-field-id=\"html_1720018130\" class=\"ur-field-item field-html \" data-ref-id=\"html_1720018130\">\n\t\t\t\t\t\t\t\t\t<div class=\"form-row \" id=\"html_1720018130\" data-priority=\"\"><label for=\"Por favor adjuntar los siguientes documentos:\" class=\"ur-label\">Por favor adjuntar los siguientes documentos:<\/label> <input type=\"hidden\" data-rules=\"\" data-id=\"html_1720018130\" value=\"\" class=\" ur-frontend-field \" name=\"html_1720018130\" id=\"html_1720018130\" \/> <div class=\"html_1720018130\"><\/div><\/div>\t\t\t\t\t\t\t\t<\/div>\n\t\t\t\t\t\t\t\t\t\t\t\t\t\t\t\t<div  data-field-id=\"file_cedula\" class=\"ur-field-item field-file \" data-ref-id=\"file_cedula\">\n\t\t\t\t\t\t\t\t\t\t\t<div class=\"urfu-file-upload\" data-id=\"file_cedula\">\n\t\t\t<div class=\"form-row \" id=\"file_cedula_field\" data-priority=\"\">\n\t\t\t\t<label for=\"file_cedula\" class=\"ur-label\">C\u00e9dula de identidad\t\t\t\t\t\t\t\t<\/label>\n\t\t\t\t\t\t<div class=\"dropzone dz-clickable\" id=\"ur_file_cedula\" data-id=\"file_cedula\">\n\t\t\t<div class=\"dz-message \">\n\t\t\t\t<svg xmlns=\"http:\/\/www.w3.org\/2000\/svg\" viewBox=\"0 0 32 32\" width=\"32px\" height=\"32px\" fill=\"#868e96\"><path class=\"cls-1\" d=\"M18.12,17.52,17,16.4V25a1,1,0,0,1-2,0V16.4l-1.12,1.12a1,1,0,0,1-1.42,0,1,1,0,0,1,0-1.41l2.83-2.83a1,1,0,0,1,1.42,0l2.83,2.83a1,1,0,0,1-.71,1.7A1,1,0,0,1,18.12,17.52ZM22,22H20a1,1,0,0,1,0-2h2a4,4,0,0,0,.27-8,1,1,0,0,1-.84-.57,6,6,0,0,0-11.36,1.69,1,1,0,0,1-1,.86H9A3,3,0,0,0,9,20h3a1,1,0,0,1,0,2H9a5,5,0,0,1-.75-9.94A8,8,0,0,1,23,10.1,6,6,0,0,1,22,22Z\"><\/path><\/svg>\n\t\t\t\t<span class=\"user-registration-file-upload-title\">\n\t\t\t\t\tDrop your file here or click here to upload\t\t\t\t<\/span>\n\t\t\t\t<span class=\"user-registration-file-upload-hint\">\n\t\t\t\t\tYou can upload up to 1 files\t\t\t\t<\/span>\n\t\t\t<\/div>\n\t\t\t<span class=\"urfu-upload-node\" style=\"height: 0;width: 0;margin: 0;padding: 0;float: left;border: 0;overflow: hidden;\">\n\t\t\t\t<input type=\"file\" multiple>\n\t\t\t\t<input data-rules=\"\" type=\"text\" class=\"urfu-file-input dropzone-input input-text ur-frontend-field  \" name=\"file_cedula\" id=\"file_cedula\" placeholder=\"\"  value=\"\" data-label=&quot;C\u00e9dula de identidad&quot; data-max-file-number=\"1\" data-max-file-limit=\"1\" data-max-upload-size-limit=\"1024\" data-valid-file-type=\"application\/pdf, application\/msword, image\/jpeg\" \/>\t\t\t<\/span>\n\t\t\t\t\t<\/div>\n\t\t\t\t\t<\/div>\n\t\t<\/div>\n\n\t\t\t\t\t\t\t\t\t\t<\/div>\n\t\t\t\t\t\t\t\t\t\t\t\t\t\t\t\t<div  data-field-id=\"file_titulo\" class=\"ur-field-item field-file \" data-ref-id=\"file_titulo\">\n\t\t\t\t\t\t\t\t\t\t\t<div class=\"urfu-file-upload\" data-id=\"file_titulo\">\n\t\t\t<div class=\"form-row \" id=\"file_titulo_field\" data-priority=\"\">\n\t\t\t\t<label for=\"file_titulo\" class=\"ur-label\">T\u00edtulo universitario\t\t\t\t\t\t\t\t<\/label>\n\t\t\t\t\t\t<div class=\"dropzone dz-clickable\" id=\"ur_file_titulo\" data-id=\"file_titulo\">\n\t\t\t<div class=\"dz-message \">\n\t\t\t\t<svg xmlns=\"http:\/\/www.w3.org\/2000\/svg\" viewBox=\"0 0 32 32\" width=\"32px\" height=\"32px\" fill=\"#868e96\"><path class=\"cls-1\" d=\"M18.12,17.52,17,16.4V25a1,1,0,0,1-2,0V16.4l-1.12,1.12a1,1,0,0,1-1.42,0,1,1,0,0,1,0-1.41l2.83-2.83a1,1,0,0,1,1.42,0l2.83,2.83a1,1,0,0,1-.71,1.7A1,1,0,0,1,18.12,17.52ZM22,22H20a1,1,0,0,1,0-2h2a4,4,0,0,0,.27-8,1,1,0,0,1-.84-.57,6,6,0,0,0-11.36,1.69,1,1,0,0,1-1,.86H9A3,3,0,0,0,9,20h3a1,1,0,0,1,0,2H9a5,5,0,0,1-.75-9.94A8,8,0,0,1,23,10.1,6,6,0,0,1,22,22Z\"><\/path><\/svg>\n\t\t\t\t<span class=\"user-registration-file-upload-title\">\n\t\t\t\t\tDrop your file here or click here to upload\t\t\t\t<\/span>\n\t\t\t\t<span class=\"user-registration-file-upload-hint\">\n\t\t\t\t\tYou can upload up to 1 files\t\t\t\t<\/span>\n\t\t\t<\/div>\n\t\t\t<span class=\"urfu-upload-node\" style=\"height: 0;width: 0;margin: 0;padding: 0;float: left;border: 0;overflow: hidden;\">\n\t\t\t\t<input type=\"file\" multiple>\n\t\t\t\t<input data-rules=\"\" type=\"text\" class=\"urfu-file-input dropzone-input input-text ur-frontend-field  \" name=\"file_titulo\" id=\"file_titulo\" placeholder=\"\"  value=\"\" data-label=&quot;T\u00edtulo universitario&quot; data-max-file-number=\"1\" data-max-file-limit=\"1\" data-max-upload-size-limit=\"1024\" data-valid-file-type=\"application\/pdf, application\/msword, image\/jpeg\" \/>\t\t\t<\/span>\n\t\t\t\t\t<\/div>\n\t\t\t\t\t<\/div>\n\t\t<\/div>\n\n\t\t\t\t\t\t\t\t\t\t<\/div>\n\t\t\t\t\t\t\t\t\t\t\t\t\t\t\t\t<div  data-field-id=\"file_especialidad\" class=\"ur-field-item field-file \" data-ref-id=\"file_especialidad\">\n\t\t\t\t\t\t\t\t\t\t\t<div class=\"urfu-file-upload\" data-id=\"file_especialidad\">\n\t\t\t<div class=\"form-row \" id=\"file_especialidad_field\" data-priority=\"\">\n\t\t\t\t<label for=\"file_especialidad\" class=\"ur-label\">T\u00edtulo de especialidad en caso de poseerla\t\t\t\t\t\t\t\t<\/label>\n\t\t\t\t\t\t<div class=\"dropzone dz-clickable\" id=\"ur_file_especialidad\" data-id=\"file_especialidad\">\n\t\t\t<div class=\"dz-message \">\n\t\t\t\t<svg xmlns=\"http:\/\/www.w3.org\/2000\/svg\" viewBox=\"0 0 32 32\" width=\"32px\" height=\"32px\" fill=\"#868e96\"><path class=\"cls-1\" d=\"M18.12,17.52,17,16.4V25a1,1,0,0,1-2,0V16.4l-1.12,1.12a1,1,0,0,1-1.42,0,1,1,0,0,1,0-1.41l2.83-2.83a1,1,0,0,1,1.42,0l2.83,2.83a1,1,0,0,1-.71,1.7A1,1,0,0,1,18.12,17.52ZM22,22H20a1,1,0,0,1,0-2h2a4,4,0,0,0,.27-8,1,1,0,0,1-.84-.57,6,6,0,0,0-11.36,1.69,1,1,0,0,1-1,.86H9A3,3,0,0,0,9,20h3a1,1,0,0,1,0,2H9a5,5,0,0,1-.75-9.94A8,8,0,0,1,23,10.1,6,6,0,0,1,22,22Z\"><\/path><\/svg>\n\t\t\t\t<span class=\"user-registration-file-upload-title\">\n\t\t\t\t\tDrop your file here or click here to upload\t\t\t\t<\/span>\n\t\t\t\t<span class=\"user-registration-file-upload-hint\">\n\t\t\t\t\tYou can upload up to 1 files\t\t\t\t<\/span>\n\t\t\t<\/div>\n\t\t\t<span class=\"urfu-upload-node\" style=\"height: 0;width: 0;margin: 0;padding: 0;float: left;border: 0;overflow: hidden;\">\n\t\t\t\t<input type=\"file\" multiple>\n\t\t\t\t<input data-rules=\"\" type=\"text\" class=\"urfu-file-input dropzone-input input-text ur-frontend-field  \" name=\"file_especialidad\" id=\"file_especialidad\" placeholder=\"\"  value=\"\" data-label=&quot;T\u00edtulo de especialidad en caso de poseerla&quot; data-max-file-number=\"1\" data-max-file-limit=\"1\" data-max-upload-size-limit=\"1024\" data-valid-file-type=\"application\/pdf, application\/msword, image\/jpeg\" \/>\t\t\t<\/span>\n\t\t\t\t\t<\/div>\n\t\t\t\t\t<\/div>\n\t\t<\/div>\n\n\t\t\t\t\t\t\t\t\t\t<\/div>\n\t\t\t\t\t\t\t\t\t\t\t\t\t\t\t\t<div  data-field-id=\"file_investigacion\" class=\"ur-field-item field-file \" data-ref-id=\"file_investigacion\">\n\t\t\t\t\t\t\t\t\t\t\t<div class=\"urfu-file-upload\" data-id=\"file_investigacion\">\n\t\t\t<div class=\"form-row \" id=\"file_investigacion_field\" data-priority=\"\">\n\t\t\t\t<label for=\"file_investigacion\" class=\"ur-label\">Trabajo de investigaci\u00f3n en el \u00e1rea de medicina del sue\u00f1o en caso de poseerlo\t\t\t\t\t\t\t\t<\/label>\n\t\t\t\t\t\t<div class=\"dropzone dz-clickable\" id=\"ur_file_investigacion\" data-id=\"file_investigacion\">\n\t\t\t<div class=\"dz-message \">\n\t\t\t\t<svg xmlns=\"http:\/\/www.w3.org\/2000\/svg\" viewBox=\"0 0 32 32\" width=\"32px\" height=\"32px\" fill=\"#868e96\"><path class=\"cls-1\" d=\"M18.12,17.52,17,16.4V25a1,1,0,0,1-2,0V16.4l-1.12,1.12a1,1,0,0,1-1.42,0,1,1,0,0,1,0-1.41l2.83-2.83a1,1,0,0,1,1.42,0l2.83,2.83a1,1,0,0,1-.71,1.7A1,1,0,0,1,18.12,17.52ZM22,22H20a1,1,0,0,1,0-2h2a4,4,0,0,0,.27-8,1,1,0,0,1-.84-.57,6,6,0,0,0-11.36,1.69,1,1,0,0,1-1,.86H9A3,3,0,0,0,9,20h3a1,1,0,0,1,0,2H9a5,5,0,0,1-.75-9.94A8,8,0,0,1,23,10.1,6,6,0,0,1,22,22Z\"><\/path><\/svg>\n\t\t\t\t<span class=\"user-registration-file-upload-title\">\n\t\t\t\t\tDrop your file here or click here to upload\t\t\t\t<\/span>\n\t\t\t\t<span class=\"user-registration-file-upload-hint\">\n\t\t\t\t\tYou can upload up to 1 files\t\t\t\t<\/span>\n\t\t\t<\/div>\n\t\t\t<span class=\"urfu-upload-node\" style=\"height: 0;width: 0;margin: 0;padding: 0;float: left;border: 0;overflow: hidden;\">\n\t\t\t\t<input type=\"file\" multiple>\n\t\t\t\t<input data-rules=\"\" type=\"text\" class=\"urfu-file-input dropzone-input input-text ur-frontend-field  \" name=\"file_investigacion\" id=\"file_investigacion\" placeholder=\"\"  value=\"\" data-label=&quot;Trabajo de investigaci\u00f3n en el \u00e1rea de medicina del sue\u00f1o en caso de poseerlo&quot; data-max-file-number=\"1\" data-max-file-limit=\"1\" data-max-upload-size-limit=\"1024\" data-valid-file-type=\"application\/pdf, application\/msword, image\/jpeg\" \/>\t\t\t<\/span>\n\t\t\t\t\t<\/div>\n\t\t\t\t\t<\/div>\n\t\t<\/div>\n\n\t\t\t\t\t\t\t\t\t\t<\/div>\n\t\t\t\t\t\t\t\t\t\t\t\t\t\t\t\t<div  data-field-id=\"file_curriculum\" class=\"ur-field-item field-file \" data-ref-id=\"file_curriculum\">\n\t\t\t\t\t\t\t\t\t\t\t<div class=\"urfu-file-upload\" data-id=\"file_curriculum\">\n\t\t\t<div class=\"form-row \" id=\"file_curriculum_field\" data-priority=\"\">\n\t\t\t\t<label for=\"file_curriculum\" class=\"ur-label\">Curr\u00edculum\t\t\t\t\t\t\t\t<\/label>\n\t\t\t\t\t\t<div class=\"dropzone dz-clickable\" id=\"ur_file_curriculum\" data-id=\"file_curriculum\">\n\t\t\t<div class=\"dz-message \">\n\t\t\t\t<svg xmlns=\"http:\/\/www.w3.org\/2000\/svg\" viewBox=\"0 0 32 32\" width=\"32px\" height=\"32px\" fill=\"#868e96\"><path class=\"cls-1\" d=\"M18.12,17.52,17,16.4V25a1,1,0,0,1-2,0V16.4l-1.12,1.12a1,1,0,0,1-1.42,0,1,1,0,0,1,0-1.41l2.83-2.83a1,1,0,0,1,1.42,0l2.83,2.83a1,1,0,0,1-.71,1.7A1,1,0,0,1,18.12,17.52ZM22,22H20a1,1,0,0,1,0-2h2a4,4,0,0,0,.27-8,1,1,0,0,1-.84-.57,6,6,0,0,0-11.36,1.69,1,1,0,0,1-1,.86H9A3,3,0,0,0,9,20h3a1,1,0,0,1,0,2H9a5,5,0,0,1-.75-9.94A8,8,0,0,1,23,10.1,6,6,0,0,1,22,22Z\"><\/path><\/svg>\n\t\t\t\t<span class=\"user-registration-file-upload-title\">\n\t\t\t\t\tDrop your file here or click here to upload\t\t\t\t<\/span>\n\t\t\t\t<span class=\"user-registration-file-upload-hint\">\n\t\t\t\t\tYou can upload up to 1 files\t\t\t\t<\/span>\n\t\t\t<\/div>\n\t\t\t<span class=\"urfu-upload-node\" style=\"height: 0;width: 0;margin: 0;padding: 0;float: left;border: 0;overflow: hidden;\">\n\t\t\t\t<input type=\"file\" multiple>\n\t\t\t\t<input data-rules=\"\" type=\"text\" class=\"urfu-file-input dropzone-input input-text ur-frontend-field  \" name=\"file_curriculum\" id=\"file_curriculum\" placeholder=\"\"  value=\"\" data-label=&quot;Curr\u00edculum&quot; data-max-file-number=\"1\" data-max-file-limit=\"1\" data-max-upload-size-limit=\"1024\" data-valid-file-type=\"application\/pdf, application\/msword, image\/jpeg\" \/>\t\t\t<\/span>\n\t\t\t\t\t<\/div>\n\t\t\t\t\t<\/div>\n\t\t<\/div>\n\n\t\t\t\t\t\t\t\t\t\t<\/div>\n\t\t\t\t\t\t\t\t\t\t\t\t\t\t<\/div>\n\t\t\t\t\t\t\t\t\t\t\t<\/div>\n\t\t\t\t\t\t\t\t\t\t\t\t\t\t\t\t\t<div class=\"ur-button-container \" >\n\t\t\t\t\t\t\t\t\t\t\t\t\t\t<button type=\"submit\" class=\"btn button ur-submit-button \" conditional_rules=\"&quot;&quot;\">\n\t\t\t\t\t\t\t\t<span><\/span>\n\t\t\t\t\t\t\t\tEnviar Solicitud\t\t\t\t\t\t\t<\/button>\n\t\t\t\t\t\t\t\t\t\t\t\t\t\t\t\t\t\t\t\t<\/div>\n\t\t\t\t\t\t\n\t\t\t\t<div style=\"clear:both\"><\/div>\n\t\t\t\t\t\t\t\t<input type=\"hidden\" name=\"ur-registration-language\" value=\"es\"\/>\n\t\t\t\t<input type=\"hidden\" name=\"ur-user-form-id\" value=\"26\"\/>\n\t\t\t\t<input type=\"hidden\" name=\"ur-redirect-url\" value=\"\"\/>\n\t\t\t\t<input type=\"hidden\" id=\"ur_frontend_form_nonce\" name=\"ur_frontend_form_nonce\" value=\"6df244f30d\" \/>\n\t\t\t\t\t\t\t<\/form>\n\t\t\t\n\t\t<div style=\"clear:both\"><\/div>\n\t<\/div>\n\n<\/div><\/div><div class=\"w-separator size_small\"><\/div><\/div><\/div><\/div><\/div><\/section>\n","protected":false},"excerpt":{"rendered":"Formulario de inscripci\u00f3n para ser miembro de la Academia Venezolana de Medicina del Sue\u00f1o Email * Contrase\u00f1a * Nombre * N\u00famero de tel\u00e9fono * Confirmar Email * Confirmar contrase\u00f1a * Apellido * C\u00e9dula de identidad * \u00bfTiene usted experiencia en la interpretaci\u00f3n y reporte de estudios de sue\u00f1o (polisomnograf\u00eda, poligraf\u00eda respiratoria, actigraf\u00eda, entre otros)? Si...","protected":false},"author":1,"featured_media":0,"parent":0,"menu_order":0,"comment_status":"closed","ping_status":"closed","template":"","meta":{"footnotes":""},"class_list":["post-76","page","type-page","status-publish","hentry"],"_links":{"self":[{"href":"https:\/\/demo.webmediaplus.com\/avemsu\/wp-json\/wp\/v2\/pages\/76","targetHints":{"allow":["GET"]}}],"collection":[{"href":"https:\/\/demo.webmediaplus.com\/avemsu\/wp-json\/wp\/v2\/pages"}],"about":[{"href":"https:\/\/demo.webmediaplus.com\/avemsu\/wp-json\/wp\/v2\/types\/page"}],"author":[{"embeddable":true,"href":"https:\/\/demo.webmediaplus.com\/avemsu\/wp-json\/wp\/v2\/users\/1"}],"replies":[{"embeddable":true,"href":"https:\/\/demo.webmediaplus.com\/avemsu\/wp-json\/wp\/v2\/comments?post=76"}],"version-history":[{"count":12,"href":"https:\/\/demo.webmediaplus.com\/avemsu\/wp-json\/wp\/v2\/pages\/76\/revisions"}],"predecessor-version":[{"id":99,"href":"https:\/\/demo.webmediaplus.com\/avemsu\/wp-json\/wp\/v2\/pages\/76\/revisions\/99"}],"wp:attachment":[{"href":"https:\/\/demo.webmediaplus.com\/avemsu\/wp-json\/wp\/v2\/media?parent=76"}],"curies":[{"name":"wp","href":"https:\/\/api.w.org\/{rel}","templated":true}]}}