{"id":7,"date":"2024-06-04T15:32:00","date_gmt":"2024-06-04T15:32:00","guid":{"rendered":"https:\/\/demo.webmediaplus.com\/avemsu\/home\/"},"modified":"2024-08-22T17:55:47","modified_gmt":"2024-08-22T17:55:47","slug":"home","status":"publish","type":"page","link":"https:\/\/demo.webmediaplus.com\/avemsu\/","title":{"rendered":"Academia Venezolana de Medicina del Sue\u00f1o"},"content":{"rendered":"<section class=\"l-section wpb_row height_medium\"><div class=\"l-section-h i-cf\"><div class=\"g-cols vc_row via_grid cols_2-1 laptops-cols_inherit tablets-cols_inherit mobiles-cols_1 valign_top type_default stacking_default\"><div class=\"wpb_column vc_column_container\"><div class=\"vc_column-inner\"><div class=\"wpb_text_column us_custom_01131ca4\"><div class=\"wpb_wrapper\"><p>Bienvenido a la comunidad de la Academia Venezolana de Medicina del Sue\u00f1o<\/p>\n<\/div><\/div><div class=\"w-separator size_small\"><\/div><div class=\"wpb_text_column\"><div class=\"wpb_wrapper\"><p>\u00a1Bienvenido al sitio web para miembros y suscriptores de la Academia Venezolana de Medicina del Sue\u00f1o! Aqu\u00ed te podr\u00e1s registrar para ser miembro de la Academia o registrarte para ser suscriptor y acceder a recursos de la comunidad.<\/p>\n<p>\u00bfTienes preguntas sobre tu membres\u00eda? Contacta con la oficina administrativa de la a Academia Venezolana de Medicina del Sue\u00f1o en info@avemsuoficial.com para recibir soporte.<\/p>\n<p>Si no eres miembro o suscriptor, puedes <a href=\"https:\/\/demo.webmediaplus.com\/avemsu\/registration\/\"><strong>registrarte aqu\u00ed.<\/strong><\/a><\/p>\n<\/div><\/div><\/div><\/div><div class=\"wpb_column vc_column_container\"><div class=\"vc_column-inner\"><div class=\"wpb_text_column us_custom_15d1cbf7\"><div class=\"wpb_wrapper\"><p><strong>Iniciar Sesi\u00f3n<\/strong><\/p>\n<div id=\"user-registration\" class=\"user-registration\">\n\n\n<div class=\"ur-frontend-form login \" id=\"ur-frontend-form\">\n\n\t<form class=\"user-registration-form user-registration-form-login login\" method=\"post\">\n\t\t<div class=\"ur-form-row\">\n\t\t\t<div class=\"ur-form-grid\">\n\t\t\t\t\t\t\t\t\t\t\t\t\t\t<p class=\"user-registration-form-row user-registration-form-row--wide form-row form-row-wide\">\n\t\t\t\t\t\t<label for=\"username\">Nombre de usuario o Email <span class=\"required\">*<\/span><\/label>\t\t\t\t\t\t<span class=\"input-wrapper\">\n\t\t\t\t\t\t<input placeholder=\"\" type=\"text\" class=\"user-registration-Input user-registration-Input--text input-text\" name=\"username\" id=\"username\" value=\"\" style=\"\"\/>\n\t\t\t\t\t\t\t\t\t\t\t\t<\/span>\n\t\t\t\t\t<\/p>\n\t\t\t\t\t\t\t\t\t\t<p class=\"user-registration-form-row user-registration-form-row--wide form-row form-row-wide\">\n\t\t\t\t\t\t<label for=\"password\">Contrase\u00f1a <span class=\"required\">*<\/span><\/label>\t\t\t\t\t\t<span class=\"input-wrapper\">\n\t\t\t\t\t\t<span class=\"password-input-group\">\n\t\t\t\t\t\t<input placeholder=\"\" class=\"user-registration-Input user-registration-Input--text input-text\" type=\"password\" name=\"password\" id=\"password\" style=\"\" \/>\n\n\t\t\t\t\t\t\t\t\t\t\t\t\t\t\t\t\t\t<\/span>\n\t\t\t\t\t<\/p>\n\t\t\t\t\t\t\t\t\t\t\n\t\t\t\t\t\n\t\t\t\t\t<p class=\"form-row\">\n\t\t\t\t\t\t<input type=\"hidden\" id=\"user-registration-login-nonce\" name=\"user-registration-login-nonce\" value=\"1caf9372ab\" \/><input type=\"hidden\" name=\"_wp_http_referer\" value=\"\/avemsu\/wp-json\/wp\/v2\/pages\/7\" \/>\t\t\t\t\t\t<div>\n\t\t\t\t\t\t\t\t\t\t\t\t\t\t\t\t\t\t\t\t<input type=\"submit\" class=\"user-registration-Button button \" name=\"login\" value=\"Ingresar\" \/>\n\t\t\t\t\t\t\t\t\t\t\t\t\t<\/div>\n\t\t\t\t\t\t<input type=\"hidden\" name=\"redirect\" value=\"https:\/\/demo.webmediaplus.com\/avemsu\/recursos\/\" \/>\n\t\t\t\t\t\t\t\t\t\t\t\t\t\t<label class=\"user-registration-form__label user-registration-form__label-for-checkbox inline\">\n\t\t\t\t\t\t\t\t\t<input class=\"user-registration-form__input user-registration-form__input-checkbox\" name=\"rememberme\" type=\"checkbox\" id=\"rememberme\" value=\"forever\" \/> <span>Recu\u00e9rdame<\/span>\n\t\t\t\t\t\t\t\t<\/label>\n\t\t\t\t\t\t\t\t\t\t\t\t<\/p>\n\n\t\t\t\t\t\t\t\t\t\t\t\t\t<p class=\"user-registration-LostPassword lost_password\">\n\t\t\t\t\t\t\t\t\t<a href=\"https:\/\/demo.webmediaplus.com\/avemsu\/my-account\/lost-password\/\">Perd\u00ed mi contrase\u00f1a<\/a>\n\t\t\t\t\t\t\t\t<\/p>\n\t\t\t\t\t\t\n\t\t\t\t\t<p class=\"user-registration-register register\">\t\t\t\t\t\t\t\t<a href=\"https:\/\/demo.webmediaplus.com\/avemsu\/registration\/\"> \u00bfA\u00fan no eres miembro? Reg\u00edstrate ahora.\t\t\t\t\t\t\t\t\t<\/a>\n\t\t\t\t\t\t\t\t<\/p>\t\t\t\t\t\t\t\t<\/div>\n\t\t<\/div>\n\t<\/form>\n\n<\/div>\n\n<\/div>\n<\/div><\/div><div class=\"wpb_text_column\"><div class=\"wpb_wrapper\"><\/div><\/div><div class=\"w-separator size_small\"><\/div><div class=\"w-image align_center\"><div class=\"w-image-h\"><img decoding=\"async\" width=\"1920\" height=\"1484\" src=\"https:\/\/demo.webmediaplus.com\/avemsu\/wp-content\/uploads\/2024\/06\/congreso.webp\" class=\"attachment-full size-full\" alt=\"\" loading=\"lazy\" srcset=\"https:\/\/demo.webmediaplus.com\/avemsu\/wp-content\/uploads\/2024\/06\/congreso.webp 1920w, https:\/\/demo.webmediaplus.com\/avemsu\/wp-content\/uploads\/2024\/06\/congreso-300x232.webp 300w, https:\/\/demo.webmediaplus.com\/avemsu\/wp-content\/uploads\/2024\/06\/congreso-1024x791.webp 1024w\" sizes=\"auto, (max-width: 1920px) 100vw, 1920px\" \/><\/div><\/div><\/div><\/div><\/div><\/div><\/section>\n","protected":false},"excerpt":{"rendered":"Bienvenido a la comunidad de la Academia Venezolana de Medicina del Sue\u00f1o \u00a1Bienvenido al sitio web para miembros y suscriptores de la Academia Venezolana de Medicina del Sue\u00f1o! Aqu\u00ed te podr\u00e1s registrar para ser miembro de la Academia o registrarte para ser suscriptor y acceder a recursos de la comunidad. \u00bfTienes preguntas sobre tu membres\u00eda?...","protected":false},"author":1,"featured_media":0,"parent":0,"menu_order":0,"comment_status":"closed","ping_status":"closed","template":"","meta":{"footnotes":""},"class_list":["post-7","page","type-page","status-publish","hentry"],"_links":{"self":[{"href":"https:\/\/demo.webmediaplus.com\/avemsu\/wp-json\/wp\/v2\/pages\/7","targetHints":{"allow":["GET"]}}],"collection":[{"href":"https:\/\/demo.webmediaplus.com\/avemsu\/wp-json\/wp\/v2\/pages"}],"about":[{"href":"https:\/\/demo.webmediaplus.com\/avemsu\/wp-json\/wp\/v2\/types\/page"}],"author":[{"embeddable":true,"href":"https:\/\/demo.webmediaplus.com\/avemsu\/wp-json\/wp\/v2\/users\/1"}],"replies":[{"embeddable":true,"href":"https:\/\/demo.webmediaplus.com\/avemsu\/wp-json\/wp\/v2\/comments?post=7"}],"version-history":[{"count":24,"href":"https:\/\/demo.webmediaplus.com\/avemsu\/wp-json\/wp\/v2\/pages\/7\/revisions"}],"predecessor-version":[{"id":125,"href":"https:\/\/demo.webmediaplus.com\/avemsu\/wp-json\/wp\/v2\/pages\/7\/revisions\/125"}],"wp:attachment":[{"href":"https:\/\/demo.webmediaplus.com\/avemsu\/wp-json\/wp\/v2\/media?parent=7"}],"curies":[{"name":"wp","href":"https:\/\/api.w.org\/{rel}","templated":true}]}}