{"id":61,"date":"2024-06-06T13:33:51","date_gmt":"2024-06-06T13:33:51","guid":{"rendered":"https:\/\/demo.webmediaplus.com\/avemsu\/?page_id=61"},"modified":"2024-09-17T12:07:54","modified_gmt":"2024-09-17T12:07:54","slug":"tienda","status":"publish","type":"page","link":"https:\/\/demo.webmediaplus.com\/avemsu\/tienda\/","title":{"rendered":"TIENDA"},"content":{"rendered":"<h1>TIENDA<\/h1>\n<p><strong>Pr\u00f3ximamente en nuestra tienda virtual<\/strong>, encontrar\u00e1s una variedad de productos dise\u00f1ados para promover la salud del sue\u00f1o y apoyar nuestras iniciativas educativas.<\/p>\n<p>Desde materiales promocionales con nuestra encantadora mascota Zoey la pereza, hasta productos para mejorar la calidad del sue\u00f1o.<\/p>\n<p>Cada compra contribuye a nuestras actividades educativas y de investigaci\u00f3n, ayud\u00e1ndonos a seguir promoviendo la importancia de un buen descanso.<\/p>\n<p><strong>\u00a1Gracias por apoyar nuestra misi\u00f3n!<\/strong><\/p>\n<p><img loading=\"lazy\" decoding=\"async\" class=\"alignnone wp-image-152 \" src=\"https:\/\/demo.webmediaplus.com\/avemsu\/wp-content\/uploads\/2024\/09\/hola.jpg\" alt=\"\" width=\"327\" height=\"376\" srcset=\"https:\/\/demo.webmediaplus.com\/avemsu\/wp-content\/uploads\/2024\/09\/hola.jpg 484w, https:\/\/demo.webmediaplus.com\/avemsu\/wp-content\/uploads\/2024\/09\/hola-261x300.jpg 261w\" sizes=\"auto, (max-width: 327px) 100vw, 327px\" \/><\/p>\n","protected":false},"excerpt":{"rendered":"<p>TIENDA Pr\u00f3ximamente en nuestra tienda virtual, encontrar\u00e1s una variedad de productos dise\u00f1ados para promover la salud del sue\u00f1o y apoyar nuestras iniciativas educativas. Desde materiales promocionales con nuestra encantadora mascota Zoey la pereza, hasta productos para mejorar la calidad del sue\u00f1o. Cada compra contribuye a nuestras actividades educativas y de investigaci\u00f3n, ayud\u00e1ndonos a seguir promoviendo&#8230;<\/p>\n","protected":false},"author":1,"featured_media":0,"parent":0,"menu_order":0,"comment_status":"closed","ping_status":"closed","template":"","meta":{"footnotes":""},"class_list":["post-61","page","type-page","status-publish","hentry"],"_links":{"self":[{"href":"https:\/\/demo.webmediaplus.com\/avemsu\/wp-json\/wp\/v2\/pages\/61","targetHints":{"allow":["GET"]}}],"collection":[{"href":"https:\/\/demo.webmediaplus.com\/avemsu\/wp-json\/wp\/v2\/pages"}],"about":[{"href":"https:\/\/demo.webmediaplus.com\/avemsu\/wp-json\/wp\/v2\/types\/page"}],"author":[{"embeddable":true,"href":"https:\/\/demo.webmediaplus.com\/avemsu\/wp-json\/wp\/v2\/users\/1"}],"replies":[{"embeddable":true,"href":"https:\/\/demo.webmediaplus.com\/avemsu\/wp-json\/wp\/v2\/comments?post=61"}],"version-history":[{"count":10,"href":"https:\/\/demo.webmediaplus.com\/avemsu\/wp-json\/wp\/v2\/pages\/61\/revisions"}],"predecessor-version":[{"id":156,"href":"https:\/\/demo.webmediaplus.com\/avemsu\/wp-json\/wp\/v2\/pages\/61\/revisions\/156"}],"wp:attachment":[{"href":"https:\/\/demo.webmediaplus.com\/avemsu\/wp-json\/wp\/v2\/media?parent=61"}],"curies":[{"name":"wp","href":"https:\/\/api.w.org\/{rel}","templated":true}]}}